{"id":1403,"date":"2018-06-14T18:54:42","date_gmt":"2018-06-14T22:54:42","guid":{"rendered":"https:\/\/honmatokyo.ca\/?page_id=1403"},"modified":"2021-02-11T15:46:21","modified_gmt":"2021-02-11T20:46:21","slug":"contact","status":"publish","type":"page","link":"https:\/\/honmatokyo.ca\/fr\/contact\/","title":{"rendered":"Contact"},"content":{"rendered":"\n\t<script type=\"text\/javascript\">\n  jQuery( document ).ready(function() {\n    function initialize() {\n        var styles = {\n            'flatsome':  [{\n            \"featureType\": \"administrative\",\n            \"stylers\": [\n              { \"visibility\": \"on\" }\n            ]\n          },\n          {\n            \"featureType\": \"road\",\n            \"stylers\": [\n              { \"visibility\": \"on\" },\n              { \"hue\": \"\" }\n            ]\n          },\n          {\n            \"stylers\": [\n\t\t\t  { \"visibility\": \"on\" },\n\t\t\t  { \"hue\": \"\" },\n\t\t\t  { \"saturation\": -20 }\n            ]\n          }\n        ]};\n\n        var myLatlng = new google.maps.LatLng(45.505764639424, -73.585042117293);\n        var myOptions = {\n            zoom: 9,\n            center: myLatlng,\n            mapTypeId: google.maps.MapTypeId.ROADMAP,\n            disableDefaultUI: true,\n            mapTypeId: 'flatsome',\n            draggable: true,\n            zoomControl: true,\n            zoomControlOptions: {\n              position: google.maps.ControlPosition.TOP_LEFT\n            },\n      \t\t\t\/\/ panControl: true,\n            \/\/ panControlOptions: {\n            \/\/   position: google.maps.ControlPosition.TOP_LEFT\n            \/\/ },\n      \t\t\tmapTypeControl: true,\n            mapTypeControlOptions: {\n              position: google.maps.ControlPosition.TOP_LEFT\n            },\n      \t\t\t\/\/ scaleControl: true,\n            \/\/ scaleControlOptions: {\n            \/\/   position: google.maps.ControlPosition.TOP_LEFT\n            \/\/ },\n      \t\t\tstreetViewControl: true,\n            streetViewControlOptions: {\n              position: google.maps.ControlPosition.TOP_LEFT\n            },\n      \t\t\t\/\/ overviewMapControl: true,\n            \/\/ overviewMapControlOptions: {\n            \/\/   position: google.maps.ControlPosition.TOP_LEFT\n            \/\/ },\n            scrollwheel: false,\n            disableDoubleClickZoom: true\n        }\n        var map = new google.maps.Map(document.getElementById(\"map-1568911040-inner\"), myOptions);\n        var styledMapType = new google.maps.StyledMapType(styles['flatsome'], {name: 'flatsome'});\n        map.mapTypes.set('flatsome', styledMapType);\n\n        var marker = new google.maps.Marker({\n            position: myLatlng,\n            map: map,\n            title:\"\"\n        });\n    }\n\n    \/\/ Required to proceed\n    if (!(typeof google === 'object' && typeof google.maps === 'object')) {\n      return\n    }\n\n    initialize()\n    google.maps.event.addDomListener(window, 'resize', initialize);\n    });\n    <\/script>\n\n    <div class=\"google-map relative mb\" id=\"map-1568911040\">\n        <div class=\"map-height\" id=\"map-1568911040-inner\"><\/div>\n        <div id=\"map_overlay_top\"><\/div>\n        <div id=\"map_overlay_bottom\"><\/div>\n         \n       \n<style>\n#map-1568911040 .map-inner {\n  background-color: #fff;\n  max-width: 34%;\n}\n#map-1568911040 .map-height {\n  height: 400px;\n}\n<\/style>\n    <\/div>\n\n\t\n<div class=\"row\"  id=\"row-1109498648\">\n\n\t<div id=\"col-21661888\" class=\"col medium-6 large-6\"  >\n\t\t\t\t<div class=\"col-inner\"  >\n\t\t\t\n\t\t\t\n<div class=\"container section-title-container\" ><h3 class=\"section-title section-title-normal\"><b><\/b><span class=\"section-title-main\" >Foire aux questions<\/span><b><\/b><\/h3><\/div>\n<p class=\"lead\">S\u2019il vous pla\u00eet lire notre FAQ avant de nous envoyer un message.<\/p>\n<div class=\"accordion\">\n<div id=\"accordion-2841254964\" class=\"accordion-item\"><a id=\"accordion-2841254964-label\" href=\"#\" class=\"accordion-title plain\" aria-expanded=\"false\" aria-controls=\"accordion-2841254964-content\"><button class=\"toggle\" aria-label=\"Toggle\"><i class=\"icon-angle-down\"><\/i><\/button><span>Quels sont les frais de livraison pour les commandes dans la Boutique en ligne?<\/span><\/a><div id=\"accordion-2841254964-content\" class=\"accordion-inner\" aria-labelledby=\"accordion-2841254964-label\">\n<p>Pour la plupart des produits, Honma Tokyo Canada offre les frais de livraison forfaitaires standard par commande de 15,00 $.<\/p>\n<h4>Les commandes sont exp\u00e9di\u00e9es par Dicom Express:<\/h4>\n<ul>\n<li>Ontario (ON)<\/li>\n<li>Qu\u00e9bec (QC)<\/li>\n<\/ul>\n<p>Livraison 2-3 jours*<\/p>\n<p>*Toute commande plac\u00e9e avant 11:00 (du mardi au vendredi) sera envoy\u00e9e la journ\u00e9e m\u00eame.<\/p>\n<h4>Les commandes sont exp\u00e9di\u00e9es par Postes Canada:<\/h4>\n<ul>\n<li>Alberta (AB)<\/li>\n<li>Colombie-Britannique (CB)<\/li>\n<li>\u00cele-du-Prince-\u00c9douard (PE)<\/li>\n<li>Manitoba (MB)<\/li>\n<li>Nouveau-Brunswick (NB)<\/li>\n<li>Nouvelle-\u00c9cosse (NS)<\/li>\n<li>Nunavut (NU)<\/li>\n<li>Saskatchewan (SK)<\/li>\n<li>Terre-Neuve-et-Labrador (NL)<\/li>\n<li>Territoires du Nord-Ouest (NT)<\/li>\n<li>Yukon (YT)<\/li>\n<\/ul>\n<p>Livraison en 2-8 jours*<\/p>\n<p>*Toute commande plac\u00e9e avant 11:00 (du mardi au vendredi) sera envoy\u00e9e la journ\u00e9e m\u00eame.<\/p>\n<\/div><\/div>\n<div id=\"accordion-1178131614\" class=\"accordion-item\"><a id=\"accordion-1178131614-label\" href=\"#\" class=\"accordion-title plain\" aria-expanded=\"false\" aria-controls=\"accordion-1178131614-content\"><button class=\"toggle\" aria-label=\"Toggle\"><i class=\"icon-angle-down\"><\/i><\/button><span>Quelles m\u00e9thodes de paiement sont accept\u00e9es dans la Boutique en ligne?<\/span><\/a><div id=\"accordion-1178131614-content\" class=\"accordion-inner\" aria-labelledby=\"accordion-1178131614-label\">\n<p>Nous acceptons les paiements par carte de cr\u00e9dit (VISA \/ MasterCard \/ AMERICAN EXPRESS)<\/p>\n<\/div><\/div>\n<div id=\"accordion-1235541565\" class=\"accordion-item\"><a id=\"accordion-1235541565-label\" href=\"#\" class=\"accordion-title plain\" aria-expanded=\"false\" aria-controls=\"accordion-1235541565-content\"><button class=\"toggle\" aria-label=\"Toggle\"><i class=\"icon-angle-down\"><\/i><\/button><span>Combien de temps prendra la livraison?<\/span><\/a><div id=\"accordion-1235541565-content\" class=\"accordion-inner\" aria-labelledby=\"accordion-1235541565-label\">\n<ul>\n<li>Ontario (ON)<\/li>\n<li>Qu\u00e9bec (QC)<\/li>\n<\/ul>\n<p>Livraison 2-3 jours*<\/p>\n<p>*Toute commande plac\u00e9e avant 11:00 (du mardi au vendredi) sera envoy\u00e9e la journ\u00e9e m\u00eame.<\/p>\n<ul>\n<li>Alberta (AB)<\/li>\n<li>Colombie-Britannique (CB)<\/li>\n<li>\u00cele-du-Prince-\u00c9douard (PE)<\/li>\n<li>Manitoba (MB)<\/li>\n<li>Nouveau-Brunswick (NB)<\/li>\n<li>Nouvelle-\u00c9cosse (NS)<\/li>\n<li>Nunavut (NU)<\/li>\n<li>Saskatchewan (SK)<\/li>\n<li>Terre-Neuve-et-Labrador (NL)<\/li>\n<li>Territoires du Nord-Ouest (NT)<\/li>\n<li>Yukon (YT)<\/li>\n<\/ul>\n<p>Livraison en 2-8 jours*<\/p>\n<p>*Toute commande plac\u00e9e avant 11:00 (du mardi au vendredi) sera envoy\u00e9e la journ\u00e9e m\u00eame.<\/p>\n<p>Veuillez noter qu\u2019il peut y avoir des retards dans de rares occasions ou dans des r\u00e9gions \u00e9loign\u00e9es.<\/p>\n<\/div><\/div>\n<div id=\"accordion-3967053937\" class=\"accordion-item\"><a id=\"accordion-3967053937-label\" href=\"#\" class=\"accordion-title plain\" aria-expanded=\"false\" aria-controls=\"accordion-3967053937-content\"><button class=\"toggle\" aria-label=\"Toggle\"><i class=\"icon-angle-down\"><\/i><\/button><span>Dans quelle mesure les achats dans la Boutique en ligne sont-ils s\u00e9curis\u00e9s ? Mes donn\u00e9es sont-elles prot\u00e9g\u00e9es?<\/span><\/a><div id=\"accordion-3967053937-content\" class=\"accordion-inner\" aria-labelledby=\"accordion-3967053937-label\">\n<p>Vos donn\u00e9es seront trait\u00e9es en toute confidentialit\u00e9 et encrypt\u00e9es avec un logiciel de serveur s\u00e9curis\u00e9 SSL (Secure-Socket-Layer). Les informations encrypt\u00e9es de votre commande, votre nom, adresse, carte de cr\u00e9dit ou d\u00e9tails bancaires ne peuvent \u00eatre lues par un tiers. Les paiements par carte de cr\u00e9dit seront aussi v\u00e9rifi\u00e9s par la proc\u00e9dure s\u00e9curis\u00e9 3D secure.<\/p>\n<\/div><\/div>\n<div id=\"accordion-2785627040\" class=\"accordion-item\"><a id=\"accordion-2785627040-label\" href=\"#\" class=\"accordion-title plain\" aria-expanded=\"false\" aria-controls=\"accordion-2785627040-content\"><button class=\"toggle\" aria-label=\"Toggle\"><i class=\"icon-angle-down\"><\/i><\/button><span>Que se passe-t-il exactement apr\u00e8s la commande?<\/span><\/a><div id=\"accordion-2785627040-content\" class=\"accordion-inner\" aria-labelledby=\"accordion-2785627040-label\">\n<p>Apr\u00e8s la commande, vous recevrez rapidement une confirmation de commande par e-mail. Une fois la commande a \u00e9t\u00e9 trait\u00e9e dans notre base de donn\u00e9es, le colis partira de notre entrep\u00f4t le m\u00eame jour, ou, au plus tard, le jour ouvrable suivant.<\/p>\n<\/div><\/div>\n<div id=\"accordion-1527922089\" class=\"accordion-item\"><a id=\"accordion-1527922089-label\" href=\"#\" class=\"accordion-title plain\" aria-expanded=\"false\" aria-controls=\"accordion-1527922089-content\"><button class=\"toggle\" aria-label=\"Toggle\"><i class=\"icon-angle-down\"><\/i><\/button><span>Est-ce que je re\u00e7ois une facture pour ma commande?<\/span><\/a><div id=\"accordion-1527922089-content\" class=\"accordion-inner\" aria-labelledby=\"accordion-1527922089-label\">\n<p>Oui. Vous recevrez votre facture au format PDF par e-mail lorsque votre commande est envoy\u00e9 pour vous.<\/p>\n<\/div><\/div>\n<\/div>\n\t\t<\/div>\n\t\t\t\t\t<\/div>\n\n\t\n\n\t<div id=\"col-2026241011\" class=\"col medium-6 large-6\"  >\n\t\t\t\t<div class=\"col-inner\"  >\n\t\t\t\n\t\t\t\n<div class=\"container section-title-container\" ><h3 class=\"section-title section-title-normal\"><b><\/b><span class=\"section-title-main\" >Contactez nous!<\/span><b><\/b><\/h3><\/div>\n<p>Si apr\u00e8s 24 heures vous n\u2019avez toujours pas re\u00e7u d\u2019e-mail de Honma Tokyo Canada, on vous invite \u00e0 regarder dans votre dossier spams\/courriers ind\u00e9sirables.<\/p>\n<p><span style=\"color: #ed1c24;\">Pour \u00eatre s\u00fbr de recevoir la correspondance de Honma Tokyo Canada, nous vous conseillons d\u2019ajouter notre adresse <span style=\"color: #282828;\">(info@honmatokyo.ca)<\/span> \u00e0 votre carnet d\u2019adresse ou \u00e0 votre liste d\u2019adresses autoris\u00e9es.<\/span><\/p>\n<p>\u00a0<\/p>\n<div id=\"quform-625538\" class=\"quform quform-4 quform-theme-light quform-support-page-caching\"><form id=\"quform-form-625538\" class=\"quform-form quform-form-4\" action=\"\/fr\/wp-json\/wp\/v2\/pages\/1403#quform-625538\" method=\"post\" enctype=\"multipart\/form-data\" novalidate=\"novalidate\" data-options=\"{&quot;id&quot;:4,&quot;uniqueId&quot;:&quot;625538&quot;,&quot;theme&quot;:&quot;light&quot;,&quot;ajax&quot;:true,&quot;logic&quot;:{&quot;logic&quot;:[],&quot;dependents&quot;:[],&quot;elementIds&quot;:[],&quot;dependentElementIds&quot;:[],&quot;animate&quot;:true},&quot;currentPageId&quot;:1,&quot;errorsIcon&quot;:&quot;&quot;,&quot;updateFancybox&quot;:true,&quot;hasPages&quot;:false,&quot;pages&quot;:[1],&quot;pageProgressType&quot;:&quot;numbers&quot;,&quot;tooltipsEnabled&quot;:true,&quot;tooltipClasses&quot;:&quot;qtip-quform-dark qtip-shadow&quot;,&quot;tooltipMy&quot;:&quot;left center&quot;,&quot;tooltipAt&quot;:&quot;right center&quot;,&quot;isRtl&quot;:false,&quot;scrollOffset&quot;:-50,&quot;scrollSpeed&quot;:800}\"><button class=\"quform-default-submit\" name=\"quform_submit\" type=\"submit\" value=\"submit\"><\/button><div class=\"quform-form-inner quform-form-inner-4\"><input type=\"hidden\" name=\"quform_form_id\" value=\"4\" \/><input type=\"hidden\" name=\"quform_form_uid\" value=\"625538\" \/><input type=\"hidden\" name=\"quform_count\" value=\"1\" \/><input type=\"hidden\" name=\"form_url\" value=\"https:\/\/honmatokyo.ca\/fr\/wp-json\/wp\/v2\/pages\/1403\" \/><input type=\"hidden\" name=\"referring_url\" value=\"\" \/><input type=\"hidden\" name=\"post_id\" value=\"\" \/><input type=\"hidden\" name=\"post_title\" value=\"\" \/><input type=\"hidden\" name=\"quform_current_page_id\" value=\"1\" \/><input type=\"hidden\" name=\"quform_csrf_token\" value=\"TiGPgm1on8Y6mHPJmMW3EEPq9eVx0vDmxJ5JR8gG\" \/><div class=\"quform-elements quform-elements-4 quform-cf quform-responsive-elements-phone-landscape\"><div class=\"quform-element quform-element-page quform-page-1 quform-page-4_1 quform-cf quform-group-style-plain quform-first-page quform-last-page quform-current-page\"><div class=\"quform-child-elements\"><div class=\"quform-element quform-element-text quform-element-4_3 quform-cf quform-element-required\"><div class=\"quform-spacer\"><div class=\"quform-label quform-label-4_3\"><label class=\"quform-label-text\" for=\"quform_4_3_625538\">Votre nom<span class=\"quform-required\">*<\/span><\/label><\/div><div class=\"quform-inner quform-inner-text quform-inner-4_3\"><div class=\"quform-input quform-input-text quform-input-4_3 quform-cf\"><input type=\"text\" id=\"quform_4_3_625538\" name=\"quform_4_3\" class=\"quform-field quform-field-text quform-field-4_3\" \/><\/div><\/div><\/div><\/div><div class=\"quform-element quform-element-email quform-element-4_5 quform-cf quform-element-required\"><div class=\"quform-spacer\"><div class=\"quform-label quform-label-4_5\"><label class=\"quform-label-text\" for=\"quform_4_5_625538\">Votre courriel<span class=\"quform-required\">*<\/span><\/label><\/div><div class=\"quform-inner quform-inner-email quform-inner-4_5\"><div class=\"quform-input quform-input-email quform-input-4_5 quform-cf\"><input type=\"email\" id=\"quform_4_5_625538\" name=\"quform_4_5\" class=\"quform-field quform-field-email quform-field-4_5\" \/><\/div><\/div><\/div><\/div><div class=\"quform-element quform-element-textarea quform-element-4_6 quform-cf quform-element-required\"><div class=\"quform-spacer\"><div class=\"quform-label quform-label-4_6\"><label class=\"quform-label-text\" for=\"quform_4_6_625538\">Commentaires<span class=\"quform-required\">*<\/span><\/label><\/div><div class=\"quform-inner quform-inner-textarea quform-inner-4_6\"><div class=\"quform-input quform-input-textarea quform-input-4_6 quform-cf\"><textarea id=\"quform_4_6_625538\" name=\"quform_4_6\" class=\"quform-field quform-field-textarea quform-field-4_6\"><\/textarea><\/div><\/div><\/div><\/div><div class=\"quform-element quform-element-recaptcha quform-element-4_8 quform-cf quform-element-required\"><div class=\"quform-spacer\"><div class=\"quform-label quform-label-4_8\"><label class=\"quform-label-text\">Are you human?<span class=\"quform-required\">*<\/span><\/label><\/div><div class=\"quform-inner quform-inner-recaptcha quform-inner-4_8\"><div class=\"quform-input quform-input-recaptcha quform-input-4_8 quform-cf\"><div class=\"quform-recaptcha\" data-config=\"{&quot;sitekey&quot;:&quot;6LdUuW8rAAAAAGOq7EdxOUxNedAKeUH8pzBkMnf9&quot;,&quot;_version&quot;:&quot;v2&quot;,&quot;size&quot;:&quot;normal&quot;,&quot;type&quot;:&quot;image&quot;,&quot;theme&quot;:&quot;light&quot;,&quot;badge&quot;:&quot;bottomright&quot;}\"><\/div><noscript><div><div style=\"width: 302px; height: 422px; position: relative;\"><div style=\"width: 302px; height: 422px; position: absolute;\"><iframe src=\"https:\/\/www.google.com\/recaptcha\/api\/fallback?k=6LdUuW8rAAAAAGOq7EdxOUxNedAKeUH8pzBkMnf9\" frameborder=\"0\" scrolling=\"no\" style=\"width: 302px; height:422px; border-style: none;\"><\/iframe><\/div><\/div><div style=\"width: 300px; height: 60px; border-style: none; bottom: 12px; left: 25px; margin: 0px; padding: 0px; right: 25px; background: #f9f9f9; border: 1px solid #c1c1c1; border-radius: 3px;\"><textarea name=\"g-recaptcha-response\" class=\"g-recaptcha-response\" style=\"width: 250px; height: 40px; border: 1px solid #c1c1c1; margin: 10px 25px; padding: 0px; resize: none;\"><\/textarea><\/div><\/div><\/noscript><\/div><\/div><\/div><\/div><div class=\"quform-element quform-element-submit quform-element-4_2 quform-cf quform-button-style-theme\"><div class=\"quform-button-submit quform-button-submit-default quform-button-submit-4_2\"><button name=\"quform_submit\" type=\"submit\" class=\"quform-submit\" value=\"submit\"><span class=\"quform-button-text quform-button-submit-text\">Soumettre<\/span><\/button><\/div><div class=\"quform-loading quform-loading-position-left quform-loading-type-spinner-1\"><div class=\"quform-loading-inner\"><div class=\"quform-loading-spinner\"><div class=\"quform-loading-spinner-inner\"><\/div><\/div><\/div><\/div><\/div><div class=\"quform-element-tree\"><label for=\"quform_4_0_625538\">Ce champ devrait \u00eatre laiss\u00e9 vide<\/label><input type=\"text\" id=\"quform_4_0_625538\" name=\"quform_4_0\" class=\"quform-field quform-field-tree quform-field-4_0\" tabindex=\"-1\" autocomplete=\"off\" \/><\/div><\/div><\/div><\/div><\/div><\/form><\/div>\n\t\t<\/div>\n\t\t\t\t\t<\/div>\n\n\t\n<\/div>\n<div class=\"container section-title-container\" style=\"margin-top:30px;\"><h3 class=\"section-title section-title-center\"><b><\/b><span class=\"section-title-main\" ><i class=\"icon-instagram\" ><\/i>Suivez-nous sur Instagram<\/span><b><\/b><\/h3><\/div>\nCould not scrape from Instagram (scraping is a deprecated method to retrieve images).\n<p>&nbsp;<\/p>\n","protected":false},"excerpt":{"rendered":"<p>&nbsp;<\/p>\n","protected":false},"author":1,"featured_media":1275,"parent":0,"menu_order":0,"comment_status":"closed","ping_status":"closed","template":"page-blank.php","meta":{"_glsr_average":0,"_glsr_ranking":0,"_glsr_reviews":0},"yoast_head":"<!-- This site is optimized with the Yoast SEO plugin v20.10 - https:\/\/yoast.com\/wordpress\/plugins\/seo\/ -->\n<title>Contact - Honma Tokyo Canada<\/title>\n<meta name=\"robots\" content=\"index, follow, max-snippet:-1, max-image-preview:large, max-video-preview:-1\" \/>\n<link rel=\"canonical\" href=\"https:\/\/honmatokyo.ca\/contact\/\" \/>\n<meta property=\"og:locale\" content=\"fr_FR\" \/>\n<meta property=\"og:type\" content=\"article\" \/>\n<meta property=\"og:title\" content=\"Contact - Honma Tokyo Canada\" \/>\n<meta property=\"og:description\" content=\"&nbsp;\" \/>\n<meta property=\"og:url\" content=\"https:\/\/honmatokyo.ca\/contact\/\" \/>\n<meta property=\"og:site_name\" content=\"Honma Tokyo Canada\" \/>\n<meta property=\"article:modified_time\" content=\"2021-02-11T20:46:21+00:00\" \/>\n<meta property=\"og:image\" content=\"https:\/\/honmatokyo.ca\/wp-content\/uploads\/2016\/08\/dummy-1.jpg\" \/>\n\t<meta property=\"og:image:width\" content=\"400\" \/>\n\t<meta property=\"og:image:height\" content=\"260\" \/>\n\t<meta property=\"og:image:type\" content=\"image\/jpeg\" \/>\n<meta name=\"twitter:card\" content=\"summary_large_image\" \/>\n<meta name=\"twitter:label1\" content=\"Dur\u00e9e de lecture estim\u00e9e\" \/>\n\t<meta name=\"twitter:data1\" content=\"3 minutes\" \/>\n<script type=\"application\/ld+json\" class=\"yoast-schema-graph\">{\"@context\":\"https:\/\/schema.org\",\"@graph\":[{\"@type\":\"WebPage\",\"@id\":\"https:\/\/honmatokyo.ca\/contact\/\",\"url\":\"https:\/\/honmatokyo.ca\/contact\/\",\"name\":\"Contact - Honma Tokyo Canada\",\"isPartOf\":{\"@id\":\"https:\/\/honmatokyo.ca\/#website\"},\"datePublished\":\"2018-06-14T22:54:42+00:00\",\"dateModified\":\"2021-02-11T20:46:21+00:00\",\"breadcrumb\":{\"@id\":\"https:\/\/honmatokyo.ca\/contact\/#breadcrumb\"},\"inLanguage\":\"fr-FR\",\"potentialAction\":[{\"@type\":\"ReadAction\",\"target\":[\"https:\/\/honmatokyo.ca\/contact\/\"]}]},{\"@type\":\"BreadcrumbList\",\"@id\":\"https:\/\/honmatokyo.ca\/contact\/#breadcrumb\",\"itemListElement\":[{\"@type\":\"ListItem\",\"position\":1,\"name\":\"Home\",\"item\":\"https:\/\/honmatokyo.ca\/fr\/\"},{\"@type\":\"ListItem\",\"position\":2,\"name\":\"Contact\"}]},{\"@type\":\"WebSite\",\"@id\":\"https:\/\/honmatokyo.ca\/#website\",\"url\":\"https:\/\/honmatokyo.ca\/\",\"name\":\"Honma Tokyo Canada\",\"description\":\"Les produits professionnels pour la transformation, traitement et entretien des cheveux\\r\\n\",\"publisher\":{\"@id\":\"https:\/\/honmatokyo.ca\/#organization\"},\"potentialAction\":[{\"@type\":\"SearchAction\",\"target\":{\"@type\":\"EntryPoint\",\"urlTemplate\":\"https:\/\/honmatokyo.ca\/?s={search_term_string}\"},\"query-input\":\"required name=search_term_string\"}],\"inLanguage\":\"fr-FR\"},{\"@type\":\"Organization\",\"@id\":\"https:\/\/honmatokyo.ca\/#organization\",\"name\":\"Honma Tokyo Canada\",\"url\":\"https:\/\/honmatokyo.ca\/\",\"logo\":{\"@type\":\"ImageObject\",\"inLanguage\":\"fr-FR\",\"@id\":\"https:\/\/honmatokyo.ca\/#\/schema\/logo\/image\/\",\"url\":\"https:\/\/honmatokyo.ca\/wp-content\/uploads\/2018\/06\/Logo-Honma.png\",\"contentUrl\":\"https:\/\/honmatokyo.ca\/wp-content\/uploads\/2018\/06\/Logo-Honma.png\",\"width\":3342,\"height\":784,\"caption\":\"Honma Tokyo Canada\"},\"image\":{\"@id\":\"https:\/\/honmatokyo.ca\/#\/schema\/logo\/image\/\"},\"sameAs\":[\"https:\/\/www.instagram.com\/honmatokyocanada\/\"]}]}<\/script>\n<!-- \/ Yoast SEO plugin. -->","yoast_head_json":{"title":"Contact - Honma Tokyo Canada","robots":{"index":"index","follow":"follow","max-snippet":"max-snippet:-1","max-image-preview":"max-image-preview:large","max-video-preview":"max-video-preview:-1"},"canonical":"https:\/\/honmatokyo.ca\/contact\/","og_locale":"fr_FR","og_type":"article","og_title":"Contact - Honma Tokyo Canada","og_description":"&nbsp;","og_url":"https:\/\/honmatokyo.ca\/contact\/","og_site_name":"Honma Tokyo Canada","article_modified_time":"2021-02-11T20:46:21+00:00","og_image":[{"width":400,"height":260,"url":"https:\/\/honmatokyo.ca\/wp-content\/uploads\/2016\/08\/dummy-1.jpg","type":"image\/jpeg"}],"twitter_card":"summary_large_image","twitter_misc":{"Dur\u00e9e de lecture estim\u00e9e":"3 minutes"},"schema":{"@context":"https:\/\/schema.org","@graph":[{"@type":"WebPage","@id":"https:\/\/honmatokyo.ca\/contact\/","url":"https:\/\/honmatokyo.ca\/contact\/","name":"Contact - Honma Tokyo Canada","isPartOf":{"@id":"https:\/\/honmatokyo.ca\/#website"},"datePublished":"2018-06-14T22:54:42+00:00","dateModified":"2021-02-11T20:46:21+00:00","breadcrumb":{"@id":"https:\/\/honmatokyo.ca\/contact\/#breadcrumb"},"inLanguage":"fr-FR","potentialAction":[{"@type":"ReadAction","target":["https:\/\/honmatokyo.ca\/contact\/"]}]},{"@type":"BreadcrumbList","@id":"https:\/\/honmatokyo.ca\/contact\/#breadcrumb","itemListElement":[{"@type":"ListItem","position":1,"name":"Home","item":"https:\/\/honmatokyo.ca\/fr\/"},{"@type":"ListItem","position":2,"name":"Contact"}]},{"@type":"WebSite","@id":"https:\/\/honmatokyo.ca\/#website","url":"https:\/\/honmatokyo.ca\/","name":"Honma Tokyo Canada","description":"Les produits professionnels pour la transformation, traitement et entretien des cheveux\r\n","publisher":{"@id":"https:\/\/honmatokyo.ca\/#organization"},"potentialAction":[{"@type":"SearchAction","target":{"@type":"EntryPoint","urlTemplate":"https:\/\/honmatokyo.ca\/?s={search_term_string}"},"query-input":"required name=search_term_string"}],"inLanguage":"fr-FR"},{"@type":"Organization","@id":"https:\/\/honmatokyo.ca\/#organization","name":"Honma Tokyo Canada","url":"https:\/\/honmatokyo.ca\/","logo":{"@type":"ImageObject","inLanguage":"fr-FR","@id":"https:\/\/honmatokyo.ca\/#\/schema\/logo\/image\/","url":"https:\/\/honmatokyo.ca\/wp-content\/uploads\/2018\/06\/Logo-Honma.png","contentUrl":"https:\/\/honmatokyo.ca\/wp-content\/uploads\/2018\/06\/Logo-Honma.png","width":3342,"height":784,"caption":"Honma Tokyo Canada"},"image":{"@id":"https:\/\/honmatokyo.ca\/#\/schema\/logo\/image\/"},"sameAs":["https:\/\/www.instagram.com\/honmatokyocanada\/"]}]}},"_links":{"self":[{"href":"https:\/\/honmatokyo.ca\/fr\/wp-json\/wp\/v2\/pages\/1403"}],"collection":[{"href":"https:\/\/honmatokyo.ca\/fr\/wp-json\/wp\/v2\/pages"}],"about":[{"href":"https:\/\/honmatokyo.ca\/fr\/wp-json\/wp\/v2\/types\/page"}],"author":[{"embeddable":true,"href":"https:\/\/honmatokyo.ca\/fr\/wp-json\/wp\/v2\/users\/1"}],"replies":[{"embeddable":true,"href":"https:\/\/honmatokyo.ca\/fr\/wp-json\/wp\/v2\/comments?post=1403"}],"version-history":[{"count":3,"href":"https:\/\/honmatokyo.ca\/fr\/wp-json\/wp\/v2\/pages\/1403\/revisions"}],"predecessor-version":[{"id":3914,"href":"https:\/\/honmatokyo.ca\/fr\/wp-json\/wp\/v2\/pages\/1403\/revisions\/3914"}],"wp:featuredmedia":[{"embeddable":true,"href":"https:\/\/honmatokyo.ca\/fr\/wp-json\/wp\/v2\/media\/1275"}],"wp:attachment":[{"href":"https:\/\/honmatokyo.ca\/fr\/wp-json\/wp\/v2\/media?parent=1403"}],"curies":[{"name":"wp","href":"https:\/\/api.w.org\/{rel}","templated":true}]}}