{"id":2741,"date":"2019-03-05T17:09:53","date_gmt":"2019-03-05T22:09:53","guid":{"rendered":"https:\/\/honmatokyo.ca\/?page_id=2741"},"modified":"2019-03-07T01:15:14","modified_gmt":"2019-03-07T06:15:14","slug":"coffee-premium-keratine","status":"publish","type":"page","link":"https:\/\/honmatokyo.ca\/fr\/nos-produits\/coffee-premium-keratine\/","title":{"rendered":"COFFEE PREMIUM &#8211; K\u00c9RATINE"},"content":{"rendered":"<div class=\"container section-title-container\" ><h3 class=\"section-title section-title-normal\"><b><\/b><span class=\"section-title-main\" >COFFEE PREMIUM - K\u00c9RATINE<\/span><b><\/b><\/h3><\/div>\n<div class=\"row\"  id=\"row-1840429129\">\n\n\t<div id=\"col-1634028841\" class=\"col small-12 large-12\"  >\n\t\t\t\t<div class=\"col-inner\"  >\n\t\t\t\n\t\t\t\n<div id=\"tab-description\" class=\"panel entry-content active\">\n<h2><img decoding=\"async\" class=\"wp-image-510 alignleft\" src=\"https:\/\/honmatokyo.ca\/wp-content\/uploads\/2018\/05\/Coffee-Premium-croped.png\" alt=\"\" width=\"336\" height=\"310\" \/><\/h2>\n<div id=\"tab-description\" class=\"panel entry-content active\">\n<h2>Lissage progressif, \u00e9limine les frisottis, revitalise, hydrate, restructure, \u00e9clat naturel<\/h2>\n<p>Coffee Premium est un syst\u00e8me innovatif pour les traitement cosm\u00e9tique des cheveux, riche en acides amin\u00e9s de k\u00e9ratine et prot\u00e9ines. Sa formule fournit une combinaison parfaite de l\u2019Extrait Glycolique du Caf\u00e9, les actives de Marine Bio Cationique et Luna Matrix associ\u00e9s avec prot\u00e9ine de bl\u00e9 qui agit profond\u00e9ment sur les racines, r\u00e9duisant la porosit\u00e9, cr\u00e9ant une couche protectrice flexible, fournissant le volume, l\u2019\u00e9quilibre, les cuticules plus uniformes et align\u00e9es, ainsi que fournissant la douceur, l\u2019hydratation et la brillance intense aux cheveux. Il agit directement \u00e0 partir du cortex, prolongeant son action assouplissante et restructurant jusqu\u2019\u00e0 la cuticule.<\/p>\n<h3>LE MEILLEURE TRAITEMENT \u00c0 LA K\u00c9RATINE!<\/h3>\n<p>&nbsp;<\/p>\n<div class=\"container section-title-container\">\n<h3 class=\"section-title section-title-center\"><b><\/b><span class=\"section-title-main\">Application \u00e9tape par \u00e9tape<\/span><b><\/b><\/h3>\n<\/div>\n<ol>\n<li>Apr\u00e8s avoir mouill\u00e9 les cheveux, appliquez une petite quantit\u00e9 de shampooing clarifiant Deep Cleaning (\u00e9tape 1), massez dans les racines et sur la longueur de cheveux jusqu\u2019\u00e0 pointes. Faire 3 shampoignes (5-6 minutes chaque fois).<\/li>\n<li>Rincez bien, ne laissez aucun r\u00e9sidu du produit.<\/li>\n<li>S\u00e9chez les cheveux \u00e0 100% (pas besoin de brosse).<\/li>\n<li>Appliquez le produit Max Reduction &amp; Liss (\u00e9tape 2) m\u00e8che par m\u00e8che \u00e0 1 cm de la racine, alignant les m\u00e8ches de cheveux avec une peigne \u00e0 dents fins.<\/li>\n<li>Laisser agir 30-40 minutes (utilisez le cap pour meilleur r\u00e9sultat).<\/li>\n<li>Retirer les exc\u00e8s de produit \u00e0 l\u2019aide d\u2019un peigne \u00e0 dents fines S\u00e9chez les cheveux \u00e0 100% (pas besoin de brosse).<\/li>\n<li>Passez le fer \u00e0 plat par m\u00e8che sur tous les cheveux (chaque m\u00e8che ne doit pas \u00eatre plus que 1 cm en \u00e9paisseur). Utiliser le fer \u00e0 plat autant de fois que n\u00e9cessaire.<\/li>\n<li>Laissez les cheveux se refroidir<br \/>\n***Vous pouvez laisser partir le client avec le masque et la cliente lavera les cheveux en appliquant le masque (\u00e9tape 3). Il faut mentionner de faire le 1er lavage sans shampoo.***<\/li>\n<li>Rincez bien \u00e0 l\u2019eau ti\u00e8de jusqu\u2019\u00e0 ce que tout le produit soit compl\u00e8tement retir\u00e9. Essorer les cheveux puis appliquer le Mask Ultra Shine ( \u00e9tape 3). Laissez agir 10 minutes.<\/li>\n<li>Lavez les cheveux et faire du brushing d\u00e9sir\u00e9.<\/li>\n<\/ol>\n<h5>CONSEIL: N\u2019utilisez que la quantit\u00e9 suffisante de produit pour appliques sur tous les cheveux. Aucun exc\u00e9dent n\u2019est n\u00e9cessaire pour s\u2019assurer que le produit est efficace.<\/h5>\n<\/div>\n<\/div>\n<div class=\"row\"  id=\"row-459953724\">\n\n\t<div id=\"col-1013296978\" class=\"col small-12 large-12\"  >\n\t\t\t\t<div class=\"col-inner text-right\"  >\n\t\t\t\n\t\t\t\n<a href=\"https:\/\/honmatokyo.ca\/fr\/produit\/honma-coffee-premium\/\" target=\"_self\" class=\"button primary is-outline\"  style=\"border-radius:99px;\">\n    <span>Magasinez maintenant<\/span>\n  <i class=\"icon-shopping-cart\" aria-hidden=\"true\" ><\/i><\/a>\n\n\t\t<\/div>\n\t\t\t\t\t<\/div>\n\n\t\n<\/div>\n\t\t<\/div>\n\t\t\t\t\t<\/div>\n\n\t\n<\/div>\n\t<div id=\"gap-2064694887\" class=\"gap-element clearfix\" style=\"display:block; height:auto;\">\n\t\t\n<style>\n#gap-2064694887 {\n  padding-top: 30px;\n}\n<\/style>\n\t<\/div>\n\t\n\n<div class=\"container section-title-container\" ><h3 class=\"section-title section-title-center\"><b><\/b><span class=\"section-title-main\" >More Honma Tokyo Products<\/span><b><\/b><\/h3><\/div>\n\n<p class=\"lead shortcode-error text-center\">Sorry, no pages was found<\/p>\n  \n    <div class=\"row large-columns-4 medium-columns-3 small-columns-2 row-large slider row-slider slider-nav-reveal slider-nav-push\"  data-flickity-options='{\"imagesLoaded\": true, \"groupCells\": \"100%\", \"dragThreshold\" : 5, \"cellAlign\": \"left\",\"wrapAround\": true,\"prevNextButtons\": true,\"percentPosition\": true,\"pageDots\": true, \"rightToLeft\": false, \"autoPlay\" : 4000}'>\n\n  <\/div>\n\n\t<div id=\"gap-821746626\" class=\"gap-element clearfix\" style=\"display:block; height:auto;\">\n\t\t\n<style>\n#gap-821746626 {\n  padding-top: 30px;\n}\n<\/style>\n\t<\/div>\n\t\n\n<div class=\"container section-title-container\" ><h3 class=\"section-title section-title-center\"><b><\/b><span class=\"section-title-main\" >Blog Posts<\/span><b><\/b><\/h3><\/div>\n\n\n  \n    <div class=\"row large-columns-2 medium-columns-1 small-columns-1 slider row-slider slider-nav-circle slider-nav-outside\"  data-flickity-options='{\"imagesLoaded\": true, \"groupCells\": \"100%\", \"dragThreshold\" : 5, \"cellAlign\": \"left\",\"wrapAround\": true,\"prevNextButtons\": true,\"percentPosition\": true,\"pageDots\": false, \"rightToLeft\": false, \"autoPlay\" : 5000}'>\n\n  <div class=\"col post-item\" >\n\t\t\t<div class=\"col-inner\">\n\t\t\t<a href=\"https:\/\/honmatokyo.ca\/fr\/quest-ce-que-le-traitement-de-nanoplastie\/\" class=\"plain\">\n\t\t\t\t<div class=\"box box-vertical box-text-bottom box-blog-post has-hover\">\n            \t\t\t\t\t<div class=\"box-image\" style=\"width:53%;\">\n  \t\t\t\t\t\t<div class=\"image-cover\" style=\"padding-top:100%;\">\n  \t\t\t\t\t\t\t<img width=\"433\" height=\"400\" src=\"https:\/\/honmatokyo.ca\/wp-content\/uploads\/2018\/05\/Coffee-Premium-croped1.png\" class=\"attachment-medium size-medium wp-post-image\" alt=\"\" decoding=\"async\" \/>  \t\t\t\t\t\t\t  \t\t\t\t\t\t\t  \t\t\t\t\t\t<\/div>\n  \t\t\t\t\t\t  \t\t\t\t\t<\/div>\n          \t\t\t\t\t<div class=\"box-text text-center\" >\n\t\t\t\t\t<div class=\"box-text-inner blog-post-inner\">\n\n\t\t\t\t\t\n\t\t\t\t\t\t\t\t\t\t<h5 class=\"post-title is-large uppercase\">Qu\u2019est-ce que le traitement de nanoplastie?<\/h5>\n\t\t\t\t\t\t\t\t\t\t<div class=\"is-divider\"><\/div>\n\t\t\t\t\t\t\t\t\t\t<p class=\"from_the_blog_excerpt \">Un traitement de derni\u00e8re g\u00e9n\u00e9ration, Nanoplastie Capillaire, est une restauration du cheveu, prouv\u00e9e sur pratique [...]\t\t\t\t\t<\/p>\n\t\t\t\t\t                                            <p class=\"from_the_blog_comments uppercase is-xsmall\">\n                            2 Comments                        <\/p>\n                    \n\t\t\t\t\t\n\t\t\t\t\t\n\t\t\t\t\t<\/div>\n\t\t\t\t\t<\/div>\n\t\t\t\t\t\t\t\t\t\t\t\t\t\t\t\t<div class=\"badge absolute top post-date badge-circle-inside\">\n\t\t\t\t\t\t\t<div class=\"badge-inner\">\n\t\t\t\t\t\t\t\t<span class=\"post-date-day\">24<\/span><br>\n\t\t\t\t\t\t\t\t<span class=\"post-date-month is-xsmall\">Jan<\/span>\n\t\t\t\t\t\t\t<\/div>\n\t\t\t\t\t\t<\/div>\n\t\t\t\t\t\t\t\t\t<\/div>\n\t\t\t\t<\/a>\n\t\t\t<\/div>\n\t\t<\/div><div class=\"col post-item\" >\n\t\t\t<div class=\"col-inner\">\n\t\t\t<a href=\"https:\/\/honmatokyo.ca\/fr\/lentretien-apres-le-traitement-bixyplastie\/\" class=\"plain\">\n\t\t\t\t<div class=\"box box-vertical box-text-bottom box-blog-post has-hover\">\n            \t\t\t\t\t<div class=\"box-image\" style=\"width:53%;\">\n  \t\t\t\t\t\t<div class=\"image-cover\" style=\"padding-top:100%;\">\n  \t\t\t\t\t\t\t<img width=\"388\" height=\"400\" src=\"https:\/\/honmatokyo.ca\/wp-content\/uploads\/2018\/05\/PlastHair775x800.png\" class=\"attachment-medium size-medium wp-post-image\" alt=\"\" decoding=\"async\" \/>  \t\t\t\t\t\t\t  \t\t\t\t\t\t\t  \t\t\t\t\t\t<\/div>\n  \t\t\t\t\t\t  \t\t\t\t\t<\/div>\n          \t\t\t\t\t<div class=\"box-text text-center\" >\n\t\t\t\t\t<div class=\"box-text-inner blog-post-inner\">\n\n\t\t\t\t\t\n\t\t\t\t\t\t\t\t\t\t<h5 class=\"post-title is-large uppercase\">L\u2019entretien apr\u00e8s le traitement &#8211; Bixyplastie<\/h5>\n\t\t\t\t\t\t\t\t\t\t<div class=\"is-divider\"><\/div>\n\t\t\t\t\t\t\t\t\t\t<p class=\"from_the_blog_excerpt \">Bixyplastie Attendez 24 heures avant de laver les cheveux Le premier lavage doit \u00eatre fait [...]\t\t\t\t\t<\/p>\n\t\t\t\t\t                    \n\t\t\t\t\t\n\t\t\t\t\t\n\t\t\t\t\t<\/div>\n\t\t\t\t\t<\/div>\n\t\t\t\t\t\t\t\t\t\t\t\t\t\t\t\t<div class=\"badge absolute top post-date badge-circle-inside\">\n\t\t\t\t\t\t\t<div class=\"badge-inner\">\n\t\t\t\t\t\t\t\t<span class=\"post-date-day\">24<\/span><br>\n\t\t\t\t\t\t\t\t<span class=\"post-date-month is-xsmall\">Jan<\/span>\n\t\t\t\t\t\t\t<\/div>\n\t\t\t\t\t\t<\/div>\n\t\t\t\t\t\t\t\t\t<\/div>\n\t\t\t\t<\/a>\n\t\t\t<\/div>\n\t\t<\/div><div class=\"col post-item\" >\n\t\t\t<div class=\"col-inner\">\n\t\t\t<a href=\"https:\/\/honmatokyo.ca\/fr\/entretien-keratine-botox-nanoplastie\/\" class=\"plain\">\n\t\t\t\t<div class=\"box box-vertical box-text-bottom box-blog-post has-hover\">\n            \t\t\t\t\t<div class=\"box-image\" style=\"width:53%;\">\n  \t\t\t\t\t\t<div class=\"image-cover\" style=\"padding-top:100%;\">\n  \t\t\t\t\t\t\t<img width=\"292\" height=\"400\" src=\"https:\/\/honmatokyo.ca\/wp-content\/uploads\/2018\/05\/Maintenance.png\" class=\"attachment-medium size-medium wp-post-image\" alt=\"\" decoding=\"async\" \/>  \t\t\t\t\t\t\t  \t\t\t\t\t\t\t  \t\t\t\t\t\t<\/div>\n  \t\t\t\t\t\t  \t\t\t\t\t<\/div>\n          \t\t\t\t\t<div class=\"box-text text-center\" >\n\t\t\t\t\t<div class=\"box-text-inner blog-post-inner\">\n\n\t\t\t\t\t\n\t\t\t\t\t\t\t\t\t\t<h5 class=\"post-title is-large uppercase\">L\u2019entretien apr\u00e8s le traitement &#8211; K\u00e9ratine, Botox, Nanoplastie<\/h5>\n\t\t\t\t\t\t\t\t\t\t<div class=\"is-divider\"><\/div>\n\t\t\t\t\t\t\t\t\t\t<p class=\"from_the_blog_excerpt \">K\u00e9ratine, Botox, Nanoplastie L\u2019ENTRETIEN APR\u00c8S LE TRAITEMENT Il est recommand\u00e9 d\u2019attendre 12 heures apr\u00e8s le [...]\t\t\t\t\t<\/p>\n\t\t\t\t\t                    \n\t\t\t\t\t\n\t\t\t\t\t\n\t\t\t\t\t<\/div>\n\t\t\t\t\t<\/div>\n\t\t\t\t\t\t\t\t\t\t\t\t\t\t\t\t<div class=\"badge absolute top post-date badge-circle-inside\">\n\t\t\t\t\t\t\t<div class=\"badge-inner\">\n\t\t\t\t\t\t\t\t<span class=\"post-date-day\">24<\/span><br>\n\t\t\t\t\t\t\t\t<span class=\"post-date-month is-xsmall\">Jan<\/span>\n\t\t\t\t\t\t\t<\/div>\n\t\t\t\t\t\t<\/div>\n\t\t\t\t\t\t\t\t\t<\/div>\n\t\t\t\t<\/a>\n\t\t\t<\/div>\n\t\t<\/div><div class=\"col post-item\" >\n\t\t\t<div class=\"col-inner\">\n\t\t\t<a href=\"https:\/\/honmatokyo.ca\/fr\/difference-entre-la-keratine-le-botox-capillaire-la-bixyplastie-et-la-nanoplastie\/\" class=\"plain\">\n\t\t\t\t<div class=\"box box-vertical box-text-bottom box-blog-post has-hover\">\n            \t\t\t\t\t<div class=\"box-image\" style=\"width:53%;\">\n  \t\t\t\t\t\t<div class=\"image-cover\" style=\"padding-top:100%;\">\n  \t\t\t\t\t\t\t<img width=\"289\" height=\"400\" src=\"https:\/\/honmatokyo.ca\/wp-content\/uploads\/2015\/11\/Finalization.png\" class=\"attachment-medium size-medium wp-post-image\" alt=\"\" decoding=\"async\" \/>  \t\t\t\t\t\t\t  \t\t\t\t\t\t\t  \t\t\t\t\t\t<\/div>\n  \t\t\t\t\t\t  \t\t\t\t\t<\/div>\n          \t\t\t\t\t<div class=\"box-text text-center\" >\n\t\t\t\t\t<div class=\"box-text-inner blog-post-inner\">\n\n\t\t\t\t\t\n\t\t\t\t\t\t\t\t\t\t<h5 class=\"post-title is-large uppercase\">Diff\u00e9rence entre la k\u00e9ratine, le botox capillaire, la bixyplastie et la nanoplastie<\/h5>\n\t\t\t\t\t\t\t\t\t\t<div class=\"is-divider\"><\/div>\n\t\t\t\t\t\t\t\t\t\t<p class=\"from_the_blog_excerpt \">Honma Tokyo\u00a0 qui gr\u00e2ce aux derni\u00e8res technologies du Br\u00e9sil ont d\u00e9velopp\u00e9 les meilleurs traitements connus [...]\t\t\t\t\t<\/p>\n\t\t\t\t\t                                            <p class=\"from_the_blog_comments uppercase is-xsmall\">\n                            2 Comments                        <\/p>\n                    \n\t\t\t\t\t\n\t\t\t\t\t\n\t\t\t\t\t<\/div>\n\t\t\t\t\t<\/div>\n\t\t\t\t\t\t\t\t\t\t\t\t\t\t\t\t<div class=\"badge absolute top post-date badge-circle-inside\">\n\t\t\t\t\t\t\t<div class=\"badge-inner\">\n\t\t\t\t\t\t\t\t<span class=\"post-date-day\">24<\/span><br>\n\t\t\t\t\t\t\t\t<span class=\"post-date-month is-xsmall\">Jan<\/span>\n\t\t\t\t\t\t\t<\/div>\n\t\t\t\t\t\t<\/div>\n\t\t\t\t\t\t\t\t\t<\/div>\n\t\t\t\t<\/a>\n\t\t\t<\/div>\n\t\t<\/div><div class=\"col post-item\" >\n\t\t\t<div class=\"col-inner\">\n\t\t\t<a href=\"https:\/\/honmatokyo.ca\/fr\/questions-reponses\/\" class=\"plain\">\n\t\t\t\t<div class=\"box box-vertical box-text-bottom box-blog-post has-hover\">\n            \t\t\t\t\t<div class=\"box-image\" style=\"width:53%;\">\n  \t\t\t\t\t\t<div class=\"image-cover\" style=\"padding-top:100%;\">\n  \t\t\t\t\t\t\t<img width=\"709\" height=\"400\" src=\"https:\/\/honmatokyo.ca\/wp-content\/uploads\/2018\/06\/woman-thinking-709x400.jpg\" class=\"attachment-medium size-medium wp-post-image\" alt=\"\" decoding=\"async\" srcset=\"https:\/\/honmatokyo.ca\/wp-content\/uploads\/2018\/06\/woman-thinking-709x400.jpg 709w, https:\/\/honmatokyo.ca\/wp-content\/uploads\/2018\/06\/woman-thinking-768x433.jpg 768w, https:\/\/honmatokyo.ca\/wp-content\/uploads\/2018\/06\/woman-thinking-600x338.jpg 600w, https:\/\/honmatokyo.ca\/wp-content\/uploads\/2018\/06\/woman-thinking.jpg 940w\" sizes=\"(max-width: 709px) 100vw, 709px\" \/>  \t\t\t\t\t\t\t  \t\t\t\t\t\t\t  \t\t\t\t\t\t<\/div>\n  \t\t\t\t\t\t  \t\t\t\t\t<\/div>\n          \t\t\t\t\t<div class=\"box-text text-center\" >\n\t\t\t\t\t<div class=\"box-text-inner blog-post-inner\">\n\n\t\t\t\t\t\n\t\t\t\t\t\t\t\t\t\t<h5 class=\"post-title is-large uppercase\">QUESTIONS \/ R\u00c9PONSES<\/h5>\n\t\t\t\t\t\t\t\t\t\t<div class=\"is-divider\"><\/div>\n\t\t\t\t\t\t\t\t\t\t<p class=\"from_the_blog_excerpt \">Q: Qu\u2019est-ce qui est le traitement de lissage de cheveux \u00e0\u00a0la k\u00e9ratine? R: C\u2019est un [...]\t\t\t\t\t<\/p>\n\t\t\t\t\t                    \n\t\t\t\t\t\n\t\t\t\t\t\n\t\t\t\t\t<\/div>\n\t\t\t\t\t<\/div>\n\t\t\t\t\t\t\t\t\t\t\t\t\t\t\t\t<div class=\"badge absolute top post-date badge-circle-inside\">\n\t\t\t\t\t\t\t<div class=\"badge-inner\">\n\t\t\t\t\t\t\t\t<span class=\"post-date-day\">20<\/span><br>\n\t\t\t\t\t\t\t\t<span class=\"post-date-month is-xsmall\">Juin<\/span>\n\t\t\t\t\t\t\t<\/div>\n\t\t\t\t\t\t<\/div>\n\t\t\t\t\t\t\t\t\t<\/div>\n\t\t\t\t<\/a>\n\t\t\t<\/div>\n\t\t<\/div><\/div>\n","protected":false},"excerpt":{"rendered":"","protected":false},"author":1,"featured_media":1332,"parent":1283,"menu_order":0,"comment_status":"closed","ping_status":"closed","template":"","meta":{"_glsr_average":0,"_glsr_ranking":0,"_glsr_reviews":0},"yoast_head":"<!-- This site is optimized with the Yoast SEO plugin v20.10 - https:\/\/yoast.com\/wordpress\/plugins\/seo\/ -->\n<title>COFFEE PREMIUM - K\u00c9RATINE - Honma Tokyo Canada<\/title>\n<meta name=\"robots\" content=\"index, follow, max-snippet:-1, max-image-preview:large, max-video-preview:-1\" \/>\n<link rel=\"canonical\" href=\"https:\/\/honmatokyo.ca\/our-products\/coffee-premium-keratin\/\" \/>\n<meta property=\"og:locale\" content=\"fr_FR\" \/>\n<meta property=\"og:type\" content=\"article\" \/>\n<meta property=\"og:title\" content=\"COFFEE PREMIUM - K\u00c9RATINE - Honma Tokyo Canada\" \/>\n<meta property=\"og:url\" content=\"https:\/\/honmatokyo.ca\/our-products\/coffee-premium-keratin\/\" \/>\n<meta property=\"og:site_name\" content=\"Honma Tokyo Canada\" \/>\n<meta property=\"article:modified_time\" content=\"2019-03-07T06:15:14+00:00\" \/>\n<meta property=\"og:image\" content=\"https:\/\/honmatokyo.ca\/wp-content\/uploads\/2018\/05\/Coffee-Premium-croped.png\" \/>\n\t<meta property=\"og:image:width\" content=\"797\" \/>\n\t<meta property=\"og:image:height\" content=\"737\" \/>\n\t<meta property=\"og:image:type\" content=\"image\/png\" \/>\n<meta name=\"twitter:card\" content=\"summary_large_image\" \/>\n<meta name=\"twitter:label1\" content=\"Dur\u00e9e de lecture estim\u00e9e\" \/>\n\t<meta name=\"twitter:data1\" content=\"2 minutes\" \/>\n<script type=\"application\/ld+json\" class=\"yoast-schema-graph\">{\"@context\":\"https:\/\/schema.org\",\"@graph\":[{\"@type\":\"WebPage\",\"@id\":\"https:\/\/honmatokyo.ca\/our-products\/coffee-premium-keratin\/\",\"url\":\"https:\/\/honmatokyo.ca\/our-products\/coffee-premium-keratin\/\",\"name\":\"COFFEE PREMIUM - K\u00c9RATINE - Honma Tokyo Canada\",\"isPartOf\":{\"@id\":\"https:\/\/honmatokyo.ca\/#website\"},\"datePublished\":\"2019-03-05T22:09:53+00:00\",\"dateModified\":\"2019-03-07T06:15:14+00:00\",\"breadcrumb\":{\"@id\":\"https:\/\/honmatokyo.ca\/our-products\/coffee-premium-keratin\/#breadcrumb\"},\"inLanguage\":\"fr-FR\",\"potentialAction\":[{\"@type\":\"ReadAction\",\"target\":[\"https:\/\/honmatokyo.ca\/our-products\/coffee-premium-keratin\/\"]}]},{\"@type\":\"BreadcrumbList\",\"@id\":\"https:\/\/honmatokyo.ca\/our-products\/coffee-premium-keratin\/#breadcrumb\",\"itemListElement\":[{\"@type\":\"ListItem\",\"position\":1,\"name\":\"Home\",\"item\":\"https:\/\/honmatokyo.ca\/fr\/\"},{\"@type\":\"ListItem\",\"position\":2,\"name\":\"Nos produits\",\"item\":\"https:\/\/honmatokyo.ca\/our-products\/\"},{\"@type\":\"ListItem\",\"position\":3,\"name\":\"COFFEE PREMIUM &#8211; K\u00c9RATINE\"}]},{\"@type\":\"WebSite\",\"@id\":\"https:\/\/honmatokyo.ca\/#website\",\"url\":\"https:\/\/honmatokyo.ca\/\",\"name\":\"Honma Tokyo Canada\",\"description\":\"Les produits professionnels pour la transformation, traitement et entretien des cheveux\\r\\n\",\"publisher\":{\"@id\":\"https:\/\/honmatokyo.ca\/#organization\"},\"potentialAction\":[{\"@type\":\"SearchAction\",\"target\":{\"@type\":\"EntryPoint\",\"urlTemplate\":\"https:\/\/honmatokyo.ca\/?s={search_term_string}\"},\"query-input\":\"required name=search_term_string\"}],\"inLanguage\":\"fr-FR\"},{\"@type\":\"Organization\",\"@id\":\"https:\/\/honmatokyo.ca\/#organization\",\"name\":\"Honma Tokyo Canada\",\"url\":\"https:\/\/honmatokyo.ca\/\",\"logo\":{\"@type\":\"ImageObject\",\"inLanguage\":\"fr-FR\",\"@id\":\"https:\/\/honmatokyo.ca\/#\/schema\/logo\/image\/\",\"url\":\"https:\/\/honmatokyo.ca\/wp-content\/uploads\/2018\/06\/Logo-Honma.png\",\"contentUrl\":\"https:\/\/honmatokyo.ca\/wp-content\/uploads\/2018\/06\/Logo-Honma.png\",\"width\":3342,\"height\":784,\"caption\":\"Honma Tokyo Canada\"},\"image\":{\"@id\":\"https:\/\/honmatokyo.ca\/#\/schema\/logo\/image\/\"},\"sameAs\":[\"https:\/\/www.instagram.com\/honmatokyocanada\/\"]}]}<\/script>\n<!-- \/ Yoast SEO plugin. -->","yoast_head_json":{"title":"COFFEE PREMIUM - K\u00c9RATINE - Honma Tokyo Canada","robots":{"index":"index","follow":"follow","max-snippet":"max-snippet:-1","max-image-preview":"max-image-preview:large","max-video-preview":"max-video-preview:-1"},"canonical":"https:\/\/honmatokyo.ca\/our-products\/coffee-premium-keratin\/","og_locale":"fr_FR","og_type":"article","og_title":"COFFEE PREMIUM - K\u00c9RATINE - Honma Tokyo Canada","og_url":"https:\/\/honmatokyo.ca\/our-products\/coffee-premium-keratin\/","og_site_name":"Honma Tokyo Canada","article_modified_time":"2019-03-07T06:15:14+00:00","og_image":[{"width":797,"height":737,"url":"https:\/\/honmatokyo.ca\/wp-content\/uploads\/2018\/05\/Coffee-Premium-croped.png","type":"image\/png"}],"twitter_card":"summary_large_image","twitter_misc":{"Dur\u00e9e de lecture estim\u00e9e":"2 minutes"},"schema":{"@context":"https:\/\/schema.org","@graph":[{"@type":"WebPage","@id":"https:\/\/honmatokyo.ca\/our-products\/coffee-premium-keratin\/","url":"https:\/\/honmatokyo.ca\/our-products\/coffee-premium-keratin\/","name":"COFFEE PREMIUM - K\u00c9RATINE - Honma Tokyo Canada","isPartOf":{"@id":"https:\/\/honmatokyo.ca\/#website"},"datePublished":"2019-03-05T22:09:53+00:00","dateModified":"2019-03-07T06:15:14+00:00","breadcrumb":{"@id":"https:\/\/honmatokyo.ca\/our-products\/coffee-premium-keratin\/#breadcrumb"},"inLanguage":"fr-FR","potentialAction":[{"@type":"ReadAction","target":["https:\/\/honmatokyo.ca\/our-products\/coffee-premium-keratin\/"]}]},{"@type":"BreadcrumbList","@id":"https:\/\/honmatokyo.ca\/our-products\/coffee-premium-keratin\/#breadcrumb","itemListElement":[{"@type":"ListItem","position":1,"name":"Home","item":"https:\/\/honmatokyo.ca\/fr\/"},{"@type":"ListItem","position":2,"name":"Nos produits","item":"https:\/\/honmatokyo.ca\/our-products\/"},{"@type":"ListItem","position":3,"name":"COFFEE PREMIUM &#8211; K\u00c9RATINE"}]},{"@type":"WebSite","@id":"https:\/\/honmatokyo.ca\/#website","url":"https:\/\/honmatokyo.ca\/","name":"Honma Tokyo Canada","description":"Les produits professionnels pour la transformation, traitement et entretien des cheveux\r\n","publisher":{"@id":"https:\/\/honmatokyo.ca\/#organization"},"potentialAction":[{"@type":"SearchAction","target":{"@type":"EntryPoint","urlTemplate":"https:\/\/honmatokyo.ca\/?s={search_term_string}"},"query-input":"required name=search_term_string"}],"inLanguage":"fr-FR"},{"@type":"Organization","@id":"https:\/\/honmatokyo.ca\/#organization","name":"Honma Tokyo Canada","url":"https:\/\/honmatokyo.ca\/","logo":{"@type":"ImageObject","inLanguage":"fr-FR","@id":"https:\/\/honmatokyo.ca\/#\/schema\/logo\/image\/","url":"https:\/\/honmatokyo.ca\/wp-content\/uploads\/2018\/06\/Logo-Honma.png","contentUrl":"https:\/\/honmatokyo.ca\/wp-content\/uploads\/2018\/06\/Logo-Honma.png","width":3342,"height":784,"caption":"Honma Tokyo Canada"},"image":{"@id":"https:\/\/honmatokyo.ca\/#\/schema\/logo\/image\/"},"sameAs":["https:\/\/www.instagram.com\/honmatokyocanada\/"]}]}},"_links":{"self":[{"href":"https:\/\/honmatokyo.ca\/fr\/wp-json\/wp\/v2\/pages\/2741"}],"collection":[{"href":"https:\/\/honmatokyo.ca\/fr\/wp-json\/wp\/v2\/pages"}],"about":[{"href":"https:\/\/honmatokyo.ca\/fr\/wp-json\/wp\/v2\/types\/page"}],"author":[{"embeddable":true,"href":"https:\/\/honmatokyo.ca\/fr\/wp-json\/wp\/v2\/users\/1"}],"replies":[{"embeddable":true,"href":"https:\/\/honmatokyo.ca\/fr\/wp-json\/wp\/v2\/comments?post=2741"}],"version-history":[{"count":2,"href":"https:\/\/honmatokyo.ca\/fr\/wp-json\/wp\/v2\/pages\/2741\/revisions"}],"predecessor-version":[{"id":2933,"href":"https:\/\/honmatokyo.ca\/fr\/wp-json\/wp\/v2\/pages\/2741\/revisions\/2933"}],"up":[{"embeddable":true,"href":"https:\/\/honmatokyo.ca\/fr\/wp-json\/wp\/v2\/pages\/1283"}],"wp:featuredmedia":[{"embeddable":true,"href":"https:\/\/honmatokyo.ca\/fr\/wp-json\/wp\/v2\/media\/1332"}],"wp:attachment":[{"href":"https:\/\/honmatokyo.ca\/fr\/wp-json\/wp\/v2\/media?parent=2741"}],"curies":[{"name":"wp","href":"https:\/\/api.w.org\/{rel}","templated":true}]}}