{"id":2743,"date":"2019-03-05T17:12:41","date_gmt":"2019-03-05T22:12:41","guid":{"rendered":"https:\/\/honmatokyo.ca\/?page_id=2743"},"modified":"2019-03-07T01:17:05","modified_gmt":"2019-03-07T06:17:05","slug":"coffee-premium-collagen-keratine","status":"publish","type":"page","link":"https:\/\/honmatokyo.ca\/fr\/nos-produits\/coffee-premium-collagen-keratine\/","title":{"rendered":"COFFEE PREMIUM COLLAGEN &#8211; K\u00c9RATINE"},"content":{"rendered":"<div class=\"container section-title-container\" ><h3 class=\"section-title section-title-normal\"><b><\/b><span class=\"section-title-main\" >COFFEE PREMIUM Collagen - KERATIN<\/span><b><\/b><\/h3><\/div>\n<div class=\"row\"  id=\"row-1809298978\">\n\n\t<div id=\"col-1208882364\" class=\"col small-12 large-12\"  >\n\t\t\t\t<div class=\"col-inner\"  >\n\t\t\t\n\t\t\t\n<div id=\"tab-description\" class=\"panel entry-content active\">\n<h2><img decoding=\"async\" class=\" wp-image-1726 alignleft\" src=\"https:\/\/honmatokyo.ca\/wp-content\/uploads\/2018\/12\/Coffee-Premium-Collagen-Step-123.png\" alt=\"\" width=\"378\" height=\"315\" \/><\/h2>\n<div id=\"tab-description\" class=\"panel entry-content active\">\n<div id=\"tab-description\" class=\"panel entry-content active\">\n<h2>Coffee premium collag\u00e8ne \u2013 n\u2019arr\u00eatez pas l\u2019innovation<\/h2>\n<p>Un produit exclusif de Honma Tokyo, fournissant d\u2019excellents r\u00e9sultats dans traitement des cheveux, gr\u00e2ce \u00e0 la synergie de ses ingr\u00e9dients riches, s\u00e9lectionn\u00e9s \u00e0 la main pour chaque phase du traitement. Cette ligne comprend un Shampooing Dilatant, un Gel R\u00e9g\u00e9n\u00e9rant pour les Cheveux et un Spray Intensif aux Prot\u00e9ines \u2013 le tout contenant des formules puissantes pour une lissage parfait.<\/p>\n<h4>Ingr\u00e9dients actifs<\/h4>\n<p>Extrait de grain de caf\u00e9 arabica, s\u00e9rum de collag\u00e8ne, vitamines, prot\u00e9ines de bl\u00e9, acides amin\u00e9s et huiles<\/p>\n<p><strong>R\u00c9SULTATS<\/strong><\/p>\n<ul>\n<li>Lissage et \u00ab collag\u00e9nation \u00bb des cheveux<\/li>\n<li>R\u00e9g\u00e9n\u00e9ration et nourrissement des brins ab\u00eem\u00e9s<\/li>\n<li>Hydratation<\/li>\n<li>Brillance et \u00e9lasticit\u00e9<\/li>\n<\/ul>\n<p><strong>CONCEPT DU LISSAGE R\u00c9VOLUTIONNAIRE<\/strong><\/p>\n<p>Un produit exclusif de Honma Tokyo, fournissant d\u2019excellents r\u00e9sultats dans traitement des cheveux, gr\u00e2ce \u00e0 la synergie de ses ingr\u00e9dients riches, s\u00e9lectionn\u00e9s \u00e0 la main pour chaque phase du traitement. Cette ligne comprend un Shampooing Dilatant, un Gel R\u00e9g\u00e9n\u00e9rant pour les Cheveux et un Spray Intensif aux Prot\u00e9ines \u2013 le tout contenant des formules puissantes pour une lissage parfait.<\/p>\n<p><strong>NETTOIE LES CHEVEUX TR\u00c8S DOUCEMENT AVEC UN SOIN EXTR\u00caME!<\/strong><\/p>\n<p>La magie commence avec un SHAMPOOING DILATOR puissant et exclusif, qui est capable d\u2019augmenter instantan\u00e9ment le volume de la fibre capillaire jusqu\u2019\u00e0 40%, le pr\u00e9parant ainsi \u00e0 recevoir la deuxi\u00e8me \u00e9tape de cet incroyable te exclusif traitement de Honma Tokyo. En plus de ce processus de dilatation, \u00e0 l\u2019aide de l\u2019extrait de caf\u00e9 et du collag\u00e8ne pr\u00e9sents dans la formule, la fibre capillaire est pr\u00e9par\u00e9e structurellement afin d\u2019optimiser le traitement, en \u00e9liminant les impuret\u00e9s des cheveux tout en pr\u00e9servant l\u2019int\u00e9grit\u00e9 de la fibre.<\/p>\n<p><strong>L\u2019ABSORBATION RAPIDE \u2013 R\u00c9SULTAT IMM\u00c9DIAT! <\/strong><\/p>\n<p>La formule exclusive \u00e0 base de g\u00e9latine de Honma Tokyo est un concentr\u00e9 de collag\u00e8ne expos\u00e9 \u00e0 l\u2019oxyg\u00e8ne et soumis \u00e0 un processus de volatilisation de H2O, qui laisse ses ingr\u00e9dients plus puissants et plus concentr\u00e9s. C\u2019est notre incroyable GEL REGENERADOR CAPILAR (GEL CAPILLAIRE DE RESTAURATION) qui se transforme en une mousse subtile, facilement assimilable. Cette mousse peut \u00eatre \u00e9tendue facilement sut toute la longueur des cheveux. Alli\u00e9 aux r\u00e9sultats de dilatation \u00e0 40% obtenus par le processus pr\u00e9c\u00e9dent et \u00e0 sa formule riche en extrait de caf\u00e9, collag\u00e8ne et s\u00e9ricine, il est capable d\u2019agir librement et totalement dans les cheveux sans \u00eatre affect\u00e9 par d\u2019autres processus ou facteurs concurrents, offrant une r\u00e9paration parfaite pour les cheveux, les laissant plus forts et en meilleure sant\u00e9.<\/p>\n<p><strong>LE FACTEUR X<\/strong><\/p>\n<p>Ce produit merveilleux et polyvalent est un outil puissant et indispensable pour fournir des r\u00e9sultats incroyables. Ce produit est un SPRAY INTENSIF DE PROT\u00c9INES, qui peut \u00eatre appliqu\u00e9 avant le GEL REGENETADOR CAPILAR, pour les cheveux qui n\u00e9cessitent une attention particuli\u00e8re, puis pour les professionnels de la beaut\u00e9, afin de donner la touche finale \u00e0 leur travail. C\u2019est un produit qui permet de gagner du temps et de restaurer et d\u2019hydrater en profondeur la fibre capillaire. Pour le PR\u00c9-UTILISATION, il favorise le ramollissement de la fibre capillaire, nourrissant et hydratant les cheveux poreux, ab\u00eem\u00e9s et fragiles avant le processus de transformation. Pour L\u2019APR\u00c8S-UTILISATION, il agit en tant que thermoactif et thermo-protecteur, hydratant et nourrissant la fibre capillaire, apportant du volume, de l\u2019\u00e9quilibre et de l\u2019\u00e9lasticit\u00e9.<\/p>\n<p><strong>MODE D\u2019EMPLOI<\/strong><\/p>\n<ol>\n<li>Avec les cheveux mouill\u00e9s, appliquez une petite portion du SHAMPOOING DILATOR COFFEE PREMIUM COLLAG\u00c8NE en couvrant bien les cheveux jusqu\u2019aux pointes. Rincez et r\u00e9p\u00e9tez la proc\u00e9dure. Pendant le deuxi\u00e8me lavage, laissez le produit agir pour 3 \u00e0 5 minutes.<\/li>\n<li>Rincez bien sans laisser de r\u00e9sidus de produit<\/li>\n<li>En MODE PR\u00c9-UTILISATION, pour les cheveux poreux, ab\u00eem\u00e9s et fragiles, continuez avec le SPRAY INTENSIF DE PROT\u00c9INES ou si vous n\u2019en avez pas de besoin, continuez avec le point 4 de la proc\u00e9dure.<\/li>\n<\/ol>\n<p><strong>MODE PR\u00c9-UTILISATION = appliquez le SPRAY INTENSIF DE PROT\u00c9INES COFFEE PREMIUM COLLAG\u00c8NE sur les cheveux humides et faites une pause de 5 \u00e0 10 minutes avant de rincer abondamment. \u00a0<\/strong><\/p>\n<ol start=\"4\">\n<li>S\u00e9chez compl\u00e8tement les cheveux et divisez-les en 4 sections.<\/li>\n<li>Appliquez le GEL CAPILLAIRE DE RESTAURATION COFFEE PREMIUM COLLAG\u00c8NE sur chaque partie laissant 1 cm des racines.<\/li>\n<li>Laisser agir pour 15-20 minutes et s\u00e9cher \u00e0 100%<\/li>\n<li>Divisez les cheveux encore une fois et passez-les \u00e0 travers le fer \u00e0 lisser<\/li>\n<li>Puis, rincez bien les cheveux, \u00e9levez l\u2019exc\u00e8s d\u2019eau avec une serviette et suivez ceci avec le SPRAY INTENSIF DE PROT\u00c9INES en MODE APR\u00c8S-UTILISATION.<\/li>\n<\/ol>\n<p><strong>MODE APR\u00c8S-UTILISATION = Vaporisez la PROT\u00c9INE COFFEE PREMIUM INTENSIVE sur les cheveux et sans rin\u00e7age, brossez-les et finissez \u00e0 votre souhait. <\/strong><\/p>\n<\/div>\n<\/div>\n<\/div>\n<div class=\"row\"  id=\"row-1139748492\">\n\n\t<div id=\"col-134456613\" class=\"col small-12 large-12\"  >\n\t\t\t\t<div class=\"col-inner text-right\"  >\n\t\t\t\n\t\t\t\n<a href=\"https:\/\/honmatokyo.ca\/fr\/produit\/honma-coffee-premium-collagen\/\" target=\"_self\" class=\"button primary is-outline\"  style=\"border-radius:99px;\">\n    <span>Magasinez maintenant<\/span>\n  <i class=\"icon-shopping-cart\" aria-hidden=\"true\" ><\/i><\/a>\n\n\t\t<\/div>\n\t\t\t\t\t<\/div>\n\n\t\n<\/div>\n\t\t<\/div>\n\t\t\t\t\t<\/div>\n\n\t\n<\/div>\n\t<div id=\"gap-1928195105\" class=\"gap-element clearfix\" style=\"display:block; height:auto;\">\n\t\t\n<style>\n#gap-1928195105 {\n  padding-top: 30px;\n}\n<\/style>\n\t<\/div>\n\t\n\n<div class=\"container section-title-container\" ><h3 class=\"section-title section-title-center\"><b><\/b><span class=\"section-title-main\" >More Honma Tokyo Products<\/span><b><\/b><\/h3><\/div>\n\n<p class=\"lead shortcode-error text-center\">Sorry, no pages was found<\/p>\n  \n    <div class=\"row large-columns-4 medium-columns-3 small-columns-2 row-large slider row-slider slider-nav-reveal slider-nav-push\"  data-flickity-options='{\"imagesLoaded\": true, \"groupCells\": \"100%\", \"dragThreshold\" : 5, \"cellAlign\": \"left\",\"wrapAround\": true,\"prevNextButtons\": true,\"percentPosition\": true,\"pageDots\": true, \"rightToLeft\": false, \"autoPlay\" : 4000}'>\n\n  <\/div>\n\n\t<div id=\"gap-934197166\" class=\"gap-element clearfix\" style=\"display:block; height:auto;\">\n\t\t\n<style>\n#gap-934197166 {\n  padding-top: 30px;\n}\n<\/style>\n\t<\/div>\n\t\n\n<div class=\"container section-title-container\" ><h3 class=\"section-title section-title-center\"><b><\/b><span class=\"section-title-main\" >Blog Posts<\/span><b><\/b><\/h3><\/div>\n\n\n  \n    <div class=\"row large-columns-2 medium-columns-1 small-columns-1 slider row-slider slider-nav-circle slider-nav-outside\"  data-flickity-options='{\"imagesLoaded\": true, \"groupCells\": \"100%\", \"dragThreshold\" : 5, \"cellAlign\": \"left\",\"wrapAround\": true,\"prevNextButtons\": true,\"percentPosition\": true,\"pageDots\": false, \"rightToLeft\": false, \"autoPlay\" : 5000}'>\n\n  <div class=\"col post-item\" >\n\t\t\t<div class=\"col-inner\">\n\t\t\t<a href=\"https:\/\/honmatokyo.ca\/fr\/quest-ce-que-le-traitement-de-nanoplastie\/\" class=\"plain\">\n\t\t\t\t<div class=\"box box-vertical box-text-bottom box-blog-post has-hover\">\n            \t\t\t\t\t<div class=\"box-image\" style=\"width:53%;\">\n  \t\t\t\t\t\t<div class=\"image-cover\" style=\"padding-top:100%;\">\n  \t\t\t\t\t\t\t<img width=\"433\" height=\"400\" src=\"https:\/\/honmatokyo.ca\/wp-content\/uploads\/2018\/05\/Coffee-Premium-croped1.png\" class=\"attachment-medium size-medium wp-post-image\" alt=\"\" decoding=\"async\" \/>  \t\t\t\t\t\t\t  \t\t\t\t\t\t\t  \t\t\t\t\t\t<\/div>\n  \t\t\t\t\t\t  \t\t\t\t\t<\/div>\n          \t\t\t\t\t<div class=\"box-text text-center\" >\n\t\t\t\t\t<div class=\"box-text-inner blog-post-inner\">\n\n\t\t\t\t\t\n\t\t\t\t\t\t\t\t\t\t<h5 class=\"post-title is-large uppercase\">Qu\u2019est-ce que le traitement de nanoplastie?<\/h5>\n\t\t\t\t\t\t\t\t\t\t<div class=\"is-divider\"><\/div>\n\t\t\t\t\t\t\t\t\t\t<p class=\"from_the_blog_excerpt \">Un traitement de derni\u00e8re g\u00e9n\u00e9ration, Nanoplastie Capillaire, est une restauration du cheveu, prouv\u00e9e sur pratique [...]\t\t\t\t\t<\/p>\n\t\t\t\t\t                                            <p class=\"from_the_blog_comments uppercase is-xsmall\">\n                            2 Comments                        <\/p>\n                    \n\t\t\t\t\t\n\t\t\t\t\t\n\t\t\t\t\t<\/div>\n\t\t\t\t\t<\/div>\n\t\t\t\t\t\t\t\t\t\t\t\t\t\t\t\t<div class=\"badge absolute top post-date badge-circle-inside\">\n\t\t\t\t\t\t\t<div class=\"badge-inner\">\n\t\t\t\t\t\t\t\t<span class=\"post-date-day\">24<\/span><br>\n\t\t\t\t\t\t\t\t<span class=\"post-date-month is-xsmall\">Jan<\/span>\n\t\t\t\t\t\t\t<\/div>\n\t\t\t\t\t\t<\/div>\n\t\t\t\t\t\t\t\t\t<\/div>\n\t\t\t\t<\/a>\n\t\t\t<\/div>\n\t\t<\/div><div class=\"col post-item\" >\n\t\t\t<div class=\"col-inner\">\n\t\t\t<a href=\"https:\/\/honmatokyo.ca\/fr\/lentretien-apres-le-traitement-bixyplastie\/\" class=\"plain\">\n\t\t\t\t<div class=\"box box-vertical box-text-bottom box-blog-post has-hover\">\n            \t\t\t\t\t<div class=\"box-image\" style=\"width:53%;\">\n  \t\t\t\t\t\t<div class=\"image-cover\" style=\"padding-top:100%;\">\n  \t\t\t\t\t\t\t<img width=\"388\" height=\"400\" src=\"https:\/\/honmatokyo.ca\/wp-content\/uploads\/2018\/05\/PlastHair775x800.png\" class=\"attachment-medium size-medium wp-post-image\" alt=\"\" decoding=\"async\" \/>  \t\t\t\t\t\t\t  \t\t\t\t\t\t\t  \t\t\t\t\t\t<\/div>\n  \t\t\t\t\t\t  \t\t\t\t\t<\/div>\n          \t\t\t\t\t<div class=\"box-text text-center\" >\n\t\t\t\t\t<div class=\"box-text-inner blog-post-inner\">\n\n\t\t\t\t\t\n\t\t\t\t\t\t\t\t\t\t<h5 class=\"post-title is-large uppercase\">L\u2019entretien apr\u00e8s le traitement &#8211; Bixyplastie<\/h5>\n\t\t\t\t\t\t\t\t\t\t<div class=\"is-divider\"><\/div>\n\t\t\t\t\t\t\t\t\t\t<p class=\"from_the_blog_excerpt \">Bixyplastie Attendez 24 heures avant de laver les cheveux Le premier lavage doit \u00eatre fait [...]\t\t\t\t\t<\/p>\n\t\t\t\t\t                    \n\t\t\t\t\t\n\t\t\t\t\t\n\t\t\t\t\t<\/div>\n\t\t\t\t\t<\/div>\n\t\t\t\t\t\t\t\t\t\t\t\t\t\t\t\t<div class=\"badge absolute top post-date badge-circle-inside\">\n\t\t\t\t\t\t\t<div class=\"badge-inner\">\n\t\t\t\t\t\t\t\t<span class=\"post-date-day\">24<\/span><br>\n\t\t\t\t\t\t\t\t<span class=\"post-date-month is-xsmall\">Jan<\/span>\n\t\t\t\t\t\t\t<\/div>\n\t\t\t\t\t\t<\/div>\n\t\t\t\t\t\t\t\t\t<\/div>\n\t\t\t\t<\/a>\n\t\t\t<\/div>\n\t\t<\/div><div class=\"col post-item\" >\n\t\t\t<div class=\"col-inner\">\n\t\t\t<a href=\"https:\/\/honmatokyo.ca\/fr\/entretien-keratine-botox-nanoplastie\/\" class=\"plain\">\n\t\t\t\t<div class=\"box box-vertical box-text-bottom box-blog-post has-hover\">\n            \t\t\t\t\t<div class=\"box-image\" style=\"width:53%;\">\n  \t\t\t\t\t\t<div class=\"image-cover\" style=\"padding-top:100%;\">\n  \t\t\t\t\t\t\t<img width=\"292\" height=\"400\" src=\"https:\/\/honmatokyo.ca\/wp-content\/uploads\/2018\/05\/Maintenance.png\" class=\"attachment-medium size-medium wp-post-image\" alt=\"\" decoding=\"async\" \/>  \t\t\t\t\t\t\t  \t\t\t\t\t\t\t  \t\t\t\t\t\t<\/div>\n  \t\t\t\t\t\t  \t\t\t\t\t<\/div>\n          \t\t\t\t\t<div class=\"box-text text-center\" >\n\t\t\t\t\t<div class=\"box-text-inner blog-post-inner\">\n\n\t\t\t\t\t\n\t\t\t\t\t\t\t\t\t\t<h5 class=\"post-title is-large uppercase\">L\u2019entretien apr\u00e8s le traitement &#8211; K\u00e9ratine, Botox, Nanoplastie<\/h5>\n\t\t\t\t\t\t\t\t\t\t<div class=\"is-divider\"><\/div>\n\t\t\t\t\t\t\t\t\t\t<p class=\"from_the_blog_excerpt \">K\u00e9ratine, Botox, Nanoplastie L\u2019ENTRETIEN APR\u00c8S LE TRAITEMENT Il est recommand\u00e9 d\u2019attendre 12 heures apr\u00e8s le [...]\t\t\t\t\t<\/p>\n\t\t\t\t\t                    \n\t\t\t\t\t\n\t\t\t\t\t\n\t\t\t\t\t<\/div>\n\t\t\t\t\t<\/div>\n\t\t\t\t\t\t\t\t\t\t\t\t\t\t\t\t<div class=\"badge absolute top post-date badge-circle-inside\">\n\t\t\t\t\t\t\t<div class=\"badge-inner\">\n\t\t\t\t\t\t\t\t<span class=\"post-date-day\">24<\/span><br>\n\t\t\t\t\t\t\t\t<span class=\"post-date-month is-xsmall\">Jan<\/span>\n\t\t\t\t\t\t\t<\/div>\n\t\t\t\t\t\t<\/div>\n\t\t\t\t\t\t\t\t\t<\/div>\n\t\t\t\t<\/a>\n\t\t\t<\/div>\n\t\t<\/div><div class=\"col post-item\" >\n\t\t\t<div class=\"col-inner\">\n\t\t\t<a href=\"https:\/\/honmatokyo.ca\/fr\/difference-entre-la-keratine-le-botox-capillaire-la-bixyplastie-et-la-nanoplastie\/\" class=\"plain\">\n\t\t\t\t<div class=\"box box-vertical box-text-bottom box-blog-post has-hover\">\n            \t\t\t\t\t<div class=\"box-image\" style=\"width:53%;\">\n  \t\t\t\t\t\t<div class=\"image-cover\" style=\"padding-top:100%;\">\n  \t\t\t\t\t\t\t<img width=\"289\" height=\"400\" src=\"https:\/\/honmatokyo.ca\/wp-content\/uploads\/2015\/11\/Finalization.png\" class=\"attachment-medium size-medium wp-post-image\" alt=\"\" decoding=\"async\" \/>  \t\t\t\t\t\t\t  \t\t\t\t\t\t\t  \t\t\t\t\t\t<\/div>\n  \t\t\t\t\t\t  \t\t\t\t\t<\/div>\n          \t\t\t\t\t<div class=\"box-text text-center\" >\n\t\t\t\t\t<div class=\"box-text-inner blog-post-inner\">\n\n\t\t\t\t\t\n\t\t\t\t\t\t\t\t\t\t<h5 class=\"post-title is-large uppercase\">Diff\u00e9rence entre la k\u00e9ratine, le botox capillaire, la bixyplastie et la nanoplastie<\/h5>\n\t\t\t\t\t\t\t\t\t\t<div class=\"is-divider\"><\/div>\n\t\t\t\t\t\t\t\t\t\t<p class=\"from_the_blog_excerpt \">Honma Tokyo\u00a0 qui gr\u00e2ce aux derni\u00e8res technologies du Br\u00e9sil ont d\u00e9velopp\u00e9 les meilleurs traitements connus [...]\t\t\t\t\t<\/p>\n\t\t\t\t\t                                            <p class=\"from_the_blog_comments uppercase is-xsmall\">\n                            2 Comments                        <\/p>\n                    \n\t\t\t\t\t\n\t\t\t\t\t\n\t\t\t\t\t<\/div>\n\t\t\t\t\t<\/div>\n\t\t\t\t\t\t\t\t\t\t\t\t\t\t\t\t<div class=\"badge absolute top post-date badge-circle-inside\">\n\t\t\t\t\t\t\t<div class=\"badge-inner\">\n\t\t\t\t\t\t\t\t<span class=\"post-date-day\">24<\/span><br>\n\t\t\t\t\t\t\t\t<span class=\"post-date-month is-xsmall\">Jan<\/span>\n\t\t\t\t\t\t\t<\/div>\n\t\t\t\t\t\t<\/div>\n\t\t\t\t\t\t\t\t\t<\/div>\n\t\t\t\t<\/a>\n\t\t\t<\/div>\n\t\t<\/div><div class=\"col post-item\" >\n\t\t\t<div class=\"col-inner\">\n\t\t\t<a href=\"https:\/\/honmatokyo.ca\/fr\/questions-reponses\/\" class=\"plain\">\n\t\t\t\t<div class=\"box box-vertical box-text-bottom box-blog-post has-hover\">\n            \t\t\t\t\t<div class=\"box-image\" style=\"width:53%;\">\n  \t\t\t\t\t\t<div class=\"image-cover\" style=\"padding-top:100%;\">\n  \t\t\t\t\t\t\t<img width=\"709\" height=\"400\" src=\"https:\/\/honmatokyo.ca\/wp-content\/uploads\/2018\/06\/woman-thinking-709x400.jpg\" class=\"attachment-medium size-medium wp-post-image\" alt=\"\" decoding=\"async\" srcset=\"https:\/\/honmatokyo.ca\/wp-content\/uploads\/2018\/06\/woman-thinking-709x400.jpg 709w, https:\/\/honmatokyo.ca\/wp-content\/uploads\/2018\/06\/woman-thinking-768x433.jpg 768w, https:\/\/honmatokyo.ca\/wp-content\/uploads\/2018\/06\/woman-thinking-600x338.jpg 600w, https:\/\/honmatokyo.ca\/wp-content\/uploads\/2018\/06\/woman-thinking.jpg 940w\" sizes=\"(max-width: 709px) 100vw, 709px\" \/>  \t\t\t\t\t\t\t  \t\t\t\t\t\t\t  \t\t\t\t\t\t<\/div>\n  \t\t\t\t\t\t  \t\t\t\t\t<\/div>\n          \t\t\t\t\t<div class=\"box-text text-center\" >\n\t\t\t\t\t<div class=\"box-text-inner blog-post-inner\">\n\n\t\t\t\t\t\n\t\t\t\t\t\t\t\t\t\t<h5 class=\"post-title is-large uppercase\">QUESTIONS \/ R\u00c9PONSES<\/h5>\n\t\t\t\t\t\t\t\t\t\t<div class=\"is-divider\"><\/div>\n\t\t\t\t\t\t\t\t\t\t<p class=\"from_the_blog_excerpt \">Q: Qu\u2019est-ce qui est le traitement de lissage de cheveux \u00e0\u00a0la k\u00e9ratine? R: C\u2019est un [...]\t\t\t\t\t<\/p>\n\t\t\t\t\t                    \n\t\t\t\t\t\n\t\t\t\t\t\n\t\t\t\t\t<\/div>\n\t\t\t\t\t<\/div>\n\t\t\t\t\t\t\t\t\t\t\t\t\t\t\t\t<div class=\"badge absolute top post-date badge-circle-inside\">\n\t\t\t\t\t\t\t<div class=\"badge-inner\">\n\t\t\t\t\t\t\t\t<span class=\"post-date-day\">20<\/span><br>\n\t\t\t\t\t\t\t\t<span class=\"post-date-month is-xsmall\">Juin<\/span>\n\t\t\t\t\t\t\t<\/div>\n\t\t\t\t\t\t<\/div>\n\t\t\t\t\t\t\t\t\t<\/div>\n\t\t\t\t<\/a>\n\t\t\t<\/div>\n\t\t<\/div><\/div>\n","protected":false},"excerpt":{"rendered":"","protected":false},"author":1,"featured_media":1727,"parent":1283,"menu_order":0,"comment_status":"closed","ping_status":"closed","template":"","meta":{"_glsr_average":0,"_glsr_ranking":0,"_glsr_reviews":0},"yoast_head":"<!-- This site is optimized with the Yoast SEO plugin v20.10 - https:\/\/yoast.com\/wordpress\/plugins\/seo\/ -->\n<title>COFFEE PREMIUM COLLAGEN - K\u00c9RATINE - Honma Tokyo Canada<\/title>\n<meta name=\"robots\" content=\"index, follow, max-snippet:-1, max-image-preview:large, max-video-preview:-1\" \/>\n<link rel=\"canonical\" href=\"https:\/\/honmatokyo.ca\/our-products\/coffee-premium-collagen-keratin\/\" \/>\n<meta property=\"og:locale\" content=\"fr_FR\" \/>\n<meta property=\"og:type\" content=\"article\" \/>\n<meta property=\"og:title\" content=\"COFFEE PREMIUM COLLAGEN - K\u00c9RATINE - Honma Tokyo Canada\" \/>\n<meta property=\"og:url\" content=\"https:\/\/honmatokyo.ca\/our-products\/coffee-premium-collagen-keratin\/\" \/>\n<meta property=\"og:site_name\" content=\"Honma Tokyo Canada\" \/>\n<meta property=\"article:modified_time\" content=\"2019-03-07T06:17:05+00:00\" \/>\n<meta property=\"og:image\" content=\"https:\/\/honmatokyo.ca\/wp-content\/uploads\/2018\/12\/Coffee-Premium-Collagen-Step-123.png\" \/>\n\t<meta property=\"og:image:width\" content=\"1200\" \/>\n\t<meta property=\"og:image:height\" content=\"1000\" \/>\n\t<meta property=\"og:image:type\" content=\"image\/png\" \/>\n<meta name=\"twitter:card\" content=\"summary_large_image\" \/>\n<meta name=\"twitter:label1\" content=\"Dur\u00e9e de lecture estim\u00e9e\" \/>\n\t<meta name=\"twitter:data1\" content=\"4 minutes\" \/>\n<script type=\"application\/ld+json\" class=\"yoast-schema-graph\">{\"@context\":\"https:\/\/schema.org\",\"@graph\":[{\"@type\":\"WebPage\",\"@id\":\"https:\/\/honmatokyo.ca\/our-products\/coffee-premium-collagen-keratin\/\",\"url\":\"https:\/\/honmatokyo.ca\/our-products\/coffee-premium-collagen-keratin\/\",\"name\":\"COFFEE PREMIUM COLLAGEN - K\u00c9RATINE - Honma Tokyo Canada\",\"isPartOf\":{\"@id\":\"https:\/\/honmatokyo.ca\/#website\"},\"datePublished\":\"2019-03-05T22:12:41+00:00\",\"dateModified\":\"2019-03-07T06:17:05+00:00\",\"breadcrumb\":{\"@id\":\"https:\/\/honmatokyo.ca\/our-products\/coffee-premium-collagen-keratin\/#breadcrumb\"},\"inLanguage\":\"fr-FR\",\"potentialAction\":[{\"@type\":\"ReadAction\",\"target\":[\"https:\/\/honmatokyo.ca\/our-products\/coffee-premium-collagen-keratin\/\"]}]},{\"@type\":\"BreadcrumbList\",\"@id\":\"https:\/\/honmatokyo.ca\/our-products\/coffee-premium-collagen-keratin\/#breadcrumb\",\"itemListElement\":[{\"@type\":\"ListItem\",\"position\":1,\"name\":\"Home\",\"item\":\"https:\/\/honmatokyo.ca\/fr\/\"},{\"@type\":\"ListItem\",\"position\":2,\"name\":\"Nos produits\",\"item\":\"https:\/\/honmatokyo.ca\/our-products\/\"},{\"@type\":\"ListItem\",\"position\":3,\"name\":\"COFFEE PREMIUM COLLAGEN &#8211; K\u00c9RATINE\"}]},{\"@type\":\"WebSite\",\"@id\":\"https:\/\/honmatokyo.ca\/#website\",\"url\":\"https:\/\/honmatokyo.ca\/\",\"name\":\"Honma Tokyo Canada\",\"description\":\"Les produits professionnels pour la transformation, traitement et entretien des cheveux\\r\\n\",\"publisher\":{\"@id\":\"https:\/\/honmatokyo.ca\/#organization\"},\"potentialAction\":[{\"@type\":\"SearchAction\",\"target\":{\"@type\":\"EntryPoint\",\"urlTemplate\":\"https:\/\/honmatokyo.ca\/?s={search_term_string}\"},\"query-input\":\"required name=search_term_string\"}],\"inLanguage\":\"fr-FR\"},{\"@type\":\"Organization\",\"@id\":\"https:\/\/honmatokyo.ca\/#organization\",\"name\":\"Honma Tokyo Canada\",\"url\":\"https:\/\/honmatokyo.ca\/\",\"logo\":{\"@type\":\"ImageObject\",\"inLanguage\":\"fr-FR\",\"@id\":\"https:\/\/honmatokyo.ca\/#\/schema\/logo\/image\/\",\"url\":\"https:\/\/honmatokyo.ca\/wp-content\/uploads\/2018\/06\/Logo-Honma.png\",\"contentUrl\":\"https:\/\/honmatokyo.ca\/wp-content\/uploads\/2018\/06\/Logo-Honma.png\",\"width\":3342,\"height\":784,\"caption\":\"Honma Tokyo Canada\"},\"image\":{\"@id\":\"https:\/\/honmatokyo.ca\/#\/schema\/logo\/image\/\"},\"sameAs\":[\"https:\/\/www.instagram.com\/honmatokyocanada\/\"]}]}<\/script>\n<!-- \/ Yoast SEO plugin. -->","yoast_head_json":{"title":"COFFEE PREMIUM COLLAGEN - K\u00c9RATINE - Honma Tokyo Canada","robots":{"index":"index","follow":"follow","max-snippet":"max-snippet:-1","max-image-preview":"max-image-preview:large","max-video-preview":"max-video-preview:-1"},"canonical":"https:\/\/honmatokyo.ca\/our-products\/coffee-premium-collagen-keratin\/","og_locale":"fr_FR","og_type":"article","og_title":"COFFEE PREMIUM COLLAGEN - K\u00c9RATINE - Honma Tokyo Canada","og_url":"https:\/\/honmatokyo.ca\/our-products\/coffee-premium-collagen-keratin\/","og_site_name":"Honma Tokyo Canada","article_modified_time":"2019-03-07T06:17:05+00:00","og_image":[{"width":1200,"height":1000,"url":"https:\/\/honmatokyo.ca\/wp-content\/uploads\/2018\/12\/Coffee-Premium-Collagen-Step-123.png","type":"image\/png"}],"twitter_card":"summary_large_image","twitter_misc":{"Dur\u00e9e de lecture estim\u00e9e":"4 minutes"},"schema":{"@context":"https:\/\/schema.org","@graph":[{"@type":"WebPage","@id":"https:\/\/honmatokyo.ca\/our-products\/coffee-premium-collagen-keratin\/","url":"https:\/\/honmatokyo.ca\/our-products\/coffee-premium-collagen-keratin\/","name":"COFFEE PREMIUM COLLAGEN - K\u00c9RATINE - Honma Tokyo Canada","isPartOf":{"@id":"https:\/\/honmatokyo.ca\/#website"},"datePublished":"2019-03-05T22:12:41+00:00","dateModified":"2019-03-07T06:17:05+00:00","breadcrumb":{"@id":"https:\/\/honmatokyo.ca\/our-products\/coffee-premium-collagen-keratin\/#breadcrumb"},"inLanguage":"fr-FR","potentialAction":[{"@type":"ReadAction","target":["https:\/\/honmatokyo.ca\/our-products\/coffee-premium-collagen-keratin\/"]}]},{"@type":"BreadcrumbList","@id":"https:\/\/honmatokyo.ca\/our-products\/coffee-premium-collagen-keratin\/#breadcrumb","itemListElement":[{"@type":"ListItem","position":1,"name":"Home","item":"https:\/\/honmatokyo.ca\/fr\/"},{"@type":"ListItem","position":2,"name":"Nos produits","item":"https:\/\/honmatokyo.ca\/our-products\/"},{"@type":"ListItem","position":3,"name":"COFFEE PREMIUM COLLAGEN &#8211; K\u00c9RATINE"}]},{"@type":"WebSite","@id":"https:\/\/honmatokyo.ca\/#website","url":"https:\/\/honmatokyo.ca\/","name":"Honma Tokyo Canada","description":"Les produits professionnels pour la transformation, traitement et entretien des cheveux\r\n","publisher":{"@id":"https:\/\/honmatokyo.ca\/#organization"},"potentialAction":[{"@type":"SearchAction","target":{"@type":"EntryPoint","urlTemplate":"https:\/\/honmatokyo.ca\/?s={search_term_string}"},"query-input":"required name=search_term_string"}],"inLanguage":"fr-FR"},{"@type":"Organization","@id":"https:\/\/honmatokyo.ca\/#organization","name":"Honma Tokyo Canada","url":"https:\/\/honmatokyo.ca\/","logo":{"@type":"ImageObject","inLanguage":"fr-FR","@id":"https:\/\/honmatokyo.ca\/#\/schema\/logo\/image\/","url":"https:\/\/honmatokyo.ca\/wp-content\/uploads\/2018\/06\/Logo-Honma.png","contentUrl":"https:\/\/honmatokyo.ca\/wp-content\/uploads\/2018\/06\/Logo-Honma.png","width":3342,"height":784,"caption":"Honma Tokyo Canada"},"image":{"@id":"https:\/\/honmatokyo.ca\/#\/schema\/logo\/image\/"},"sameAs":["https:\/\/www.instagram.com\/honmatokyocanada\/"]}]}},"_links":{"self":[{"href":"https:\/\/honmatokyo.ca\/fr\/wp-json\/wp\/v2\/pages\/2743"}],"collection":[{"href":"https:\/\/honmatokyo.ca\/fr\/wp-json\/wp\/v2\/pages"}],"about":[{"href":"https:\/\/honmatokyo.ca\/fr\/wp-json\/wp\/v2\/types\/page"}],"author":[{"embeddable":true,"href":"https:\/\/honmatokyo.ca\/fr\/wp-json\/wp\/v2\/users\/1"}],"replies":[{"embeddable":true,"href":"https:\/\/honmatokyo.ca\/fr\/wp-json\/wp\/v2\/comments?post=2743"}],"version-history":[{"count":4,"href":"https:\/\/honmatokyo.ca\/fr\/wp-json\/wp\/v2\/pages\/2743\/revisions"}],"predecessor-version":[{"id":2934,"href":"https:\/\/honmatokyo.ca\/fr\/wp-json\/wp\/v2\/pages\/2743\/revisions\/2934"}],"up":[{"embeddable":true,"href":"https:\/\/honmatokyo.ca\/fr\/wp-json\/wp\/v2\/pages\/1283"}],"wp:featuredmedia":[{"embeddable":true,"href":"https:\/\/honmatokyo.ca\/fr\/wp-json\/wp\/v2\/media\/1727"}],"wp:attachment":[{"href":"https:\/\/honmatokyo.ca\/fr\/wp-json\/wp\/v2\/media?parent=2743"}],"curies":[{"name":"wp","href":"https:\/\/api.w.org\/{rel}","templated":true}]}}