{"id":2749,"date":"2019-03-05T17:19:03","date_gmt":"2019-03-05T22:19:03","guid":{"rendered":"https:\/\/honmatokyo.ca\/?page_id=2749"},"modified":"2019-03-07T01:18:35","modified_gmt":"2019-03-07T06:18:35","slug":"h-brush-botox-capillaire","status":"publish","type":"page","link":"https:\/\/honmatokyo.ca\/fr\/nos-produits\/h-brush-botox-capillaire\/","title":{"rendered":"H-BRUSH \u2013 BOTOX CAPILLAIRE"},"content":{"rendered":"<div class=\"container section-title-container\" ><h3 class=\"section-title section-title-normal\"><b><\/b><span class=\"section-title-main\" >H-Brush \u2013 BOTOX CAPILLAIRE<\/span><b><\/b><\/h3><\/div>\n<div class=\"row\"  id=\"row-331150484\">\n\n\t<div id=\"col-1324131199\" class=\"col small-12 large-12\"  >\n\t\t\t\t<div class=\"col-inner\"  >\n\t\t\t\n\t\t\t\n<div id=\"tab-description\" class=\"panel entry-content active\">\n<h2><img decoding=\"async\" class=\"wp-image-1728 alignleft\" src=\"https:\/\/honmatokyo.ca\/wp-content\/uploads\/2018\/12\/H-Brush-Kit4.png\" alt=\"\" width=\"417\" height=\"348\" \/><\/h2>\n<div id=\"tab-description\" class=\"panel entry-content active\">\n<h2>TRAITEMENT INTENSIF DE RECONSTRUCTION CAPILLAIRE!<\/h2>\n<div id=\"tab-description\" class=\"panel entry-content active\">\n<p>La ligne H-Brush est un syst\u00e8me innovatif qui fournit un haut niveau de r\u00e9g\u00e9n\u00e9ration. Il traite et fournit l\u2019alimentation parfaite pour le cortex, qui a perdu de sa masse par des processus chimiques pr\u00e9c\u00e9dents. Il est pr\u00e9par\u00e9 avec : k\u00e9ratine qui renforce et restaure l\u2019\u00e9lasticit\u00e9 naturelle des cheveux; th\u00e9 vert, un antioxydant puissant qui r\u00e9pare les dommages sur une base quotidienne et l\u2019huile de Pracaxi et N-Acetyl Cysteine, offrant une hydratation intense aux brins, des cheveux plus forts, un meilleur alignement et brillance, \u00e9liminant les frisottis et emp\u00eachant la d\u00e9coloration \u00e0 travers les pigments naturels pr\u00e9sents dans sa formule. L\u2019huile de Camellia Sinensis a des vertus nourrissantes, fortifiantes et lissantes, constituant ainsi \u00e0 elle seule un soin capillaire performant. La k\u00e9ratine apporte \u00e9lasticit\u00e9, brillance et force. L\u2019huile de Ricin traite, r\u00e9g\u00e9n\u00e8re et r\u00e9hydrate les chevelures maltrait\u00e9es par les colorations, les d\u00e9colorations ou les m\u00e8ches. Ce traitement naturel ne pique pas les yeux, n\u2019irrite pas la gorge et ne contient pas de formol. Il s\u2019utilise sans aucune contre-indication sur tous types de cheveux.<\/p>\n<p>&nbsp;<\/p>\n<h3>TRAITEMENT INTENSIF DE RECONSTRUCTION CAPILLAIRE!<\/h3>\n<p>&nbsp;<\/p>\n<div class=\"container section-title-container\">\n<h3 class=\"section-title section-title-center\"><b><\/b><span class=\"section-title-main\">Application \u00e9tape par \u00e9tape<\/span><b><\/b><\/h3>\n<\/div>\n<ol>\n<li>\u00a0Apr\u00e8s avoir mouill\u00e9 les cheveux, appliquez une petite quantit\u00e9 de shampooing pr\u00e9paratoire H-Brush, massez dans les racines et sur la longueur de cheveux jusqu\u2019\u00e0 pointes. Rincez bien, ne laissez aucun r\u00e9sidu du produit. R\u00e9p\u00e9tez la proc\u00e9dure au besoin.<\/li>\n<li>Divisez les cheveux en 4 parties<\/li>\n<li>S\u00e9chez les cheveux : 70% (cheveux endommag\u00e9s ou d\u00e9color\u00e9s) et 100% cheveux vierges ou non endommag\u00e9s<\/li>\n<li>Appliquez le masque Reconstruction Intensive H-Brush m\u00e8che par m\u00e8che \u00e0 1 cm de la racine, alignant les brins de cheveux avec une peigne \u00e0 dents fins<\/li>\n<li>Laissez le produit agir sur les cheveux pour 30-35 minutes (utilisez le cap pour meilleur r\u00e9sultat)<\/li>\n<li>S\u00e9chez les cheveux \u00e0 100% en faisant le brushing (brosse)<\/li>\n<li>Passez le fer \u00e0 plat par m\u00e8che sur tous les cheveux (chaque m\u00e8che ne doit pas \u00eatre plus que 1 cm en \u00e9paisseur). Utiliser le fer \u00e0 plat autant de fois que n\u00e9cessaire.<\/li>\n<li>Laissez les cheveux se refroidir (15 min approx.)<br \/>\n***Vous pouvez laisser partir le client avec le masque et la cliente lavera les cheveux en appliquant le masque Honma (\u00e9tape 3). Il faut mentionner de faire le 1er lavage sans shampooing. ***<\/li>\n<li>Rincez bien \u00e0 l\u2019eau ti\u00e8de jusqu\u2019\u00e0 ce que tout le produit soit compl\u00e8tement retir\u00e9 SANS SHAMPOO. Faire du brushing d\u00e9sir\u00e9.<\/li>\n<\/ol>\n<h5>CONSEIL: N\u2019utilisez que la quantit\u00e9 suffisante de produit pour appliques sur tous les cheveux. Aucun exc\u00e9dent n\u2019est n\u00e9cessaire pour s\u2019assurer que le produit est efficace.<\/h5>\n<\/div>\n<\/div>\n<\/div>\n<div class=\"row\"  id=\"row-317808966\">\n\n\t<div id=\"col-101646749\" class=\"col small-12 large-12\"  >\n\t\t\t\t<div class=\"col-inner text-right\"  >\n\t\t\t\n\t\t\t\n<a href=\"https:\/\/honmatokyo.ca\/fr\/produit\/h-brush-botox-capillaire\/\" target=\"_self\" class=\"button primary is-outline\"  style=\"border-radius:99px;\">\n    <span>Magasinez maintenant<\/span>\n  <i class=\"icon-shopping-cart\" aria-hidden=\"true\" ><\/i><\/a>\n\n\t\t<\/div>\n\t\t\t\t\t<\/div>\n\n\t\n<\/div>\n\t\t<\/div>\n\t\t\t\t\t<\/div>\n\n\t\n<\/div>\n\t<div id=\"gap-1588188899\" class=\"gap-element clearfix\" style=\"display:block; height:auto;\">\n\t\t\n<style>\n#gap-1588188899 {\n  padding-top: 30px;\n}\n<\/style>\n\t<\/div>\n\t\n\n<div class=\"container section-title-container\" ><h3 class=\"section-title section-title-center\"><b><\/b><span class=\"section-title-main\" >More Honma Tokyo Products<\/span><b><\/b><\/h3><\/div>\n\n<p class=\"lead shortcode-error text-center\">Sorry, no pages was found<\/p>\n  \n    <div class=\"row large-columns-4 medium-columns-3 small-columns-2 row-large slider row-slider slider-nav-reveal slider-nav-push\"  data-flickity-options='{\"imagesLoaded\": true, \"groupCells\": \"100%\", \"dragThreshold\" : 5, \"cellAlign\": \"left\",\"wrapAround\": true,\"prevNextButtons\": true,\"percentPosition\": true,\"pageDots\": true, \"rightToLeft\": false, \"autoPlay\" : 4000}'>\n\n  <\/div>\n\n\t<div id=\"gap-1246617673\" class=\"gap-element clearfix\" style=\"display:block; height:auto;\">\n\t\t\n<style>\n#gap-1246617673 {\n  padding-top: 30px;\n}\n<\/style>\n\t<\/div>\n\t\n\n<div class=\"container section-title-container\" ><h3 class=\"section-title section-title-center\"><b><\/b><span class=\"section-title-main\" >Blog Posts<\/span><b><\/b><\/h3><\/div>\n\n\n  \n    <div class=\"row large-columns-2 medium-columns-1 small-columns-1 slider row-slider slider-nav-circle slider-nav-outside\"  data-flickity-options='{\"imagesLoaded\": true, \"groupCells\": \"100%\", \"dragThreshold\" : 5, \"cellAlign\": \"left\",\"wrapAround\": true,\"prevNextButtons\": true,\"percentPosition\": true,\"pageDots\": false, \"rightToLeft\": false, \"autoPlay\" : 5000}'>\n\n  <div class=\"col post-item\" >\n\t\t\t<div class=\"col-inner\">\n\t\t\t<a href=\"https:\/\/honmatokyo.ca\/fr\/quest-ce-que-le-traitement-de-nanoplastie\/\" class=\"plain\">\n\t\t\t\t<div class=\"box box-vertical box-text-bottom box-blog-post has-hover\">\n            \t\t\t\t\t<div class=\"box-image\" style=\"width:53%;\">\n  \t\t\t\t\t\t<div class=\"image-cover\" style=\"padding-top:100%;\">\n  \t\t\t\t\t\t\t<img width=\"433\" height=\"400\" src=\"https:\/\/honmatokyo.ca\/wp-content\/uploads\/2018\/05\/Coffee-Premium-croped1.png\" class=\"attachment-medium size-medium wp-post-image\" alt=\"\" decoding=\"async\" \/>  \t\t\t\t\t\t\t  \t\t\t\t\t\t\t  \t\t\t\t\t\t<\/div>\n  \t\t\t\t\t\t  \t\t\t\t\t<\/div>\n          \t\t\t\t\t<div class=\"box-text text-center\" >\n\t\t\t\t\t<div class=\"box-text-inner blog-post-inner\">\n\n\t\t\t\t\t\n\t\t\t\t\t\t\t\t\t\t<h5 class=\"post-title is-large uppercase\">Qu\u2019est-ce que le traitement de nanoplastie?<\/h5>\n\t\t\t\t\t\t\t\t\t\t<div class=\"is-divider\"><\/div>\n\t\t\t\t\t\t\t\t\t\t<p class=\"from_the_blog_excerpt \">Un traitement de derni\u00e8re g\u00e9n\u00e9ration, Nanoplastie Capillaire, est une restauration du cheveu, prouv\u00e9e sur pratique [...]\t\t\t\t\t<\/p>\n\t\t\t\t\t                                            <p class=\"from_the_blog_comments uppercase is-xsmall\">\n                            2 Comments                        <\/p>\n                    \n\t\t\t\t\t\n\t\t\t\t\t\n\t\t\t\t\t<\/div>\n\t\t\t\t\t<\/div>\n\t\t\t\t\t\t\t\t\t\t\t\t\t\t\t\t<div class=\"badge absolute top post-date badge-circle-inside\">\n\t\t\t\t\t\t\t<div class=\"badge-inner\">\n\t\t\t\t\t\t\t\t<span class=\"post-date-day\">24<\/span><br>\n\t\t\t\t\t\t\t\t<span class=\"post-date-month is-xsmall\">Jan<\/span>\n\t\t\t\t\t\t\t<\/div>\n\t\t\t\t\t\t<\/div>\n\t\t\t\t\t\t\t\t\t<\/div>\n\t\t\t\t<\/a>\n\t\t\t<\/div>\n\t\t<\/div><div class=\"col post-item\" >\n\t\t\t<div class=\"col-inner\">\n\t\t\t<a href=\"https:\/\/honmatokyo.ca\/fr\/lentretien-apres-le-traitement-bixyplastie\/\" class=\"plain\">\n\t\t\t\t<div class=\"box box-vertical box-text-bottom box-blog-post has-hover\">\n            \t\t\t\t\t<div class=\"box-image\" style=\"width:53%;\">\n  \t\t\t\t\t\t<div class=\"image-cover\" style=\"padding-top:100%;\">\n  \t\t\t\t\t\t\t<img width=\"388\" height=\"400\" src=\"https:\/\/honmatokyo.ca\/wp-content\/uploads\/2018\/05\/PlastHair775x800.png\" class=\"attachment-medium size-medium wp-post-image\" alt=\"\" decoding=\"async\" \/>  \t\t\t\t\t\t\t  \t\t\t\t\t\t\t  \t\t\t\t\t\t<\/div>\n  \t\t\t\t\t\t  \t\t\t\t\t<\/div>\n          \t\t\t\t\t<div class=\"box-text text-center\" >\n\t\t\t\t\t<div class=\"box-text-inner blog-post-inner\">\n\n\t\t\t\t\t\n\t\t\t\t\t\t\t\t\t\t<h5 class=\"post-title is-large uppercase\">L\u2019entretien apr\u00e8s le traitement &#8211; Bixyplastie<\/h5>\n\t\t\t\t\t\t\t\t\t\t<div class=\"is-divider\"><\/div>\n\t\t\t\t\t\t\t\t\t\t<p class=\"from_the_blog_excerpt \">Bixyplastie Attendez 24 heures avant de laver les cheveux Le premier lavage doit \u00eatre fait [...]\t\t\t\t\t<\/p>\n\t\t\t\t\t                    \n\t\t\t\t\t\n\t\t\t\t\t\n\t\t\t\t\t<\/div>\n\t\t\t\t\t<\/div>\n\t\t\t\t\t\t\t\t\t\t\t\t\t\t\t\t<div class=\"badge absolute top post-date badge-circle-inside\">\n\t\t\t\t\t\t\t<div class=\"badge-inner\">\n\t\t\t\t\t\t\t\t<span class=\"post-date-day\">24<\/span><br>\n\t\t\t\t\t\t\t\t<span class=\"post-date-month is-xsmall\">Jan<\/span>\n\t\t\t\t\t\t\t<\/div>\n\t\t\t\t\t\t<\/div>\n\t\t\t\t\t\t\t\t\t<\/div>\n\t\t\t\t<\/a>\n\t\t\t<\/div>\n\t\t<\/div><div class=\"col post-item\" >\n\t\t\t<div class=\"col-inner\">\n\t\t\t<a href=\"https:\/\/honmatokyo.ca\/fr\/entretien-keratine-botox-nanoplastie\/\" class=\"plain\">\n\t\t\t\t<div class=\"box box-vertical box-text-bottom box-blog-post has-hover\">\n            \t\t\t\t\t<div class=\"box-image\" style=\"width:53%;\">\n  \t\t\t\t\t\t<div class=\"image-cover\" style=\"padding-top:100%;\">\n  \t\t\t\t\t\t\t<img width=\"292\" height=\"400\" src=\"https:\/\/honmatokyo.ca\/wp-content\/uploads\/2018\/05\/Maintenance.png\" class=\"attachment-medium size-medium wp-post-image\" alt=\"\" decoding=\"async\" \/>  \t\t\t\t\t\t\t  \t\t\t\t\t\t\t  \t\t\t\t\t\t<\/div>\n  \t\t\t\t\t\t  \t\t\t\t\t<\/div>\n          \t\t\t\t\t<div class=\"box-text text-center\" >\n\t\t\t\t\t<div class=\"box-text-inner blog-post-inner\">\n\n\t\t\t\t\t\n\t\t\t\t\t\t\t\t\t\t<h5 class=\"post-title is-large uppercase\">L\u2019entretien apr\u00e8s le traitement &#8211; K\u00e9ratine, Botox, Nanoplastie<\/h5>\n\t\t\t\t\t\t\t\t\t\t<div class=\"is-divider\"><\/div>\n\t\t\t\t\t\t\t\t\t\t<p class=\"from_the_blog_excerpt \">K\u00e9ratine, Botox, Nanoplastie L\u2019ENTRETIEN APR\u00c8S LE TRAITEMENT Il est recommand\u00e9 d\u2019attendre 12 heures apr\u00e8s le [...]\t\t\t\t\t<\/p>\n\t\t\t\t\t                    \n\t\t\t\t\t\n\t\t\t\t\t\n\t\t\t\t\t<\/div>\n\t\t\t\t\t<\/div>\n\t\t\t\t\t\t\t\t\t\t\t\t\t\t\t\t<div class=\"badge absolute top post-date badge-circle-inside\">\n\t\t\t\t\t\t\t<div class=\"badge-inner\">\n\t\t\t\t\t\t\t\t<span class=\"post-date-day\">24<\/span><br>\n\t\t\t\t\t\t\t\t<span class=\"post-date-month is-xsmall\">Jan<\/span>\n\t\t\t\t\t\t\t<\/div>\n\t\t\t\t\t\t<\/div>\n\t\t\t\t\t\t\t\t\t<\/div>\n\t\t\t\t<\/a>\n\t\t\t<\/div>\n\t\t<\/div><div class=\"col post-item\" >\n\t\t\t<div class=\"col-inner\">\n\t\t\t<a href=\"https:\/\/honmatokyo.ca\/fr\/difference-entre-la-keratine-le-botox-capillaire-la-bixyplastie-et-la-nanoplastie\/\" class=\"plain\">\n\t\t\t\t<div class=\"box box-vertical box-text-bottom box-blog-post has-hover\">\n            \t\t\t\t\t<div class=\"box-image\" style=\"width:53%;\">\n  \t\t\t\t\t\t<div class=\"image-cover\" style=\"padding-top:100%;\">\n  \t\t\t\t\t\t\t<img width=\"289\" height=\"400\" src=\"https:\/\/honmatokyo.ca\/wp-content\/uploads\/2015\/11\/Finalization.png\" class=\"attachment-medium size-medium wp-post-image\" alt=\"\" decoding=\"async\" \/>  \t\t\t\t\t\t\t  \t\t\t\t\t\t\t  \t\t\t\t\t\t<\/div>\n  \t\t\t\t\t\t  \t\t\t\t\t<\/div>\n          \t\t\t\t\t<div class=\"box-text text-center\" >\n\t\t\t\t\t<div class=\"box-text-inner blog-post-inner\">\n\n\t\t\t\t\t\n\t\t\t\t\t\t\t\t\t\t<h5 class=\"post-title is-large uppercase\">Diff\u00e9rence entre la k\u00e9ratine, le botox capillaire, la bixyplastie et la nanoplastie<\/h5>\n\t\t\t\t\t\t\t\t\t\t<div class=\"is-divider\"><\/div>\n\t\t\t\t\t\t\t\t\t\t<p class=\"from_the_blog_excerpt \">Honma Tokyo\u00a0 qui gr\u00e2ce aux derni\u00e8res technologies du Br\u00e9sil ont d\u00e9velopp\u00e9 les meilleurs traitements connus [...]\t\t\t\t\t<\/p>\n\t\t\t\t\t                                            <p class=\"from_the_blog_comments uppercase is-xsmall\">\n                            2 Comments                        <\/p>\n                    \n\t\t\t\t\t\n\t\t\t\t\t\n\t\t\t\t\t<\/div>\n\t\t\t\t\t<\/div>\n\t\t\t\t\t\t\t\t\t\t\t\t\t\t\t\t<div class=\"badge absolute top post-date badge-circle-inside\">\n\t\t\t\t\t\t\t<div class=\"badge-inner\">\n\t\t\t\t\t\t\t\t<span class=\"post-date-day\">24<\/span><br>\n\t\t\t\t\t\t\t\t<span class=\"post-date-month is-xsmall\">Jan<\/span>\n\t\t\t\t\t\t\t<\/div>\n\t\t\t\t\t\t<\/div>\n\t\t\t\t\t\t\t\t\t<\/div>\n\t\t\t\t<\/a>\n\t\t\t<\/div>\n\t\t<\/div><div class=\"col post-item\" >\n\t\t\t<div class=\"col-inner\">\n\t\t\t<a href=\"https:\/\/honmatokyo.ca\/fr\/questions-reponses\/\" class=\"plain\">\n\t\t\t\t<div class=\"box box-vertical box-text-bottom box-blog-post has-hover\">\n            \t\t\t\t\t<div class=\"box-image\" style=\"width:53%;\">\n  \t\t\t\t\t\t<div class=\"image-cover\" style=\"padding-top:100%;\">\n  \t\t\t\t\t\t\t<img width=\"709\" height=\"400\" src=\"https:\/\/honmatokyo.ca\/wp-content\/uploads\/2018\/06\/woman-thinking-709x400.jpg\" class=\"attachment-medium size-medium wp-post-image\" alt=\"\" decoding=\"async\" srcset=\"https:\/\/honmatokyo.ca\/wp-content\/uploads\/2018\/06\/woman-thinking-709x400.jpg 709w, https:\/\/honmatokyo.ca\/wp-content\/uploads\/2018\/06\/woman-thinking-768x433.jpg 768w, https:\/\/honmatokyo.ca\/wp-content\/uploads\/2018\/06\/woman-thinking-600x338.jpg 600w, https:\/\/honmatokyo.ca\/wp-content\/uploads\/2018\/06\/woman-thinking.jpg 940w\" sizes=\"(max-width: 709px) 100vw, 709px\" \/>  \t\t\t\t\t\t\t  \t\t\t\t\t\t\t  \t\t\t\t\t\t<\/div>\n  \t\t\t\t\t\t  \t\t\t\t\t<\/div>\n          \t\t\t\t\t<div class=\"box-text text-center\" >\n\t\t\t\t\t<div class=\"box-text-inner blog-post-inner\">\n\n\t\t\t\t\t\n\t\t\t\t\t\t\t\t\t\t<h5 class=\"post-title is-large uppercase\">QUESTIONS \/ R\u00c9PONSES<\/h5>\n\t\t\t\t\t\t\t\t\t\t<div class=\"is-divider\"><\/div>\n\t\t\t\t\t\t\t\t\t\t<p class=\"from_the_blog_excerpt \">Q: Qu\u2019est-ce qui est le traitement de lissage de cheveux \u00e0\u00a0la k\u00e9ratine? R: C\u2019est un [...]\t\t\t\t\t<\/p>\n\t\t\t\t\t                    \n\t\t\t\t\t\n\t\t\t\t\t\n\t\t\t\t\t<\/div>\n\t\t\t\t\t<\/div>\n\t\t\t\t\t\t\t\t\t\t\t\t\t\t\t\t<div class=\"badge absolute top post-date badge-circle-inside\">\n\t\t\t\t\t\t\t<div class=\"badge-inner\">\n\t\t\t\t\t\t\t\t<span class=\"post-date-day\">20<\/span><br>\n\t\t\t\t\t\t\t\t<span class=\"post-date-month is-xsmall\">Juin<\/span>\n\t\t\t\t\t\t\t<\/div>\n\t\t\t\t\t\t<\/div>\n\t\t\t\t\t\t\t\t\t<\/div>\n\t\t\t\t<\/a>\n\t\t\t<\/div>\n\t\t<\/div><\/div>\n","protected":false},"excerpt":{"rendered":"","protected":false},"author":1,"featured_media":1369,"parent":1283,"menu_order":0,"comment_status":"closed","ping_status":"closed","template":"","meta":{"_glsr_average":0,"_glsr_ranking":0,"_glsr_reviews":0},"yoast_head":"<!-- This site is optimized with the Yoast SEO plugin v20.10 - https:\/\/yoast.com\/wordpress\/plugins\/seo\/ -->\n<title>H-BRUSH \u2013 BOTOX CAPILLAIRE - Honma Tokyo Canada<\/title>\n<meta name=\"robots\" content=\"index, follow, max-snippet:-1, max-image-preview:large, max-video-preview:-1\" \/>\n<link rel=\"canonical\" href=\"https:\/\/honmatokyo.ca\/our-products\/h-brush-hair-botox\/\" \/>\n<meta property=\"og:locale\" content=\"fr_FR\" \/>\n<meta property=\"og:type\" content=\"article\" \/>\n<meta property=\"og:title\" content=\"H-BRUSH \u2013 BOTOX CAPILLAIRE - Honma Tokyo Canada\" \/>\n<meta property=\"og:url\" content=\"https:\/\/honmatokyo.ca\/our-products\/h-brush-hair-botox\/\" \/>\n<meta property=\"og:site_name\" content=\"Honma Tokyo Canada\" \/>\n<meta property=\"article:modified_time\" content=\"2019-03-07T06:18:35+00:00\" \/>\n<meta property=\"og:image\" content=\"https:\/\/honmatokyo.ca\/wp-content\/uploads\/2018\/06\/brush3.png\" \/>\n\t<meta property=\"og:image:width\" content=\"490\" \/>\n\t<meta property=\"og:image:height\" content=\"563\" \/>\n\t<meta property=\"og:image:type\" content=\"image\/png\" \/>\n<meta name=\"twitter:card\" content=\"summary_large_image\" \/>\n<meta name=\"twitter:label1\" content=\"Dur\u00e9e de lecture estim\u00e9e\" \/>\n\t<meta name=\"twitter:data1\" content=\"2 minutes\" \/>\n<script type=\"application\/ld+json\" class=\"yoast-schema-graph\">{\"@context\":\"https:\/\/schema.org\",\"@graph\":[{\"@type\":\"WebPage\",\"@id\":\"https:\/\/honmatokyo.ca\/our-products\/h-brush-hair-botox\/\",\"url\":\"https:\/\/honmatokyo.ca\/our-products\/h-brush-hair-botox\/\",\"name\":\"H-BRUSH \u2013 BOTOX CAPILLAIRE - Honma Tokyo Canada\",\"isPartOf\":{\"@id\":\"https:\/\/honmatokyo.ca\/#website\"},\"datePublished\":\"2019-03-05T22:19:03+00:00\",\"dateModified\":\"2019-03-07T06:18:35+00:00\",\"breadcrumb\":{\"@id\":\"https:\/\/honmatokyo.ca\/our-products\/h-brush-hair-botox\/#breadcrumb\"},\"inLanguage\":\"fr-FR\",\"potentialAction\":[{\"@type\":\"ReadAction\",\"target\":[\"https:\/\/honmatokyo.ca\/our-products\/h-brush-hair-botox\/\"]}]},{\"@type\":\"BreadcrumbList\",\"@id\":\"https:\/\/honmatokyo.ca\/our-products\/h-brush-hair-botox\/#breadcrumb\",\"itemListElement\":[{\"@type\":\"ListItem\",\"position\":1,\"name\":\"Home\",\"item\":\"https:\/\/honmatokyo.ca\/fr\/\"},{\"@type\":\"ListItem\",\"position\":2,\"name\":\"Nos produits\",\"item\":\"https:\/\/honmatokyo.ca\/our-products\/\"},{\"@type\":\"ListItem\",\"position\":3,\"name\":\"H-BRUSH \u2013 BOTOX CAPILLAIRE\"}]},{\"@type\":\"WebSite\",\"@id\":\"https:\/\/honmatokyo.ca\/#website\",\"url\":\"https:\/\/honmatokyo.ca\/\",\"name\":\"Honma Tokyo Canada\",\"description\":\"Les produits professionnels pour la transformation, traitement et entretien des cheveux\\r\\n\",\"publisher\":{\"@id\":\"https:\/\/honmatokyo.ca\/#organization\"},\"potentialAction\":[{\"@type\":\"SearchAction\",\"target\":{\"@type\":\"EntryPoint\",\"urlTemplate\":\"https:\/\/honmatokyo.ca\/?s={search_term_string}\"},\"query-input\":\"required name=search_term_string\"}],\"inLanguage\":\"fr-FR\"},{\"@type\":\"Organization\",\"@id\":\"https:\/\/honmatokyo.ca\/#organization\",\"name\":\"Honma Tokyo Canada\",\"url\":\"https:\/\/honmatokyo.ca\/\",\"logo\":{\"@type\":\"ImageObject\",\"inLanguage\":\"fr-FR\",\"@id\":\"https:\/\/honmatokyo.ca\/#\/schema\/logo\/image\/\",\"url\":\"https:\/\/honmatokyo.ca\/wp-content\/uploads\/2018\/06\/Logo-Honma.png\",\"contentUrl\":\"https:\/\/honmatokyo.ca\/wp-content\/uploads\/2018\/06\/Logo-Honma.png\",\"width\":3342,\"height\":784,\"caption\":\"Honma Tokyo Canada\"},\"image\":{\"@id\":\"https:\/\/honmatokyo.ca\/#\/schema\/logo\/image\/\"},\"sameAs\":[\"https:\/\/www.instagram.com\/honmatokyocanada\/\"]}]}<\/script>\n<!-- \/ Yoast SEO plugin. -->","yoast_head_json":{"title":"H-BRUSH \u2013 BOTOX CAPILLAIRE - Honma Tokyo Canada","robots":{"index":"index","follow":"follow","max-snippet":"max-snippet:-1","max-image-preview":"max-image-preview:large","max-video-preview":"max-video-preview:-1"},"canonical":"https:\/\/honmatokyo.ca\/our-products\/h-brush-hair-botox\/","og_locale":"fr_FR","og_type":"article","og_title":"H-BRUSH \u2013 BOTOX CAPILLAIRE - Honma Tokyo Canada","og_url":"https:\/\/honmatokyo.ca\/our-products\/h-brush-hair-botox\/","og_site_name":"Honma Tokyo Canada","article_modified_time":"2019-03-07T06:18:35+00:00","og_image":[{"width":490,"height":563,"url":"https:\/\/honmatokyo.ca\/wp-content\/uploads\/2018\/06\/brush3.png","type":"image\/png"}],"twitter_card":"summary_large_image","twitter_misc":{"Dur\u00e9e de lecture estim\u00e9e":"2 minutes"},"schema":{"@context":"https:\/\/schema.org","@graph":[{"@type":"WebPage","@id":"https:\/\/honmatokyo.ca\/our-products\/h-brush-hair-botox\/","url":"https:\/\/honmatokyo.ca\/our-products\/h-brush-hair-botox\/","name":"H-BRUSH \u2013 BOTOX CAPILLAIRE - Honma Tokyo Canada","isPartOf":{"@id":"https:\/\/honmatokyo.ca\/#website"},"datePublished":"2019-03-05T22:19:03+00:00","dateModified":"2019-03-07T06:18:35+00:00","breadcrumb":{"@id":"https:\/\/honmatokyo.ca\/our-products\/h-brush-hair-botox\/#breadcrumb"},"inLanguage":"fr-FR","potentialAction":[{"@type":"ReadAction","target":["https:\/\/honmatokyo.ca\/our-products\/h-brush-hair-botox\/"]}]},{"@type":"BreadcrumbList","@id":"https:\/\/honmatokyo.ca\/our-products\/h-brush-hair-botox\/#breadcrumb","itemListElement":[{"@type":"ListItem","position":1,"name":"Home","item":"https:\/\/honmatokyo.ca\/fr\/"},{"@type":"ListItem","position":2,"name":"Nos produits","item":"https:\/\/honmatokyo.ca\/our-products\/"},{"@type":"ListItem","position":3,"name":"H-BRUSH \u2013 BOTOX CAPILLAIRE"}]},{"@type":"WebSite","@id":"https:\/\/honmatokyo.ca\/#website","url":"https:\/\/honmatokyo.ca\/","name":"Honma Tokyo Canada","description":"Les produits professionnels pour la transformation, traitement et entretien des cheveux\r\n","publisher":{"@id":"https:\/\/honmatokyo.ca\/#organization"},"potentialAction":[{"@type":"SearchAction","target":{"@type":"EntryPoint","urlTemplate":"https:\/\/honmatokyo.ca\/?s={search_term_string}"},"query-input":"required name=search_term_string"}],"inLanguage":"fr-FR"},{"@type":"Organization","@id":"https:\/\/honmatokyo.ca\/#organization","name":"Honma Tokyo Canada","url":"https:\/\/honmatokyo.ca\/","logo":{"@type":"ImageObject","inLanguage":"fr-FR","@id":"https:\/\/honmatokyo.ca\/#\/schema\/logo\/image\/","url":"https:\/\/honmatokyo.ca\/wp-content\/uploads\/2018\/06\/Logo-Honma.png","contentUrl":"https:\/\/honmatokyo.ca\/wp-content\/uploads\/2018\/06\/Logo-Honma.png","width":3342,"height":784,"caption":"Honma Tokyo Canada"},"image":{"@id":"https:\/\/honmatokyo.ca\/#\/schema\/logo\/image\/"},"sameAs":["https:\/\/www.instagram.com\/honmatokyocanada\/"]}]}},"_links":{"self":[{"href":"https:\/\/honmatokyo.ca\/fr\/wp-json\/wp\/v2\/pages\/2749"}],"collection":[{"href":"https:\/\/honmatokyo.ca\/fr\/wp-json\/wp\/v2\/pages"}],"about":[{"href":"https:\/\/honmatokyo.ca\/fr\/wp-json\/wp\/v2\/types\/page"}],"author":[{"embeddable":true,"href":"https:\/\/honmatokyo.ca\/fr\/wp-json\/wp\/v2\/users\/1"}],"replies":[{"embeddable":true,"href":"https:\/\/honmatokyo.ca\/fr\/wp-json\/wp\/v2\/comments?post=2749"}],"version-history":[{"count":2,"href":"https:\/\/honmatokyo.ca\/fr\/wp-json\/wp\/v2\/pages\/2749\/revisions"}],"predecessor-version":[{"id":2935,"href":"https:\/\/honmatokyo.ca\/fr\/wp-json\/wp\/v2\/pages\/2749\/revisions\/2935"}],"up":[{"embeddable":true,"href":"https:\/\/honmatokyo.ca\/fr\/wp-json\/wp\/v2\/pages\/1283"}],"wp:featuredmedia":[{"embeddable":true,"href":"https:\/\/honmatokyo.ca\/fr\/wp-json\/wp\/v2\/media\/1369"}],"wp:attachment":[{"href":"https:\/\/honmatokyo.ca\/fr\/wp-json\/wp\/v2\/media?parent=2749"}],"curies":[{"name":"wp","href":"https:\/\/api.w.org\/{rel}","templated":true}]}}