{"id":2756,"date":"2019-03-05T17:28:06","date_gmt":"2019-03-05T22:28:06","guid":{"rendered":"https:\/\/honmatokyo.ca\/?page_id=2756"},"modified":"2019-03-07T01:24:51","modified_gmt":"2019-03-07T06:24:51","slug":"h-sos-capillar-traitements-professionnels-au-salon","status":"publish","type":"page","link":"https:\/\/honmatokyo.ca\/fr\/nos-produits\/h-sos-capillar-traitements-professionnels-au-salon\/","title":{"rendered":"H-SOS CAPILLAR &#8211; TRAITEMENTS PROFESSIONNELS AU SALON"},"content":{"rendered":"<div class=\"container section-title-container\" ><h3 class=\"section-title section-title-normal\"><b><\/b><span class=\"section-title-main\" >H-SOS CAPILAR - TRAITEMENTS PROFESSIONNELS AU SALON<\/span><b><\/b><\/h3><\/div>\n<div class=\"row\"  id=\"row-424473957\">\n\n\t<div id=\"col-1457364142\" class=\"col small-12 large-12\"  >\n\t\t\t\t<div class=\"col-inner\"  >\n\t\t\t\n\t\t\t\n<div id=\"tab-description\" class=\"panel entry-content active\">\n<h2><img decoding=\"async\" class=\" wp-image-1730 alignleft\" src=\"https:\/\/honmatokyo.ca\/wp-content\/uploads\/2018\/12\/H-SOS.png\" alt=\"\" width=\"330\" height=\"275\" \/><\/h2>\n<div id=\"tab-description\" class=\"panel entry-content active\">\n<h2>H-S.O.S. CAPILAR<\/h2>\n<p>H-S.O.S Capilar a \u00e9t\u00e9 sp\u00e9cialement d\u00e9velopp\u00e9 pour traiter les cheveux et neutraliser le pH du cheveu poreux ayant subi un traitement chimique. Ce traitement est enrichi par des extraits naturels d\u2019algues, d\u2019huile de Jaborandi et d\u2019amande qui revitalisent, laissent briller, adoucient et restaurent l\u2019\u00e9lasticit\u00e9 naturelle du cheveu.<\/p>\n<h4>PROTOCOLES ET CONSEILS D\u2019UTILISATION<\/h4>\n<p>Outre les instructions d\u2019utilisation sur l\u2019\u00e9tiquette du produit, la ligne H-S.O.S. Capilar peut \u00eatre utilis\u00e9e de diff\u00e9rentes fa\u00e7ons selon les besoins du coiffeur et leur diagnostic. Ci-dessous sont des conseils sur la fa\u00e7on d\u2019utilisation\u00a0:<\/p>\n<p><strong>R\u00e9paration des pointes fourchues<\/strong><\/p>\n<ol>\n<li>Lavez les cheveux avec le shampooing revitalisant H-S.O.S.<\/li>\n<li>Enlevez l\u2019exc\u00e8s d\u2019eau avec une serviette et vaporisez les Lipides R\u00e9paration en Profondeur H-S.O.S. Capilar sur les pointes seulement. Laissez agir pour 5 minutes.<\/li>\n<li>Apr\u00e8s 5 minutes, appliquez le Masque de Reconstruction H-S.O.S. Capilar sur toute la longueur des cheveux et laissez agir pour 10-15 minutes.<\/li>\n<li>Rincez bien les cheveux et finissez comme d\u00e9sir\u00e9<\/li>\n<\/ol>\n<p><strong>Traitement apr\u00e8s la d\u00e9coloration et teinture des cheveux<\/strong><\/p>\n<ol>\n<li>Apr\u00e8s avoir terminer la d\u00e9coloration\/tenture, rincez bien les cheveux et enlevez tout l\u2019exc\u00e8s d\u2019eau.<\/li>\n<li>Dans un bassin der lavage, appliquez le Baume Neutralisant H-S.O.S. Capilar sur toute la longueur des cheveux et laissez agir pour 10 minutes<\/li>\n<li>Rincez bien, appliquez le produit de finition Honma Tokyo de votre choix et brosser les cheveux<\/li>\n<\/ol>\n<p><strong>Pour les r\u00e9sultats instantan\u00e9s de revitalisation des cheveux<\/strong><\/p>\n<ol>\n<li>Lavez les cheveux avec le Shampooing Revitalisant H-S.O.S. Capilar, enlevez l\u2019exc\u00e8s d\u2019eau avec une serviette, pr\u00e9parez le m\u00e9lange, comme suit, dans un bol et appliquez sur les cheveux\u00a0:<\/li>\n<\/ol>\n<ul>\n<li>10 gr de Masque Reconstructif H-S.O.S. Capilar<\/li>\n<li>8 vaporisations de la K\u00e9ratine de R\u00e9paration en Profondeur H-S.O.S. Capilar<\/li>\n<li>5 vaporisations de Lipides R\u00e9paration en Profondeur H-S.O.S. Capilar<\/li>\n<\/ul>\n<ol start=\"2\">\n<li>M\u00e9langez bien et appliquez sur toute la longueur des cheveux. Laissez agir pour 15 minutes. Ensuite, rincez bien jusque tout le produit est compl\u00e8tement enlev\u00e9 et finissez comme d\u00e9sir\u00e9.<\/li>\n<\/ol>\n<p><strong>Pour r\u00e9parer les cheveux extr\u00eamement endommag\u00e9s et fragiles<\/strong><\/p>\n<ol>\n<li>Lavez les cheveux avec le Shampooing Revitalisant H-S.O.S. Capilar et enlevez tout l\u2019exc\u00e8s d\u2019eau avec une serviette.<\/li>\n<li>Appliquez la K\u00e9ratine de R\u00e9paration en Profondeur H-S.O.S. Capilar m\u00e8che par m\u00e8che sur la longueur totale des cheveux et brossez. Laissez agir pour 10 minutes.<\/li>\n<li>Placez le Masque de Reconstruction H-S.O.S. Capilar dans un bol, vaporisez-le avec des Lipides de R\u00e9paration en Profondeur H-S.O.S. Capilar et m\u00e9langez bien. Appliquez le m\u00e9lange sur les cheveux en laissant un espace de 5 cm des racines et laissez agir pour 10 minutes.<\/li>\n<li>Apr\u00e8s les 10 minutes, rincez bien les cheveux et finissez comme d\u00e9sir\u00e9.<\/li>\n<\/ol>\n<\/div>\n<\/div>\n<div class=\"row\"  id=\"row-404088959\">\n\n\t<div id=\"col-19745623\" class=\"col small-12 large-12\"  >\n\t\t\t\t<div class=\"col-inner text-right\"  >\n\t\t\t\n\t\t\t\n<a href=\"https:\/\/honmatokyo.ca\/fr\/produit\/honma-h-sos\/\" target=\"_self\" class=\"button primary is-outline\"  style=\"border-radius:99px;\">\n    <span>Magasinez maintenant<\/span>\n  <i class=\"icon-shopping-cart\" aria-hidden=\"true\" ><\/i><\/a>\n\n\t\t<\/div>\n\t\t\t\t\t<\/div>\n\n\t\n<\/div>\n\t\t<\/div>\n\t\t\t\t\t<\/div>\n\n\t\n<\/div>\n\t<div id=\"gap-464329007\" class=\"gap-element clearfix\" style=\"display:block; height:auto;\">\n\t\t\n<style>\n#gap-464329007 {\n  padding-top: 30px;\n}\n<\/style>\n\t<\/div>\n\t\n\n<div class=\"container section-title-container\" ><h3 class=\"section-title section-title-center\"><b><\/b><span class=\"section-title-main\" >More Honma Tokyo Products<\/span><b><\/b><\/h3><\/div>\n\n<p class=\"lead shortcode-error text-center\">Sorry, no pages was found<\/p>\n  \n    <div class=\"row large-columns-4 medium-columns-3 small-columns-2 row-large slider row-slider slider-nav-reveal slider-nav-push\"  data-flickity-options='{\"imagesLoaded\": true, \"groupCells\": \"100%\", \"dragThreshold\" : 5, \"cellAlign\": \"left\",\"wrapAround\": true,\"prevNextButtons\": true,\"percentPosition\": true,\"pageDots\": true, \"rightToLeft\": false, \"autoPlay\" : 4000}'>\n\n  <\/div>\n\n\t<div id=\"gap-549554267\" class=\"gap-element clearfix\" style=\"display:block; height:auto;\">\n\t\t\n<style>\n#gap-549554267 {\n  padding-top: 30px;\n}\n<\/style>\n\t<\/div>\n\t\n\n<div class=\"container section-title-container\" ><h3 class=\"section-title section-title-center\"><b><\/b><span class=\"section-title-main\" >Blog Posts<\/span><b><\/b><\/h3><\/div>\n\n\n  \n    <div class=\"row large-columns-2 medium-columns-1 small-columns-1 slider row-slider slider-nav-circle slider-nav-outside\"  data-flickity-options='{\"imagesLoaded\": true, \"groupCells\": \"100%\", \"dragThreshold\" : 5, \"cellAlign\": \"left\",\"wrapAround\": true,\"prevNextButtons\": true,\"percentPosition\": true,\"pageDots\": false, \"rightToLeft\": false, \"autoPlay\" : 5000}'>\n\n  <div class=\"col post-item\" >\n\t\t\t<div class=\"col-inner\">\n\t\t\t<a href=\"https:\/\/honmatokyo.ca\/fr\/quest-ce-que-le-traitement-de-nanoplastie\/\" class=\"plain\">\n\t\t\t\t<div class=\"box box-vertical box-text-bottom box-blog-post has-hover\">\n            \t\t\t\t\t<div class=\"box-image\" style=\"width:53%;\">\n  \t\t\t\t\t\t<div class=\"image-cover\" style=\"padding-top:100%;\">\n  \t\t\t\t\t\t\t<img width=\"433\" height=\"400\" src=\"https:\/\/honmatokyo.ca\/wp-content\/uploads\/2018\/05\/Coffee-Premium-croped1.png\" class=\"attachment-medium size-medium wp-post-image\" alt=\"\" decoding=\"async\" \/>  \t\t\t\t\t\t\t  \t\t\t\t\t\t\t  \t\t\t\t\t\t<\/div>\n  \t\t\t\t\t\t  \t\t\t\t\t<\/div>\n          \t\t\t\t\t<div class=\"box-text text-center\" >\n\t\t\t\t\t<div class=\"box-text-inner blog-post-inner\">\n\n\t\t\t\t\t\n\t\t\t\t\t\t\t\t\t\t<h5 class=\"post-title is-large uppercase\">Qu\u2019est-ce que le traitement de nanoplastie?<\/h5>\n\t\t\t\t\t\t\t\t\t\t<div class=\"is-divider\"><\/div>\n\t\t\t\t\t\t\t\t\t\t<p class=\"from_the_blog_excerpt \">Un traitement de derni\u00e8re g\u00e9n\u00e9ration, Nanoplastie Capillaire, est une restauration du cheveu, prouv\u00e9e sur pratique [...]\t\t\t\t\t<\/p>\n\t\t\t\t\t                                            <p class=\"from_the_blog_comments uppercase is-xsmall\">\n                            2 Comments                        <\/p>\n                    \n\t\t\t\t\t\n\t\t\t\t\t\n\t\t\t\t\t<\/div>\n\t\t\t\t\t<\/div>\n\t\t\t\t\t\t\t\t\t\t\t\t\t\t\t\t<div class=\"badge absolute top post-date badge-circle-inside\">\n\t\t\t\t\t\t\t<div class=\"badge-inner\">\n\t\t\t\t\t\t\t\t<span class=\"post-date-day\">24<\/span><br>\n\t\t\t\t\t\t\t\t<span class=\"post-date-month is-xsmall\">Jan<\/span>\n\t\t\t\t\t\t\t<\/div>\n\t\t\t\t\t\t<\/div>\n\t\t\t\t\t\t\t\t\t<\/div>\n\t\t\t\t<\/a>\n\t\t\t<\/div>\n\t\t<\/div><div class=\"col post-item\" >\n\t\t\t<div class=\"col-inner\">\n\t\t\t<a href=\"https:\/\/honmatokyo.ca\/fr\/lentretien-apres-le-traitement-bixyplastie\/\" class=\"plain\">\n\t\t\t\t<div class=\"box box-vertical box-text-bottom box-blog-post has-hover\">\n            \t\t\t\t\t<div class=\"box-image\" style=\"width:53%;\">\n  \t\t\t\t\t\t<div class=\"image-cover\" style=\"padding-top:100%;\">\n  \t\t\t\t\t\t\t<img width=\"388\" height=\"400\" src=\"https:\/\/honmatokyo.ca\/wp-content\/uploads\/2018\/05\/PlastHair775x800.png\" class=\"attachment-medium size-medium wp-post-image\" alt=\"\" decoding=\"async\" \/>  \t\t\t\t\t\t\t  \t\t\t\t\t\t\t  \t\t\t\t\t\t<\/div>\n  \t\t\t\t\t\t  \t\t\t\t\t<\/div>\n          \t\t\t\t\t<div class=\"box-text text-center\" >\n\t\t\t\t\t<div class=\"box-text-inner blog-post-inner\">\n\n\t\t\t\t\t\n\t\t\t\t\t\t\t\t\t\t<h5 class=\"post-title is-large uppercase\">L\u2019entretien apr\u00e8s le traitement &#8211; Bixyplastie<\/h5>\n\t\t\t\t\t\t\t\t\t\t<div class=\"is-divider\"><\/div>\n\t\t\t\t\t\t\t\t\t\t<p class=\"from_the_blog_excerpt \">Bixyplastie Attendez 24 heures avant de laver les cheveux Le premier lavage doit \u00eatre fait [...]\t\t\t\t\t<\/p>\n\t\t\t\t\t                    \n\t\t\t\t\t\n\t\t\t\t\t\n\t\t\t\t\t<\/div>\n\t\t\t\t\t<\/div>\n\t\t\t\t\t\t\t\t\t\t\t\t\t\t\t\t<div class=\"badge absolute top post-date badge-circle-inside\">\n\t\t\t\t\t\t\t<div class=\"badge-inner\">\n\t\t\t\t\t\t\t\t<span class=\"post-date-day\">24<\/span><br>\n\t\t\t\t\t\t\t\t<span class=\"post-date-month is-xsmall\">Jan<\/span>\n\t\t\t\t\t\t\t<\/div>\n\t\t\t\t\t\t<\/div>\n\t\t\t\t\t\t\t\t\t<\/div>\n\t\t\t\t<\/a>\n\t\t\t<\/div>\n\t\t<\/div><div class=\"col post-item\" >\n\t\t\t<div class=\"col-inner\">\n\t\t\t<a href=\"https:\/\/honmatokyo.ca\/fr\/entretien-keratine-botox-nanoplastie\/\" class=\"plain\">\n\t\t\t\t<div class=\"box box-vertical box-text-bottom box-blog-post has-hover\">\n            \t\t\t\t\t<div class=\"box-image\" style=\"width:53%;\">\n  \t\t\t\t\t\t<div class=\"image-cover\" style=\"padding-top:100%;\">\n  \t\t\t\t\t\t\t<img width=\"292\" height=\"400\" src=\"https:\/\/honmatokyo.ca\/wp-content\/uploads\/2018\/05\/Maintenance.png\" class=\"attachment-medium size-medium wp-post-image\" alt=\"\" decoding=\"async\" \/>  \t\t\t\t\t\t\t  \t\t\t\t\t\t\t  \t\t\t\t\t\t<\/div>\n  \t\t\t\t\t\t  \t\t\t\t\t<\/div>\n          \t\t\t\t\t<div class=\"box-text text-center\" >\n\t\t\t\t\t<div class=\"box-text-inner blog-post-inner\">\n\n\t\t\t\t\t\n\t\t\t\t\t\t\t\t\t\t<h5 class=\"post-title is-large uppercase\">L\u2019entretien apr\u00e8s le traitement &#8211; K\u00e9ratine, Botox, Nanoplastie<\/h5>\n\t\t\t\t\t\t\t\t\t\t<div class=\"is-divider\"><\/div>\n\t\t\t\t\t\t\t\t\t\t<p class=\"from_the_blog_excerpt \">K\u00e9ratine, Botox, Nanoplastie L\u2019ENTRETIEN APR\u00c8S LE TRAITEMENT Il est recommand\u00e9 d\u2019attendre 12 heures apr\u00e8s le [...]\t\t\t\t\t<\/p>\n\t\t\t\t\t                    \n\t\t\t\t\t\n\t\t\t\t\t\n\t\t\t\t\t<\/div>\n\t\t\t\t\t<\/div>\n\t\t\t\t\t\t\t\t\t\t\t\t\t\t\t\t<div class=\"badge absolute top post-date badge-circle-inside\">\n\t\t\t\t\t\t\t<div class=\"badge-inner\">\n\t\t\t\t\t\t\t\t<span class=\"post-date-day\">24<\/span><br>\n\t\t\t\t\t\t\t\t<span class=\"post-date-month is-xsmall\">Jan<\/span>\n\t\t\t\t\t\t\t<\/div>\n\t\t\t\t\t\t<\/div>\n\t\t\t\t\t\t\t\t\t<\/div>\n\t\t\t\t<\/a>\n\t\t\t<\/div>\n\t\t<\/div><div class=\"col post-item\" >\n\t\t\t<div class=\"col-inner\">\n\t\t\t<a href=\"https:\/\/honmatokyo.ca\/fr\/difference-entre-la-keratine-le-botox-capillaire-la-bixyplastie-et-la-nanoplastie\/\" class=\"plain\">\n\t\t\t\t<div class=\"box box-vertical box-text-bottom box-blog-post has-hover\">\n            \t\t\t\t\t<div class=\"box-image\" style=\"width:53%;\">\n  \t\t\t\t\t\t<div class=\"image-cover\" style=\"padding-top:100%;\">\n  \t\t\t\t\t\t\t<img width=\"289\" height=\"400\" src=\"https:\/\/honmatokyo.ca\/wp-content\/uploads\/2015\/11\/Finalization.png\" class=\"attachment-medium size-medium wp-post-image\" alt=\"\" decoding=\"async\" \/>  \t\t\t\t\t\t\t  \t\t\t\t\t\t\t  \t\t\t\t\t\t<\/div>\n  \t\t\t\t\t\t  \t\t\t\t\t<\/div>\n          \t\t\t\t\t<div class=\"box-text text-center\" >\n\t\t\t\t\t<div class=\"box-text-inner blog-post-inner\">\n\n\t\t\t\t\t\n\t\t\t\t\t\t\t\t\t\t<h5 class=\"post-title is-large uppercase\">Diff\u00e9rence entre la k\u00e9ratine, le botox capillaire, la bixyplastie et la nanoplastie<\/h5>\n\t\t\t\t\t\t\t\t\t\t<div class=\"is-divider\"><\/div>\n\t\t\t\t\t\t\t\t\t\t<p class=\"from_the_blog_excerpt \">Honma Tokyo\u00a0 qui gr\u00e2ce aux derni\u00e8res technologies du Br\u00e9sil ont d\u00e9velopp\u00e9 les meilleurs traitements connus [...]\t\t\t\t\t<\/p>\n\t\t\t\t\t                                            <p class=\"from_the_blog_comments uppercase is-xsmall\">\n                            2 Comments                        <\/p>\n                    \n\t\t\t\t\t\n\t\t\t\t\t\n\t\t\t\t\t<\/div>\n\t\t\t\t\t<\/div>\n\t\t\t\t\t\t\t\t\t\t\t\t\t\t\t\t<div class=\"badge absolute top post-date badge-circle-inside\">\n\t\t\t\t\t\t\t<div class=\"badge-inner\">\n\t\t\t\t\t\t\t\t<span class=\"post-date-day\">24<\/span><br>\n\t\t\t\t\t\t\t\t<span class=\"post-date-month is-xsmall\">Jan<\/span>\n\t\t\t\t\t\t\t<\/div>\n\t\t\t\t\t\t<\/div>\n\t\t\t\t\t\t\t\t\t<\/div>\n\t\t\t\t<\/a>\n\t\t\t<\/div>\n\t\t<\/div><div class=\"col post-item\" >\n\t\t\t<div class=\"col-inner\">\n\t\t\t<a href=\"https:\/\/honmatokyo.ca\/fr\/questions-reponses\/\" class=\"plain\">\n\t\t\t\t<div class=\"box box-vertical box-text-bottom box-blog-post has-hover\">\n            \t\t\t\t\t<div class=\"box-image\" style=\"width:53%;\">\n  \t\t\t\t\t\t<div class=\"image-cover\" style=\"padding-top:100%;\">\n  \t\t\t\t\t\t\t<img width=\"709\" height=\"400\" src=\"https:\/\/honmatokyo.ca\/wp-content\/uploads\/2018\/06\/woman-thinking-709x400.jpg\" class=\"attachment-medium size-medium wp-post-image\" alt=\"\" decoding=\"async\" srcset=\"https:\/\/honmatokyo.ca\/wp-content\/uploads\/2018\/06\/woman-thinking-709x400.jpg 709w, https:\/\/honmatokyo.ca\/wp-content\/uploads\/2018\/06\/woman-thinking-768x433.jpg 768w, https:\/\/honmatokyo.ca\/wp-content\/uploads\/2018\/06\/woman-thinking-600x338.jpg 600w, https:\/\/honmatokyo.ca\/wp-content\/uploads\/2018\/06\/woman-thinking.jpg 940w\" sizes=\"(max-width: 709px) 100vw, 709px\" \/>  \t\t\t\t\t\t\t  \t\t\t\t\t\t\t  \t\t\t\t\t\t<\/div>\n  \t\t\t\t\t\t  \t\t\t\t\t<\/div>\n          \t\t\t\t\t<div class=\"box-text text-center\" >\n\t\t\t\t\t<div class=\"box-text-inner blog-post-inner\">\n\n\t\t\t\t\t\n\t\t\t\t\t\t\t\t\t\t<h5 class=\"post-title is-large uppercase\">QUESTIONS \/ R\u00c9PONSES<\/h5>\n\t\t\t\t\t\t\t\t\t\t<div class=\"is-divider\"><\/div>\n\t\t\t\t\t\t\t\t\t\t<p class=\"from_the_blog_excerpt \">Q: Qu\u2019est-ce qui est le traitement de lissage de cheveux \u00e0\u00a0la k\u00e9ratine? R: C\u2019est un [...]\t\t\t\t\t<\/p>\n\t\t\t\t\t                    \n\t\t\t\t\t\n\t\t\t\t\t\n\t\t\t\t\t<\/div>\n\t\t\t\t\t<\/div>\n\t\t\t\t\t\t\t\t\t\t\t\t\t\t\t\t<div class=\"badge absolute top post-date badge-circle-inside\">\n\t\t\t\t\t\t\t<div class=\"badge-inner\">\n\t\t\t\t\t\t\t\t<span class=\"post-date-day\">20<\/span><br>\n\t\t\t\t\t\t\t\t<span class=\"post-date-month is-xsmall\">Juin<\/span>\n\t\t\t\t\t\t\t<\/div>\n\t\t\t\t\t\t<\/div>\n\t\t\t\t\t\t\t\t\t<\/div>\n\t\t\t\t<\/a>\n\t\t\t<\/div>\n\t\t<\/div><\/div>\n","protected":false},"excerpt":{"rendered":"","protected":false},"author":1,"featured_media":1731,"parent":1283,"menu_order":0,"comment_status":"closed","ping_status":"closed","template":"","meta":{"_glsr_average":0,"_glsr_ranking":0,"_glsr_reviews":0},"yoast_head":"<!-- This site is optimized with the Yoast SEO plugin v20.10 - https:\/\/yoast.com\/wordpress\/plugins\/seo\/ -->\n<title>H-SOS CAPILLAR - TRAITEMENTS PROFESSIONNELS AU SALON - Honma Tokyo Canada<\/title>\n<meta name=\"robots\" content=\"index, follow, max-snippet:-1, max-image-preview:large, max-video-preview:-1\" \/>\n<link rel=\"canonical\" href=\"https:\/\/honmatokyo.ca\/our-products\/h-sos-capillar\/\" \/>\n<meta property=\"og:locale\" content=\"fr_FR\" \/>\n<meta property=\"og:type\" content=\"article\" \/>\n<meta property=\"og:title\" content=\"H-SOS CAPILLAR - TRAITEMENTS PROFESSIONNELS AU SALON - Honma Tokyo Canada\" \/>\n<meta property=\"og:url\" content=\"https:\/\/honmatokyo.ca\/our-products\/h-sos-capillar\/\" \/>\n<meta property=\"og:site_name\" content=\"Honma Tokyo Canada\" \/>\n<meta property=\"article:modified_time\" content=\"2019-03-07T06:24:51+00:00\" \/>\n<meta property=\"og:image\" content=\"https:\/\/honmatokyo.ca\/wp-content\/uploads\/2018\/12\/H-SOS.png\" \/>\n\t<meta property=\"og:image:width\" content=\"1200\" \/>\n\t<meta property=\"og:image:height\" content=\"1000\" \/>\n\t<meta property=\"og:image:type\" content=\"image\/png\" \/>\n<meta name=\"twitter:card\" content=\"summary_large_image\" \/>\n<meta name=\"twitter:label1\" content=\"Dur\u00e9e de lecture estim\u00e9e\" \/>\n\t<meta name=\"twitter:data1\" content=\"3 minutes\" \/>\n<script type=\"application\/ld+json\" class=\"yoast-schema-graph\">{\"@context\":\"https:\/\/schema.org\",\"@graph\":[{\"@type\":\"WebPage\",\"@id\":\"https:\/\/honmatokyo.ca\/our-products\/h-sos-capillar\/\",\"url\":\"https:\/\/honmatokyo.ca\/our-products\/h-sos-capillar\/\",\"name\":\"H-SOS CAPILLAR - TRAITEMENTS PROFESSIONNELS AU SALON - Honma Tokyo Canada\",\"isPartOf\":{\"@id\":\"https:\/\/honmatokyo.ca\/#website\"},\"datePublished\":\"2019-03-05T22:28:06+00:00\",\"dateModified\":\"2019-03-07T06:24:51+00:00\",\"breadcrumb\":{\"@id\":\"https:\/\/honmatokyo.ca\/our-products\/h-sos-capillar\/#breadcrumb\"},\"inLanguage\":\"fr-FR\",\"potentialAction\":[{\"@type\":\"ReadAction\",\"target\":[\"https:\/\/honmatokyo.ca\/our-products\/h-sos-capillar\/\"]}]},{\"@type\":\"BreadcrumbList\",\"@id\":\"https:\/\/honmatokyo.ca\/our-products\/h-sos-capillar\/#breadcrumb\",\"itemListElement\":[{\"@type\":\"ListItem\",\"position\":1,\"name\":\"Home\",\"item\":\"https:\/\/honmatokyo.ca\/fr\/\"},{\"@type\":\"ListItem\",\"position\":2,\"name\":\"Nos produits\",\"item\":\"https:\/\/honmatokyo.ca\/our-products\/\"},{\"@type\":\"ListItem\",\"position\":3,\"name\":\"H-SOS CAPILLAR &#8211; TRAITEMENTS PROFESSIONNELS AU SALON\"}]},{\"@type\":\"WebSite\",\"@id\":\"https:\/\/honmatokyo.ca\/#website\",\"url\":\"https:\/\/honmatokyo.ca\/\",\"name\":\"Honma Tokyo Canada\",\"description\":\"Les produits professionnels pour la transformation, traitement et entretien des cheveux\\r\\n\",\"publisher\":{\"@id\":\"https:\/\/honmatokyo.ca\/#organization\"},\"potentialAction\":[{\"@type\":\"SearchAction\",\"target\":{\"@type\":\"EntryPoint\",\"urlTemplate\":\"https:\/\/honmatokyo.ca\/?s={search_term_string}\"},\"query-input\":\"required name=search_term_string\"}],\"inLanguage\":\"fr-FR\"},{\"@type\":\"Organization\",\"@id\":\"https:\/\/honmatokyo.ca\/#organization\",\"name\":\"Honma Tokyo Canada\",\"url\":\"https:\/\/honmatokyo.ca\/\",\"logo\":{\"@type\":\"ImageObject\",\"inLanguage\":\"fr-FR\",\"@id\":\"https:\/\/honmatokyo.ca\/#\/schema\/logo\/image\/\",\"url\":\"https:\/\/honmatokyo.ca\/wp-content\/uploads\/2018\/06\/Logo-Honma.png\",\"contentUrl\":\"https:\/\/honmatokyo.ca\/wp-content\/uploads\/2018\/06\/Logo-Honma.png\",\"width\":3342,\"height\":784,\"caption\":\"Honma Tokyo Canada\"},\"image\":{\"@id\":\"https:\/\/honmatokyo.ca\/#\/schema\/logo\/image\/\"},\"sameAs\":[\"https:\/\/www.instagram.com\/honmatokyocanada\/\"]}]}<\/script>\n<!-- \/ Yoast SEO plugin. -->","yoast_head_json":{"title":"H-SOS CAPILLAR - TRAITEMENTS PROFESSIONNELS AU SALON - Honma Tokyo Canada","robots":{"index":"index","follow":"follow","max-snippet":"max-snippet:-1","max-image-preview":"max-image-preview:large","max-video-preview":"max-video-preview:-1"},"canonical":"https:\/\/honmatokyo.ca\/our-products\/h-sos-capillar\/","og_locale":"fr_FR","og_type":"article","og_title":"H-SOS CAPILLAR - TRAITEMENTS PROFESSIONNELS AU SALON - Honma Tokyo Canada","og_url":"https:\/\/honmatokyo.ca\/our-products\/h-sos-capillar\/","og_site_name":"Honma Tokyo Canada","article_modified_time":"2019-03-07T06:24:51+00:00","og_image":[{"width":1200,"height":1000,"url":"https:\/\/honmatokyo.ca\/wp-content\/uploads\/2018\/12\/H-SOS.png","type":"image\/png"}],"twitter_card":"summary_large_image","twitter_misc":{"Dur\u00e9e de lecture estim\u00e9e":"3 minutes"},"schema":{"@context":"https:\/\/schema.org","@graph":[{"@type":"WebPage","@id":"https:\/\/honmatokyo.ca\/our-products\/h-sos-capillar\/","url":"https:\/\/honmatokyo.ca\/our-products\/h-sos-capillar\/","name":"H-SOS CAPILLAR - TRAITEMENTS PROFESSIONNELS AU SALON - Honma Tokyo Canada","isPartOf":{"@id":"https:\/\/honmatokyo.ca\/#website"},"datePublished":"2019-03-05T22:28:06+00:00","dateModified":"2019-03-07T06:24:51+00:00","breadcrumb":{"@id":"https:\/\/honmatokyo.ca\/our-products\/h-sos-capillar\/#breadcrumb"},"inLanguage":"fr-FR","potentialAction":[{"@type":"ReadAction","target":["https:\/\/honmatokyo.ca\/our-products\/h-sos-capillar\/"]}]},{"@type":"BreadcrumbList","@id":"https:\/\/honmatokyo.ca\/our-products\/h-sos-capillar\/#breadcrumb","itemListElement":[{"@type":"ListItem","position":1,"name":"Home","item":"https:\/\/honmatokyo.ca\/fr\/"},{"@type":"ListItem","position":2,"name":"Nos produits","item":"https:\/\/honmatokyo.ca\/our-products\/"},{"@type":"ListItem","position":3,"name":"H-SOS CAPILLAR &#8211; TRAITEMENTS PROFESSIONNELS AU SALON"}]},{"@type":"WebSite","@id":"https:\/\/honmatokyo.ca\/#website","url":"https:\/\/honmatokyo.ca\/","name":"Honma Tokyo Canada","description":"Les produits professionnels pour la transformation, traitement et entretien des cheveux\r\n","publisher":{"@id":"https:\/\/honmatokyo.ca\/#organization"},"potentialAction":[{"@type":"SearchAction","target":{"@type":"EntryPoint","urlTemplate":"https:\/\/honmatokyo.ca\/?s={search_term_string}"},"query-input":"required name=search_term_string"}],"inLanguage":"fr-FR"},{"@type":"Organization","@id":"https:\/\/honmatokyo.ca\/#organization","name":"Honma Tokyo Canada","url":"https:\/\/honmatokyo.ca\/","logo":{"@type":"ImageObject","inLanguage":"fr-FR","@id":"https:\/\/honmatokyo.ca\/#\/schema\/logo\/image\/","url":"https:\/\/honmatokyo.ca\/wp-content\/uploads\/2018\/06\/Logo-Honma.png","contentUrl":"https:\/\/honmatokyo.ca\/wp-content\/uploads\/2018\/06\/Logo-Honma.png","width":3342,"height":784,"caption":"Honma Tokyo Canada"},"image":{"@id":"https:\/\/honmatokyo.ca\/#\/schema\/logo\/image\/"},"sameAs":["https:\/\/www.instagram.com\/honmatokyocanada\/"]}]}},"_links":{"self":[{"href":"https:\/\/honmatokyo.ca\/fr\/wp-json\/wp\/v2\/pages\/2756"}],"collection":[{"href":"https:\/\/honmatokyo.ca\/fr\/wp-json\/wp\/v2\/pages"}],"about":[{"href":"https:\/\/honmatokyo.ca\/fr\/wp-json\/wp\/v2\/types\/page"}],"author":[{"embeddable":true,"href":"https:\/\/honmatokyo.ca\/fr\/wp-json\/wp\/v2\/users\/1"}],"replies":[{"embeddable":true,"href":"https:\/\/honmatokyo.ca\/fr\/wp-json\/wp\/v2\/comments?post=2756"}],"version-history":[{"count":3,"href":"https:\/\/honmatokyo.ca\/fr\/wp-json\/wp\/v2\/pages\/2756\/revisions"}],"predecessor-version":[{"id":2940,"href":"https:\/\/honmatokyo.ca\/fr\/wp-json\/wp\/v2\/pages\/2756\/revisions\/2940"}],"up":[{"embeddable":true,"href":"https:\/\/honmatokyo.ca\/fr\/wp-json\/wp\/v2\/pages\/1283"}],"wp:featuredmedia":[{"embeddable":true,"href":"https:\/\/honmatokyo.ca\/fr\/wp-json\/wp\/v2\/media\/1731"}],"wp:attachment":[{"href":"https:\/\/honmatokyo.ca\/fr\/wp-json\/wp\/v2\/media?parent=2756"}],"curies":[{"name":"wp","href":"https:\/\/api.w.org\/{rel}","templated":true}]}}