{"id":1970,"date":"2018-12-11T23:21:38","date_gmt":"2018-12-12T04:21:38","guid":{"rendered":"https:\/\/honmatokyo.ca\/product\/coffee-green\/"},"modified":"2019-12-31T00:11:13","modified_gmt":"2019-12-31T05:11:13","slug":"coffee-green","status":"publish","type":"product","link":"https:\/\/honmatokyo.ca\/fr\/produit\/coffee-green\/","title":{"rendered":"Coffee Green"},"content":{"rendered":"<h2>Parfaite lissage, Intense brillance, Equilibre PH, Hydratation intense, \u00c9limination de frisottis<\/h2>\n<p><strong><em>Coffee Green Complexe de Bio Prot\u00e9ines<\/em><\/strong> est un syst\u00e8me reconstructif qui non seulement reconstruit, mais aussi contr\u00f4le et restaure les racines de l\u2019int\u00e9rieur. Sa formule est enrichie avec le <em><strong>Caf\u00e9 Vert, Extrait de menthe et Complexe de Prot\u00e9ines<\/strong><\/em> \u2013 tous soigneusement s\u00e9lectionn\u00e9s pour agir en synergie avec la cyst\u00e9ine des cheveux les laissant forts et flexibles. Il a l\u2019action exclusive de <em><strong>Vaniliplasty<\/strong><\/em>, qui fournit l\u2019\u00e9clat et la douceur aux cheveux, en plus d\u2019avoir une action antivieillissement, qui emp\u00eache le vieillissement pr\u00e9matur\u00e9 des cheveux. L\u2019effet de la proc\u00e9dure dure 3 mois.<\/p>\n<h3>PROT\u00c9INES NATURELLES ET CONTR\u00d4LE DE VOS CHEVEUX, IL FOURNIT \u00c0 LA FOIS DE LA R\u00c9SISTANCE ET DE LA FLEXIBILIT\u00c9 AUX BRINS DES CHEVEUX!<\/h3>\n<p>\u00a0<\/p>\n<div class=\"container section-title-container\" ><h3 class=\"section-title section-title-center\"><b><\/b><span class=\"section-title-main\" >Application \u00e9tape par \u00e9tape<\/span><b><\/b><\/h3><\/div>\n<ol>\n<li>Divisez la t\u00eate en 4 parties et appliquez Coffee Green Complexe de Prot\u00e9ines \u00e0 1 cm de la racine. Appliquez sur les cheveux secs, non-lav\u00e9s, alignant les m\u00e8ches de cheveux avec une peigne \u00e0 dents fins. (Si les cheveux sont tr\u00e8s sales, il faut les laver avant avec un shampooing clarifiant et les s\u00e9cher \u00e0 100%).<\/li>\n<li>Laissez le produit agir sur les cheveux pour 40-50 minutes (utilisez le cap pour meilleur r\u00e9sultat)<\/li>\n<li>Rincer abondement et massez jusqu\u2019\u00e0 l\u2019obtention d\u2019une mousse abondante jusqu\u2019\u00e0 disparation compl\u00e8te du produit (7-10 minutes). R\u00e9p\u00e9tez 2 fois s\u2019il le faut SANS SHAMPOING.<\/li>\n<li>S\u00e9chez les cheveux \u00e0 100% en faisant le brushing (brosse)<\/li>\n<li>Passez le fer \u00e0 plat m\u00e8che par m\u00e8che sur tous les cheveux (chaque m\u00e8che ne doit pas \u00eatre plus que 1 cm d\u2019\u00e9paisseur).<\/li>\n<\/ol>\n<h5><span style=\"color: #ed1c24;\">CONSEIL:<\/span> N\u2019utilisez que la quantit\u00e9 suffisante de produit pour appliques sur tous les cheveux. Aucun exc\u00e9dent n\u2019est n\u00e9cessaire pour s\u2019assurer que le produit est efficace.<\/h5>\n","protected":false},"excerpt":{"rendered":"<h4>PROT\u00c9INES NATURELLES ET CONTR\u00d4LE DE VOS CHEVEUX, IL FOURNIT \u00c0 LA FOIS DE LA R\u00c9SISTANCE ET DE LA FLEXIBILIT\u00c9 AUX BRINS DES CHEVEUX!<\/h4>\n","protected":false},"featured_media":1891,"comment_status":"open","ping_status":"closed","template":"","meta":{"_glsr_average":0,"_glsr_ranking":0,"_glsr_reviews":0},"product_cat":[85],"product_tag":[103,104,117,106,123,107,116],"yoast_head":"<!-- This site is optimized with the Yoast SEO plugin v20.10 - https:\/\/yoast.com\/wordpress\/plugins\/seo\/ -->\n<title>Coffee Green - Honma Tokyo Canada<\/title>\n<meta name=\"robots\" content=\"index, follow, max-snippet:-1, max-image-preview:large, max-video-preview:-1\" \/>\n<link rel=\"canonical\" href=\"https:\/\/honmatokyo.ca\/produit\/coffee-green\/\" \/>\n<meta property=\"og:locale\" content=\"fr_FR\" \/>\n<meta property=\"og:type\" content=\"article\" \/>\n<meta property=\"og:title\" content=\"Coffee Green - Honma Tokyo Canada\" \/>\n<meta property=\"og:description\" content=\"PROT\u00c9INES NATURELLES ET CONTR\u00d4LE DE VOS CHEVEUX, IL FOURNIT \u00c0 LA FOIS DE LA R\u00c9SISTANCE ET DE LA FLEXIBILIT\u00c9 AUX BRINS DES CHEVEUX!\" \/>\n<meta property=\"og:url\" content=\"https:\/\/honmatokyo.ca\/produit\/coffee-green\/\" \/>\n<meta property=\"og:site_name\" content=\"Honma Tokyo Canada\" \/>\n<meta property=\"article:modified_time\" content=\"2019-12-31T05:11:13+00:00\" \/>\n<meta property=\"og:image\" content=\"https:\/\/honmatokyo.ca\/wp-content\/uploads\/2018\/12\/Coffee-Green-1000ml.png\" \/>\n\t<meta property=\"og:image:width\" content=\"1200\" \/>\n\t<meta property=\"og:image:height\" content=\"1000\" \/>\n\t<meta property=\"og:image:type\" content=\"image\/png\" \/>\n<meta name=\"twitter:card\" content=\"summary_large_image\" \/>\n<meta name=\"twitter:label1\" content=\"Dur\u00e9e de lecture estim\u00e9e\" \/>\n\t<meta name=\"twitter:data1\" content=\"2 minutes\" \/>\n<script type=\"application\/ld+json\" class=\"yoast-schema-graph\">{\"@context\":\"https:\/\/schema.org\",\"@graph\":[{\"@type\":\"WebPage\",\"@id\":\"https:\/\/honmatokyo.ca\/produit\/coffee-green\/\",\"url\":\"https:\/\/honmatokyo.ca\/produit\/coffee-green\/\",\"name\":\"Coffee Green - Honma Tokyo Canada\",\"isPartOf\":{\"@id\":\"https:\/\/honmatokyo.ca\/#website\"},\"datePublished\":\"2018-12-12T04:21:38+00:00\",\"dateModified\":\"2019-12-31T05:11:13+00:00\",\"breadcrumb\":{\"@id\":\"https:\/\/honmatokyo.ca\/produit\/coffee-green\/#breadcrumb\"},\"inLanguage\":\"fr-FR\",\"potentialAction\":[{\"@type\":\"ReadAction\",\"target\":[\"https:\/\/honmatokyo.ca\/produit\/coffee-green\/\"]}]},{\"@type\":\"BreadcrumbList\",\"@id\":\"https:\/\/honmatokyo.ca\/produit\/coffee-green\/#breadcrumb\",\"itemListElement\":[{\"@type\":\"ListItem\",\"position\":1,\"name\":\"Home\",\"item\":\"https:\/\/honmatokyo.ca\/fr\/\"},{\"@type\":\"ListItem\",\"position\":2,\"name\":\"Shop\",\"item\":\"https:\/\/honmatokyo.ca\/shop\/\"},{\"@type\":\"ListItem\",\"position\":3,\"name\":\"Coffee Green\"}]},{\"@type\":\"WebSite\",\"@id\":\"https:\/\/honmatokyo.ca\/#website\",\"url\":\"https:\/\/honmatokyo.ca\/\",\"name\":\"Honma Tokyo Canada\",\"description\":\"Les produits professionnels pour la transformation, traitement et entretien des cheveux\\r\\n\",\"publisher\":{\"@id\":\"https:\/\/honmatokyo.ca\/#organization\"},\"potentialAction\":[{\"@type\":\"SearchAction\",\"target\":{\"@type\":\"EntryPoint\",\"urlTemplate\":\"https:\/\/honmatokyo.ca\/?s={search_term_string}\"},\"query-input\":\"required name=search_term_string\"}],\"inLanguage\":\"fr-FR\"},{\"@type\":\"Organization\",\"@id\":\"https:\/\/honmatokyo.ca\/#organization\",\"name\":\"Honma Tokyo Canada\",\"url\":\"https:\/\/honmatokyo.ca\/\",\"logo\":{\"@type\":\"ImageObject\",\"inLanguage\":\"fr-FR\",\"@id\":\"https:\/\/honmatokyo.ca\/#\/schema\/logo\/image\/\",\"url\":\"https:\/\/honmatokyo.ca\/wp-content\/uploads\/2018\/06\/Logo-Honma.png\",\"contentUrl\":\"https:\/\/honmatokyo.ca\/wp-content\/uploads\/2018\/06\/Logo-Honma.png\",\"width\":3342,\"height\":784,\"caption\":\"Honma Tokyo Canada\"},\"image\":{\"@id\":\"https:\/\/honmatokyo.ca\/#\/schema\/logo\/image\/\"},\"sameAs\":[\"https:\/\/www.instagram.com\/honmatokyocanada\/\"]}]}<\/script>\n<!-- \/ Yoast SEO plugin. -->","yoast_head_json":{"title":"Coffee Green - Honma Tokyo Canada","robots":{"index":"index","follow":"follow","max-snippet":"max-snippet:-1","max-image-preview":"max-image-preview:large","max-video-preview":"max-video-preview:-1"},"canonical":"https:\/\/honmatokyo.ca\/produit\/coffee-green\/","og_locale":"fr_FR","og_type":"article","og_title":"Coffee Green - Honma Tokyo Canada","og_description":"PROT\u00c9INES NATURELLES ET CONTR\u00d4LE DE VOS CHEVEUX, IL FOURNIT \u00c0 LA FOIS DE LA R\u00c9SISTANCE ET DE LA FLEXIBILIT\u00c9 AUX BRINS DES CHEVEUX!","og_url":"https:\/\/honmatokyo.ca\/produit\/coffee-green\/","og_site_name":"Honma Tokyo Canada","article_modified_time":"2019-12-31T05:11:13+00:00","og_image":[{"width":1200,"height":1000,"url":"https:\/\/honmatokyo.ca\/wp-content\/uploads\/2018\/12\/Coffee-Green-1000ml.png","type":"image\/png"}],"twitter_card":"summary_large_image","twitter_misc":{"Dur\u00e9e de lecture estim\u00e9e":"2 minutes"},"schema":{"@context":"https:\/\/schema.org","@graph":[{"@type":"WebPage","@id":"https:\/\/honmatokyo.ca\/produit\/coffee-green\/","url":"https:\/\/honmatokyo.ca\/produit\/coffee-green\/","name":"Coffee Green - Honma Tokyo Canada","isPartOf":{"@id":"https:\/\/honmatokyo.ca\/#website"},"datePublished":"2018-12-12T04:21:38+00:00","dateModified":"2019-12-31T05:11:13+00:00","breadcrumb":{"@id":"https:\/\/honmatokyo.ca\/produit\/coffee-green\/#breadcrumb"},"inLanguage":"fr-FR","potentialAction":[{"@type":"ReadAction","target":["https:\/\/honmatokyo.ca\/produit\/coffee-green\/"]}]},{"@type":"BreadcrumbList","@id":"https:\/\/honmatokyo.ca\/produit\/coffee-green\/#breadcrumb","itemListElement":[{"@type":"ListItem","position":1,"name":"Home","item":"https:\/\/honmatokyo.ca\/fr\/"},{"@type":"ListItem","position":2,"name":"Shop","item":"https:\/\/honmatokyo.ca\/shop\/"},{"@type":"ListItem","position":3,"name":"Coffee Green"}]},{"@type":"WebSite","@id":"https:\/\/honmatokyo.ca\/#website","url":"https:\/\/honmatokyo.ca\/","name":"Honma Tokyo Canada","description":"Les produits professionnels pour la transformation, traitement et entretien des cheveux\r\n","publisher":{"@id":"https:\/\/honmatokyo.ca\/#organization"},"potentialAction":[{"@type":"SearchAction","target":{"@type":"EntryPoint","urlTemplate":"https:\/\/honmatokyo.ca\/?s={search_term_string}"},"query-input":"required name=search_term_string"}],"inLanguage":"fr-FR"},{"@type":"Organization","@id":"https:\/\/honmatokyo.ca\/#organization","name":"Honma Tokyo Canada","url":"https:\/\/honmatokyo.ca\/","logo":{"@type":"ImageObject","inLanguage":"fr-FR","@id":"https:\/\/honmatokyo.ca\/#\/schema\/logo\/image\/","url":"https:\/\/honmatokyo.ca\/wp-content\/uploads\/2018\/06\/Logo-Honma.png","contentUrl":"https:\/\/honmatokyo.ca\/wp-content\/uploads\/2018\/06\/Logo-Honma.png","width":3342,"height":784,"caption":"Honma Tokyo Canada"},"image":{"@id":"https:\/\/honmatokyo.ca\/#\/schema\/logo\/image\/"},"sameAs":["https:\/\/www.instagram.com\/honmatokyocanada\/"]}]}},"_links":{"self":[{"href":"https:\/\/honmatokyo.ca\/fr\/wp-json\/wp\/v2\/product\/1970"}],"collection":[{"href":"https:\/\/honmatokyo.ca\/fr\/wp-json\/wp\/v2\/product"}],"about":[{"href":"https:\/\/honmatokyo.ca\/fr\/wp-json\/wp\/v2\/types\/product"}],"replies":[{"embeddable":true,"href":"https:\/\/honmatokyo.ca\/fr\/wp-json\/wp\/v2\/comments?post=1970"}],"wp:featuredmedia":[{"embeddable":true,"href":"https:\/\/honmatokyo.ca\/fr\/wp-json\/wp\/v2\/media\/1891"}],"wp:attachment":[{"href":"https:\/\/honmatokyo.ca\/fr\/wp-json\/wp\/v2\/media?parent=1970"}],"wp:term":[{"taxonomy":"product_cat","embeddable":true,"href":"https:\/\/honmatokyo.ca\/fr\/wp-json\/wp\/v2\/product_cat?post=1970"},{"taxonomy":"product_tag","embeddable":true,"href":"https:\/\/honmatokyo.ca\/fr\/wp-json\/wp\/v2\/product_tag?post=1970"}],"curies":[{"name":"wp","href":"https:\/\/api.w.org\/{rel}","templated":true}]}}