{"id":1977,"date":"2018-12-11T12:44:14","date_gmt":"2018-12-11T17:44:14","guid":{"rendered":"https:\/\/honmatokyo.ca\/product\/honma-h-brush-hair-botox\/"},"modified":"2019-12-31T00:11:13","modified_gmt":"2019-12-31T05:11:13","slug":"h-brush-botox-capillaire","status":"publish","type":"product","link":"https:\/\/honmatokyo.ca\/fr\/produit\/h-brush-botox-capillaire\/","title":{"rendered":"H-Brush botox capillaire"},"content":{"rendered":"<p>La ligne H-Brush est un syst\u00e8me innovatif qui fournit un haut niveau de r\u00e9g\u00e9n\u00e9ration. Il traite et fournit l\u2019alimentation parfaite pour le cortex, qui a perdu de sa masse par des processus chimiques pr\u00e9c\u00e9dents. Il est pr\u00e9par\u00e9 avec : k\u00e9ratine qui renforce et restaure l\u2019\u00e9lasticit\u00e9 naturelle des cheveux; th\u00e9 vert, un antioxydant puissant qui r\u00e9pare les dommages sur une base quotidienne et l\u2019huile de Pracaxi et N-Acetyl Cysteine, offrant une hydratation intense aux brins, des cheveux plus forts, un meilleur alignement et brillance, \u00e9liminant les frisottis et emp\u00eachant la d\u00e9coloration \u00e0 travers les pigments naturels pr\u00e9sents dans sa formule. L\u2019huile de Camellia Sinensis a des vertus nourrissantes, fortifiantes et lissantes, constituant ainsi \u00e0 elle seule un soin capillaire performant. La k\u00e9ratine apporte \u00e9lasticit\u00e9, brillance et force. L\u2019huile de Ricin traite, r\u00e9g\u00e9n\u00e8re et r\u00e9hydrate les chevelures maltrait\u00e9es par les colorations, les d\u00e9colorations ou les m\u00e8ches. Ce traitement naturel ne pique pas les yeux, n\u2019irrite pas la gorge et ne contient pas de formol. Il s\u2019utilise sans aucune contre-indication sur tous types de cheveux.<\/p>\n<p>&nbsp;<\/p>\n<h3>TRAITEMENT INTENSIF DE RECONSTRUCTION CAPILLAIRE!<\/h3>\n<p>&nbsp;<\/p>\n<div class=\"container section-title-container\" ><h3 class=\"section-title section-title-center\"><b><\/b><span class=\"section-title-main\" >Application \u00e9tape par \u00e9tape<\/span><b><\/b><\/h3><\/div>\n<ol>\n<li>\u00a0Apr\u00e8s avoir mouill\u00e9 les cheveux, appliquez une petite quantit\u00e9 de shampooing pr\u00e9paratoire H-Brush, massez dans les racines et sur la longueur de cheveux jusqu\u2019\u00e0 pointes. Rincez bien, ne laissez aucun r\u00e9sidu du produit. R\u00e9p\u00e9tez la proc\u00e9dure au besoin.<\/li>\n<li>Divisez les cheveux en 4 parties<\/li>\n<li>S\u00e9chez les cheveux : 70% (cheveux endommag\u00e9s ou d\u00e9color\u00e9s) et 100% cheveux vierges ou non endommag\u00e9s<\/li>\n<li>Appliquez le masque <span style=\"color: #ed1c24;\">Reconstruction Intensive<\/span> H-Brush m\u00e8che par m\u00e8che \u00e0 1 cm de la racine, alignant les brins de cheveux avec une peigne \u00e0 dents fins<\/li>\n<li>Laissez le produit agir sur les cheveux pour 30-35 minutes (utilisez le cap pour meilleur r\u00e9sultat)<\/li>\n<li>S\u00e9chez les cheveux \u00e0 100% en faisant le brushing (brosse)<\/li>\n<li>Passez le fer \u00e0 plat par m\u00e8che sur tous les cheveux (chaque m\u00e8che ne doit pas \u00eatre plus que 1 cm en \u00e9paisseur). Utiliser le fer \u00e0 plat autant de fois que n\u00e9cessaire.<\/li>\n<li>Laissez les cheveux se refroidir (15 min approx.)<br \/><span style=\"color: #ed1c24;\">***Vous pouvez laisser partir le client avec le masque et la cliente lavera les cheveux en appliquant le masque Honma (\u00e9tape 3). Il faut mentionner de faire le 1er lavage sans shampooing. ***<\/span><\/li>\n<li>Rincez bien \u00e0 l\u2019eau ti\u00e8de jusqu\u2019\u00e0 ce que tout le produit soit compl\u00e8tement retir\u00e9 SANS SHAMPOO. Faire du brushing d\u00e9sir\u00e9.<\/li>\n<\/ol>\n<h5><span style=\"color: #ed1c24;\">CONSEIL:<\/span> N\u2019utilisez que la quantit\u00e9 suffisante de produit pour appliques sur tous les cheveux. Aucun exc\u00e9dent n\u2019est n\u00e9cessaire pour s\u2019assurer que le produit est efficace.<\/h5>\n","protected":false},"excerpt":{"rendered":"<p>TRAITEMENT INTENSIF DE RECONSTRUCTION CAPILLAIRE!<\/p>\n","protected":false},"featured_media":0,"comment_status":"open","ping_status":"closed","template":"","meta":{"_glsr_average":0,"_glsr_ranking":0,"_glsr_reviews":0},"product_cat":[72],"product_tag":[102,103,104,105,106,107,108],"yoast_head":"<!-- This site is optimized with the Yoast SEO plugin v20.10 - https:\/\/yoast.com\/wordpress\/plugins\/seo\/ -->\n<title>H-Brush botox capillaire - Honma Tokyo Canada<\/title>\n<meta name=\"robots\" content=\"index, follow, max-snippet:-1, max-image-preview:large, max-video-preview:-1\" \/>\n<link rel=\"canonical\" href=\"https:\/\/honmatokyo.ca\/produit\/honma-h-brush-hair-botox\/\" \/>\n<meta property=\"og:locale\" content=\"fr_FR\" \/>\n<meta property=\"og:type\" content=\"article\" \/>\n<meta property=\"og:title\" content=\"H-Brush botox capillaire - Honma Tokyo Canada\" \/>\n<meta property=\"og:description\" content=\"TRAITEMENT INTENSIF DE RECONSTRUCTION CAPILLAIRE!\" \/>\n<meta property=\"og:url\" content=\"https:\/\/honmatokyo.ca\/produit\/honma-h-brush-hair-botox\/\" \/>\n<meta property=\"og:site_name\" content=\"Honma Tokyo Canada\" \/>\n<meta property=\"article:modified_time\" content=\"2019-12-31T05:11:13+00:00\" \/>\n<meta property=\"og:image\" content=\"https:\/\/honmatokyo.ca\/wp-content\/uploads\/2018\/12\/H-Brush-Kit-1000ml.png\" \/>\n\t<meta property=\"og:image:width\" content=\"1200\" \/>\n\t<meta property=\"og:image:height\" content=\"1000\" \/>\n\t<meta property=\"og:image:type\" content=\"image\/png\" \/>\n<meta name=\"twitter:card\" content=\"summary_large_image\" \/>\n<meta name=\"twitter:label1\" content=\"Dur\u00e9e de lecture estim\u00e9e\" \/>\n\t<meta name=\"twitter:data1\" content=\"2 minutes\" \/>\n<script type=\"application\/ld+json\" class=\"yoast-schema-graph\">{\"@context\":\"https:\/\/schema.org\",\"@graph\":[{\"@type\":\"WebPage\",\"@id\":\"https:\/\/honmatokyo.ca\/produit\/honma-h-brush-hair-botox\/\",\"url\":\"https:\/\/honmatokyo.ca\/produit\/honma-h-brush-hair-botox\/\",\"name\":\"H-Brush botox capillaire - Honma Tokyo Canada\",\"isPartOf\":{\"@id\":\"https:\/\/honmatokyo.ca\/#website\"},\"datePublished\":\"2018-12-11T17:44:14+00:00\",\"dateModified\":\"2019-12-31T05:11:13+00:00\",\"breadcrumb\":{\"@id\":\"https:\/\/honmatokyo.ca\/produit\/honma-h-brush-hair-botox\/#breadcrumb\"},\"inLanguage\":\"fr-FR\",\"potentialAction\":[{\"@type\":\"ReadAction\",\"target\":[\"https:\/\/honmatokyo.ca\/produit\/honma-h-brush-hair-botox\/\"]}]},{\"@type\":\"BreadcrumbList\",\"@id\":\"https:\/\/honmatokyo.ca\/produit\/honma-h-brush-hair-botox\/#breadcrumb\",\"itemListElement\":[{\"@type\":\"ListItem\",\"position\":1,\"name\":\"Home\",\"item\":\"https:\/\/honmatokyo.ca\/fr\/\"},{\"@type\":\"ListItem\",\"position\":2,\"name\":\"Shop\",\"item\":\"https:\/\/honmatokyo.ca\/shop\/\"},{\"@type\":\"ListItem\",\"position\":3,\"name\":\"H-Brush botox capillaire\"}]},{\"@type\":\"WebSite\",\"@id\":\"https:\/\/honmatokyo.ca\/#website\",\"url\":\"https:\/\/honmatokyo.ca\/\",\"name\":\"Honma Tokyo Canada\",\"description\":\"Les produits professionnels pour la transformation, traitement et entretien des cheveux\\r\\n\",\"publisher\":{\"@id\":\"https:\/\/honmatokyo.ca\/#organization\"},\"potentialAction\":[{\"@type\":\"SearchAction\",\"target\":{\"@type\":\"EntryPoint\",\"urlTemplate\":\"https:\/\/honmatokyo.ca\/?s={search_term_string}\"},\"query-input\":\"required name=search_term_string\"}],\"inLanguage\":\"fr-FR\"},{\"@type\":\"Organization\",\"@id\":\"https:\/\/honmatokyo.ca\/#organization\",\"name\":\"Honma Tokyo Canada\",\"url\":\"https:\/\/honmatokyo.ca\/\",\"logo\":{\"@type\":\"ImageObject\",\"inLanguage\":\"fr-FR\",\"@id\":\"https:\/\/honmatokyo.ca\/#\/schema\/logo\/image\/\",\"url\":\"https:\/\/honmatokyo.ca\/wp-content\/uploads\/2018\/06\/Logo-Honma.png\",\"contentUrl\":\"https:\/\/honmatokyo.ca\/wp-content\/uploads\/2018\/06\/Logo-Honma.png\",\"width\":3342,\"height\":784,\"caption\":\"Honma Tokyo Canada\"},\"image\":{\"@id\":\"https:\/\/honmatokyo.ca\/#\/schema\/logo\/image\/\"},\"sameAs\":[\"https:\/\/www.instagram.com\/honmatokyocanada\/\"]}]}<\/script>\n<!-- \/ Yoast SEO plugin. -->","yoast_head_json":{"title":"H-Brush botox capillaire - Honma Tokyo Canada","robots":{"index":"index","follow":"follow","max-snippet":"max-snippet:-1","max-image-preview":"max-image-preview:large","max-video-preview":"max-video-preview:-1"},"canonical":"https:\/\/honmatokyo.ca\/produit\/honma-h-brush-hair-botox\/","og_locale":"fr_FR","og_type":"article","og_title":"H-Brush botox capillaire - Honma Tokyo Canada","og_description":"TRAITEMENT INTENSIF DE RECONSTRUCTION CAPILLAIRE!","og_url":"https:\/\/honmatokyo.ca\/produit\/honma-h-brush-hair-botox\/","og_site_name":"Honma Tokyo Canada","article_modified_time":"2019-12-31T05:11:13+00:00","og_image":[{"width":1200,"height":1000,"url":"https:\/\/honmatokyo.ca\/wp-content\/uploads\/2018\/12\/H-Brush-Kit-1000ml.png","type":"image\/png"}],"twitter_card":"summary_large_image","twitter_misc":{"Dur\u00e9e de lecture estim\u00e9e":"2 minutes"},"schema":{"@context":"https:\/\/schema.org","@graph":[{"@type":"WebPage","@id":"https:\/\/honmatokyo.ca\/produit\/honma-h-brush-hair-botox\/","url":"https:\/\/honmatokyo.ca\/produit\/honma-h-brush-hair-botox\/","name":"H-Brush botox capillaire - Honma Tokyo Canada","isPartOf":{"@id":"https:\/\/honmatokyo.ca\/#website"},"datePublished":"2018-12-11T17:44:14+00:00","dateModified":"2019-12-31T05:11:13+00:00","breadcrumb":{"@id":"https:\/\/honmatokyo.ca\/produit\/honma-h-brush-hair-botox\/#breadcrumb"},"inLanguage":"fr-FR","potentialAction":[{"@type":"ReadAction","target":["https:\/\/honmatokyo.ca\/produit\/honma-h-brush-hair-botox\/"]}]},{"@type":"BreadcrumbList","@id":"https:\/\/honmatokyo.ca\/produit\/honma-h-brush-hair-botox\/#breadcrumb","itemListElement":[{"@type":"ListItem","position":1,"name":"Home","item":"https:\/\/honmatokyo.ca\/fr\/"},{"@type":"ListItem","position":2,"name":"Shop","item":"https:\/\/honmatokyo.ca\/shop\/"},{"@type":"ListItem","position":3,"name":"H-Brush botox capillaire"}]},{"@type":"WebSite","@id":"https:\/\/honmatokyo.ca\/#website","url":"https:\/\/honmatokyo.ca\/","name":"Honma Tokyo Canada","description":"Les produits professionnels pour la transformation, traitement et entretien des cheveux\r\n","publisher":{"@id":"https:\/\/honmatokyo.ca\/#organization"},"potentialAction":[{"@type":"SearchAction","target":{"@type":"EntryPoint","urlTemplate":"https:\/\/honmatokyo.ca\/?s={search_term_string}"},"query-input":"required name=search_term_string"}],"inLanguage":"fr-FR"},{"@type":"Organization","@id":"https:\/\/honmatokyo.ca\/#organization","name":"Honma Tokyo Canada","url":"https:\/\/honmatokyo.ca\/","logo":{"@type":"ImageObject","inLanguage":"fr-FR","@id":"https:\/\/honmatokyo.ca\/#\/schema\/logo\/image\/","url":"https:\/\/honmatokyo.ca\/wp-content\/uploads\/2018\/06\/Logo-Honma.png","contentUrl":"https:\/\/honmatokyo.ca\/wp-content\/uploads\/2018\/06\/Logo-Honma.png","width":3342,"height":784,"caption":"Honma Tokyo Canada"},"image":{"@id":"https:\/\/honmatokyo.ca\/#\/schema\/logo\/image\/"},"sameAs":["https:\/\/www.instagram.com\/honmatokyocanada\/"]}]}},"_links":{"self":[{"href":"https:\/\/honmatokyo.ca\/fr\/wp-json\/wp\/v2\/product\/1977"}],"collection":[{"href":"https:\/\/honmatokyo.ca\/fr\/wp-json\/wp\/v2\/product"}],"about":[{"href":"https:\/\/honmatokyo.ca\/fr\/wp-json\/wp\/v2\/types\/product"}],"replies":[{"embeddable":true,"href":"https:\/\/honmatokyo.ca\/fr\/wp-json\/wp\/v2\/comments?post=1977"}],"wp:attachment":[{"href":"https:\/\/honmatokyo.ca\/fr\/wp-json\/wp\/v2\/media?parent=1977"}],"wp:term":[{"taxonomy":"product_cat","embeddable":true,"href":"https:\/\/honmatokyo.ca\/fr\/wp-json\/wp\/v2\/product_cat?post=1977"},{"taxonomy":"product_tag","embeddable":true,"href":"https:\/\/honmatokyo.ca\/fr\/wp-json\/wp\/v2\/product_tag?post=1977"}],"curies":[{"name":"wp","href":"https:\/\/api.w.org\/{rel}","templated":true}]}}