{"id":2050,"date":"2018-12-11T12:44:13","date_gmt":"2018-12-11T17:44:13","guid":{"rendered":"https:\/\/honmatokyo.ca\/product\/honma-coffee-premium\/"},"modified":"2019-12-02T00:32:08","modified_gmt":"2019-12-02T05:32:08","slug":"honma-coffee-premium","status":"publish","type":"product","link":"https:\/\/honmatokyo.ca\/fr\/produit\/honma-coffee-premium\/","title":{"rendered":"Coffee Premium"},"content":{"rendered":"<h2>Lissage progressif, \u00e9limine les frisottis, revitalise, hydrate, restructure, \u00e9clat naturel<\/h2>\n<p>Coffee Premium est un syst\u00e8me innovatif pour les traitement cosm\u00e9tique des cheveux, riche en acides amin\u00e9s de k\u00e9ratine et prot\u00e9ines. Sa formule fournit une combinaison parfaite de l\u2019Extrait Glycolique du Caf\u00e9, les actives de Marine Bio Cationique et Luna Matrix associ\u00e9s avec prot\u00e9ine de bl\u00e9 qui agit profond\u00e9ment sur les racines, r\u00e9duisant la porosit\u00e9, cr\u00e9ant une couche protectrice flexible, fournissant le volume, l\u2019\u00e9quilibre, les cuticules plus uniformes et align\u00e9es, ainsi que fournissant la douceur, l\u2019hydratation et la brillance intense aux cheveux. Il agit directement \u00e0 partir du cortex, prolongeant son action assouplissante et restructurant jusqu\u2019\u00e0 la cuticule.<\/p>\n<h3>LE MEILLEURE TRAITEMENT \u00c0 LA K\u00c9RATINE!<\/h3>\n<p>&nbsp;<\/p>\n<div class=\"container section-title-container\" ><h3 class=\"section-title section-title-center\"><b><\/b><span class=\"section-title-main\" >Application \u00e9tape par \u00e9tape<\/span><b><\/b><\/h3><\/div>\n<ol>\n<li>Apr\u00e8s avoir mouill\u00e9 les cheveux, appliquez une petite quantit\u00e9 de shampooing clarifiant Deep Cleaning (\u00e9tape 1), massez dans les racines et sur la longueur de cheveux jusqu\u2019\u00e0 pointes. Faire 3 shampoignes (5-6 minutes chaque fois).<\/li>\n<li>Rincez bien, ne laissez aucun r\u00e9sidu du produit.<\/li>\n<li>S\u00e9chez les cheveux \u00e0 100% (pas besoin de brosse).<\/li>\n<li>Appliquez le produit Max Reduction &amp; Liss (\u00e9tape 2) m\u00e8che par m\u00e8che \u00e0 1 cm de la racine, alignant les m\u00e8ches de cheveux avec une peigne \u00e0 dents fins.<\/li>\n<li>Laisser agir 30-40 minutes (utilisez le cap pour meilleur r\u00e9sultat).<\/li>\n<li>Retirer les exc\u00e8s de produit \u00e0 l\u2019aide d\u2019un peigne \u00e0 dents fines S\u00e9chez les cheveux \u00e0 100% (pas besoin de brosse).<\/li>\n<li>Passez le fer \u00e0 plat par m\u00e8che sur tous les cheveux (chaque m\u00e8che ne doit pas \u00eatre plus que 1 cm en \u00e9paisseur). Utiliser le fer \u00e0 plat autant de fois que n\u00e9cessaire.<\/li>\n<li>Laissez les cheveux se refroidir<br \/><span style=\"color: #ed1c24;\">***Vous pouvez laisser partir le client avec le masque et la cliente lavera les cheveux en appliquant le masque (\u00e9tape 3). Il faut mentionner de faire le 1er lavage sans shampoo.***<\/span><\/li>\n<li>Rincez bien \u00e0 l\u2019eau ti\u00e8de jusqu\u2019\u00e0 ce que tout le produit soit compl\u00e8tement retir\u00e9. Essorer les cheveux puis appliquer le Mask Ultra Shine ( \u00e9tape 3). Laissez agir 10 minutes.<\/li>\n<li>Lavez les cheveux et faire du brushing d\u00e9sir\u00e9.<\/li>\n<\/ol>\n<h5><span style=\"color: #ed1c24;\">CONSEIL:<\/span> N\u2019utilisez que la quantit\u00e9 suffisante de produit pour appliques sur tous les cheveux. Aucun exc\u00e9dent n\u2019est n\u00e9cessaire pour s\u2019assurer que le produit est efficace.<\/h5>\n","protected":false},"excerpt":{"rendered":"<p>Coffee Premium est un syst\u00e8me innovatif pour les traitement cosm\u00e9tique des cheveux, riche en acides amin\u00e9s de k\u00e9ratine et prot\u00e9ines.<\/p>\n","protected":false},"featured_media":1723,"comment_status":"open","ping_status":"closed","template":"","meta":{"_glsr_average":0,"_glsr_ranking":0,"_glsr_reviews":0},"product_cat":[35],"product_tag":[104,117,106,114,107,113,118,115,116],"yoast_head":"<!-- This site is optimized with the Yoast SEO plugin v20.10 - https:\/\/yoast.com\/wordpress\/plugins\/seo\/ -->\n<title>Coffee Premium - Honma Tokyo Canada<\/title>\n<meta name=\"robots\" content=\"index, follow, max-snippet:-1, max-image-preview:large, max-video-preview:-1\" \/>\n<link rel=\"canonical\" href=\"https:\/\/honmatokyo.ca\/produit\/honma-coffee-premium\/\" \/>\n<meta property=\"og:locale\" content=\"fr_FR\" \/>\n<meta property=\"og:type\" content=\"article\" \/>\n<meta property=\"og:title\" content=\"Coffee Premium - Honma Tokyo Canada\" \/>\n<meta property=\"og:description\" content=\"Coffee Premium est un syst\u00e8me innovatif pour les traitement cosm\u00e9tique des cheveux, riche en acides amin\u00e9s de k\u00e9ratine et prot\u00e9ines.\" \/>\n<meta property=\"og:url\" content=\"https:\/\/honmatokyo.ca\/produit\/honma-coffee-premium\/\" \/>\n<meta property=\"og:site_name\" content=\"Honma Tokyo Canada\" \/>\n<meta property=\"article:modified_time\" content=\"2019-12-02T05:32:08+00:00\" \/>\n<meta property=\"og:image\" content=\"https:\/\/honmatokyo.ca\/wp-content\/uploads\/2018\/12\/Coffee-Premium-Kit-1000ml.png\" \/>\n\t<meta property=\"og:image:width\" content=\"1200\" \/>\n\t<meta property=\"og:image:height\" content=\"1000\" \/>\n\t<meta property=\"og:image:type\" content=\"image\/png\" \/>\n<meta name=\"twitter:card\" content=\"summary_large_image\" \/>\n<meta name=\"twitter:label1\" content=\"Dur\u00e9e de lecture estim\u00e9e\" \/>\n\t<meta name=\"twitter:data1\" content=\"2 minutes\" \/>\n<script type=\"application\/ld+json\" class=\"yoast-schema-graph\">{\"@context\":\"https:\/\/schema.org\",\"@graph\":[{\"@type\":\"WebPage\",\"@id\":\"https:\/\/honmatokyo.ca\/produit\/honma-coffee-premium\/\",\"url\":\"https:\/\/honmatokyo.ca\/produit\/honma-coffee-premium\/\",\"name\":\"Coffee Premium - Honma Tokyo Canada\",\"isPartOf\":{\"@id\":\"https:\/\/honmatokyo.ca\/#website\"},\"datePublished\":\"2018-12-11T17:44:13+00:00\",\"dateModified\":\"2019-12-02T05:32:08+00:00\",\"breadcrumb\":{\"@id\":\"https:\/\/honmatokyo.ca\/produit\/honma-coffee-premium\/#breadcrumb\"},\"inLanguage\":\"fr-FR\",\"potentialAction\":[{\"@type\":\"ReadAction\",\"target\":[\"https:\/\/honmatokyo.ca\/produit\/honma-coffee-premium\/\"]}]},{\"@type\":\"BreadcrumbList\",\"@id\":\"https:\/\/honmatokyo.ca\/produit\/honma-coffee-premium\/#breadcrumb\",\"itemListElement\":[{\"@type\":\"ListItem\",\"position\":1,\"name\":\"Home\",\"item\":\"https:\/\/honmatokyo.ca\/fr\/\"},{\"@type\":\"ListItem\",\"position\":2,\"name\":\"Shop\",\"item\":\"https:\/\/honmatokyo.ca\/shop\/\"},{\"@type\":\"ListItem\",\"position\":3,\"name\":\"Coffee Premium\"}]},{\"@type\":\"WebSite\",\"@id\":\"https:\/\/honmatokyo.ca\/#website\",\"url\":\"https:\/\/honmatokyo.ca\/\",\"name\":\"Honma Tokyo Canada\",\"description\":\"Les produits professionnels pour la transformation, traitement et entretien des cheveux\\r\\n\",\"publisher\":{\"@id\":\"https:\/\/honmatokyo.ca\/#organization\"},\"potentialAction\":[{\"@type\":\"SearchAction\",\"target\":{\"@type\":\"EntryPoint\",\"urlTemplate\":\"https:\/\/honmatokyo.ca\/?s={search_term_string}\"},\"query-input\":\"required name=search_term_string\"}],\"inLanguage\":\"fr-FR\"},{\"@type\":\"Organization\",\"@id\":\"https:\/\/honmatokyo.ca\/#organization\",\"name\":\"Honma Tokyo Canada\",\"url\":\"https:\/\/honmatokyo.ca\/\",\"logo\":{\"@type\":\"ImageObject\",\"inLanguage\":\"fr-FR\",\"@id\":\"https:\/\/honmatokyo.ca\/#\/schema\/logo\/image\/\",\"url\":\"https:\/\/honmatokyo.ca\/wp-content\/uploads\/2018\/06\/Logo-Honma.png\",\"contentUrl\":\"https:\/\/honmatokyo.ca\/wp-content\/uploads\/2018\/06\/Logo-Honma.png\",\"width\":3342,\"height\":784,\"caption\":\"Honma Tokyo Canada\"},\"image\":{\"@id\":\"https:\/\/honmatokyo.ca\/#\/schema\/logo\/image\/\"},\"sameAs\":[\"https:\/\/www.instagram.com\/honmatokyocanada\/\"]}]}<\/script>\n<!-- \/ Yoast SEO plugin. -->","yoast_head_json":{"title":"Coffee Premium - Honma Tokyo Canada","robots":{"index":"index","follow":"follow","max-snippet":"max-snippet:-1","max-image-preview":"max-image-preview:large","max-video-preview":"max-video-preview:-1"},"canonical":"https:\/\/honmatokyo.ca\/produit\/honma-coffee-premium\/","og_locale":"fr_FR","og_type":"article","og_title":"Coffee Premium - Honma Tokyo Canada","og_description":"Coffee Premium est un syst\u00e8me innovatif pour les traitement cosm\u00e9tique des cheveux, riche en acides amin\u00e9s de k\u00e9ratine et prot\u00e9ines.","og_url":"https:\/\/honmatokyo.ca\/produit\/honma-coffee-premium\/","og_site_name":"Honma Tokyo Canada","article_modified_time":"2019-12-02T05:32:08+00:00","og_image":[{"width":1200,"height":1000,"url":"https:\/\/honmatokyo.ca\/wp-content\/uploads\/2018\/12\/Coffee-Premium-Kit-1000ml.png","type":"image\/png"}],"twitter_card":"summary_large_image","twitter_misc":{"Dur\u00e9e de lecture estim\u00e9e":"2 minutes"},"schema":{"@context":"https:\/\/schema.org","@graph":[{"@type":"WebPage","@id":"https:\/\/honmatokyo.ca\/produit\/honma-coffee-premium\/","url":"https:\/\/honmatokyo.ca\/produit\/honma-coffee-premium\/","name":"Coffee Premium - Honma Tokyo Canada","isPartOf":{"@id":"https:\/\/honmatokyo.ca\/#website"},"datePublished":"2018-12-11T17:44:13+00:00","dateModified":"2019-12-02T05:32:08+00:00","breadcrumb":{"@id":"https:\/\/honmatokyo.ca\/produit\/honma-coffee-premium\/#breadcrumb"},"inLanguage":"fr-FR","potentialAction":[{"@type":"ReadAction","target":["https:\/\/honmatokyo.ca\/produit\/honma-coffee-premium\/"]}]},{"@type":"BreadcrumbList","@id":"https:\/\/honmatokyo.ca\/produit\/honma-coffee-premium\/#breadcrumb","itemListElement":[{"@type":"ListItem","position":1,"name":"Home","item":"https:\/\/honmatokyo.ca\/fr\/"},{"@type":"ListItem","position":2,"name":"Shop","item":"https:\/\/honmatokyo.ca\/shop\/"},{"@type":"ListItem","position":3,"name":"Coffee Premium"}]},{"@type":"WebSite","@id":"https:\/\/honmatokyo.ca\/#website","url":"https:\/\/honmatokyo.ca\/","name":"Honma Tokyo Canada","description":"Les produits professionnels pour la transformation, traitement et entretien des cheveux\r\n","publisher":{"@id":"https:\/\/honmatokyo.ca\/#organization"},"potentialAction":[{"@type":"SearchAction","target":{"@type":"EntryPoint","urlTemplate":"https:\/\/honmatokyo.ca\/?s={search_term_string}"},"query-input":"required name=search_term_string"}],"inLanguage":"fr-FR"},{"@type":"Organization","@id":"https:\/\/honmatokyo.ca\/#organization","name":"Honma Tokyo Canada","url":"https:\/\/honmatokyo.ca\/","logo":{"@type":"ImageObject","inLanguage":"fr-FR","@id":"https:\/\/honmatokyo.ca\/#\/schema\/logo\/image\/","url":"https:\/\/honmatokyo.ca\/wp-content\/uploads\/2018\/06\/Logo-Honma.png","contentUrl":"https:\/\/honmatokyo.ca\/wp-content\/uploads\/2018\/06\/Logo-Honma.png","width":3342,"height":784,"caption":"Honma Tokyo Canada"},"image":{"@id":"https:\/\/honmatokyo.ca\/#\/schema\/logo\/image\/"},"sameAs":["https:\/\/www.instagram.com\/honmatokyocanada\/"]}]}},"_links":{"self":[{"href":"https:\/\/honmatokyo.ca\/fr\/wp-json\/wp\/v2\/product\/2050"}],"collection":[{"href":"https:\/\/honmatokyo.ca\/fr\/wp-json\/wp\/v2\/product"}],"about":[{"href":"https:\/\/honmatokyo.ca\/fr\/wp-json\/wp\/v2\/types\/product"}],"replies":[{"embeddable":true,"href":"https:\/\/honmatokyo.ca\/fr\/wp-json\/wp\/v2\/comments?post=2050"}],"wp:featuredmedia":[{"embeddable":true,"href":"https:\/\/honmatokyo.ca\/fr\/wp-json\/wp\/v2\/media\/1723"}],"wp:attachment":[{"href":"https:\/\/honmatokyo.ca\/fr\/wp-json\/wp\/v2\/media?parent=2050"}],"wp:term":[{"taxonomy":"product_cat","embeddable":true,"href":"https:\/\/honmatokyo.ca\/fr\/wp-json\/wp\/v2\/product_cat?post=2050"},{"taxonomy":"product_tag","embeddable":true,"href":"https:\/\/honmatokyo.ca\/fr\/wp-json\/wp\/v2\/product_tag?post=2050"}],"curies":[{"name":"wp","href":"https:\/\/api.w.org\/{rel}","templated":true}]}}