{"id":2055,"date":"2018-12-11T12:44:13","date_gmt":"2018-12-11T17:44:13","guid":{"rendered":"https:\/\/honmatokyo.ca\/product\/honma-plasthair-bixyplastia\/"},"modified":"2019-12-04T00:07:36","modified_gmt":"2019-12-04T05:07:36","slug":"honma-plasthair-bixyplastia","status":"publish","type":"product","link":"https:\/\/honmatokyo.ca\/fr\/produit\/honma-plasthair-bixyplastia\/","title":{"rendered":"Plasthair Bixyplastia"},"content":{"rendered":"<p>La ligne de produits <strong>PlastHair Bixyplastia<\/strong> \u00e9tait d\u00e9velopp\u00e9 en utilisant le m\u00e9lange exclusive et pr\u00e9cieux, qui combine les huiles principales d\u2019Amazone. Les huiles de Capaiba, Fruit de Passion, Noix de Brazil, Babassu, Annatto et Oracaxi en interaction avec Cysteine forment la synergie parfaite pour le traitement capillaire. Il agit de l\u2019int\u00e9rieur en restituant et r\u00e9parant l\u2019\u00e9lasticit\u00e9, la force et la r\u00e9sistance du cheveu. La formule unique Bixyolastia fournit une action sp\u00e9ciale qui restaure toutes les vitamines naturelles, les acides gras et amin\u00e9s, ainsi que fournit la r\u00e9paration imm\u00e9diate de vos cheveux, r\u00e9sultant en un haut degr\u00e9 d\u2019hydratation, de la douceur et de l\u2019extr\u00eame brillance. Adapt\u00e9 \u00e0 tout types de cheveux.<\/p>\n<p><strong>PlastHair Bixyplastia le Fruit de la Passion<\/strong> a \u00e9t\u00e9 d\u00e9velopp\u00e9 \u00e0 l\u2019aide de nouvelles technologies de pointe, fournissant des propri\u00e9t\u00e9s astringentes, nutritives et protectrices, extraites de l\u2019huile de fruit de la passion. Il fournit l\u2019hydratation dans la bonne mesure, id\u00e9al pour les cheveux secs et peut \u00e9galement \u00eatre utilis\u00e9 non seulement pour lutter les pellicules, mais contribue \u00e9galement au traitement des cheveux gras. Ce produit rassemble les huiles principales, toutes trouv\u00e9es dans l\u2019Amazone : Copaiba, Fruit de la Passion, noix de Parana, Baba\u00e7u, Urucum et huile de Pracaxi, qui interagissent avec la cyst\u00e9ine de cheveux produisant une synergie parfaite dans les brins de cheveux individuels de l\u2019int\u00e9rieur, reconstruisant et restaurant toute son \u00e9lasticit\u00e9, sa force et sa r\u00e9sistance. Il a la formule d\u2019action exclusive Bixyplastia, qui restaure les vitamines, les acides gras et les acides amin\u00e9s, fournissant non seulement une r\u00e9paration imm\u00e9diate avec des propri\u00e9t\u00e9s d\u2019hydratation tr\u00e8s \u00e9lev\u00e9e, mais aussi l\u2019effet soyeux et l\u2019\u00e9clat extr\u00eame. Convient \u00e0 tous les types de cheveux.<\/p>\n<div class=\"container section-title-container\" ><h3 class=\"section-title section-title-center\"><b><\/b><span class=\"section-title-main\" >Application \u00e9tape par \u00e9tape<\/span><b><\/b><\/h3><\/div>\n<ol>\n<li>Apr\u00e8s avoir mouill\u00e9 les cheveux, appliquez une petite quantit\u00e9 de shampooing pr\u00e9paratoire PlastHair Bixyplastia (\u00e9tape 1), massez dans les racines et sur la longueur de cheveux jusqu\u2019\u00e0 pointes. Rincez bien, ne laissez aucun r\u00e9sidu du produit. R\u00e9p\u00e9tez 2-3 fois, au besoin.<\/li>\n<li>S\u00e9chez les cheveux \u00e0 50% en utilisant le s\u00e9choir \u00e0 l\u2019air ti\u00e8de et s\u00e9parez les cheveux en quatre parties.<\/li>\n<li>Appliquez le masque reconstructif (brosser bien le produit dans la bouteille) PlastHair Bixyplastia (\u00e9tape 2) par le brin, jusqu\u2019\u00e0 1 cm des racines, alignant les brins de cheveux avec une peigne \u00e0 dents fins.<\/li>\n<li>Laissez agir pour 30 minutes.<\/li>\n<li>S\u00e9chez les cheveux \u00e0 100% en utilisant le s\u00e9choir \u00e0 l\u2019air ti\u00e8de. Il n\u2019y a pas de besoin de brosse.<\/li>\n<li>Utiliser le fer \u00e0 plat autant de fois que n\u00e9cessaire, comme marquer dans le tableau ici-bas.<\/li>\n<li>Laissez les cheveux se refroidir.<br \/>\n<span style=\"color: #ed1c24;\">***Vous pouvez laisser partir le client avec le masque et la cliente lavera les cheveux en appliquant le masque Honma. Il faut mentionner de faire le 1er lavage sans shampoo.***<\/span><\/li>\n<li>Rincez bien \u00e0 l\u2019eau ti\u00e8de jusqu\u2019\u00e0 ce que tout le produit soit compl\u00e8tement retir\u00e9 et faire du brushing d\u00e9sir\u00e9.<\/li>\n<\/ol>\n<h5><span style=\"color: #ed1c24;\">CONSEIL:<\/span> N\u2019utilisez que la quantit\u00e9 suffisante de produit pour appliques sur tous les cheveux. Aucun exc\u00e9dent n\u2019est n\u00e9cessaire pour s\u2019assurer que le produit est efficace.<\/h5>\n<h3><span style=\"color: #800080;\">R\u00e9sultat : une chevelure toute lisse et \u00e9clatante de sant\u00e9 ! Un soin qui tient ses promesses.<\/span><\/h3>\n","protected":false},"excerpt":{"rendered":"<p>Une chevelure toute lisse et \u00e9clatante de sant\u00e9! Un soin qui tient ses promesses.<\/p>\n","protected":false},"featured_media":1724,"comment_status":"open","ping_status":"closed","template":"","meta":{"_glsr_average":0,"_glsr_ranking":0,"_glsr_reviews":0},"product_cat":[82],"product_tag":[102,103,120,104,117,106,107,108,119,116],"yoast_head":"<!-- This site is optimized with the Yoast SEO plugin v20.10 - https:\/\/yoast.com\/wordpress\/plugins\/seo\/ -->\n<title>Plasthair Bixyplastia - Honma Tokyo Canada<\/title>\n<meta name=\"robots\" content=\"index, follow, max-snippet:-1, max-image-preview:large, max-video-preview:-1\" \/>\n<link rel=\"canonical\" href=\"https:\/\/honmatokyo.ca\/produit\/honma-plasthair-bixyplastia\/\" \/>\n<meta property=\"og:locale\" content=\"fr_FR\" \/>\n<meta property=\"og:type\" content=\"article\" \/>\n<meta property=\"og:title\" content=\"Plasthair Bixyplastia - Honma Tokyo Canada\" \/>\n<meta property=\"og:description\" content=\"Une chevelure toute lisse et \u00e9clatante de sant\u00e9! Un soin qui tient ses promesses.\" \/>\n<meta property=\"og:url\" content=\"https:\/\/honmatokyo.ca\/produit\/honma-plasthair-bixyplastia\/\" \/>\n<meta property=\"og:site_name\" content=\"Honma Tokyo Canada\" \/>\n<meta property=\"article:modified_time\" content=\"2019-12-04T05:07:36+00:00\" \/>\n<meta property=\"og:image\" content=\"https:\/\/honmatokyo.ca\/wp-content\/uploads\/2018\/12\/PlastHair-Kit3-1000ml.png\" \/>\n\t<meta property=\"og:image:width\" content=\"1200\" \/>\n\t<meta property=\"og:image:height\" content=\"1000\" \/>\n\t<meta property=\"og:image:type\" content=\"image\/png\" \/>\n<meta name=\"twitter:card\" content=\"summary_large_image\" \/>\n<meta name=\"twitter:label1\" content=\"Dur\u00e9e de lecture estim\u00e9e\" \/>\n\t<meta name=\"twitter:data1\" content=\"3 minutes\" \/>\n<script type=\"application\/ld+json\" class=\"yoast-schema-graph\">{\"@context\":\"https:\/\/schema.org\",\"@graph\":[{\"@type\":\"WebPage\",\"@id\":\"https:\/\/honmatokyo.ca\/produit\/honma-plasthair-bixyplastia\/\",\"url\":\"https:\/\/honmatokyo.ca\/produit\/honma-plasthair-bixyplastia\/\",\"name\":\"Plasthair Bixyplastia - Honma Tokyo Canada\",\"isPartOf\":{\"@id\":\"https:\/\/honmatokyo.ca\/#website\"},\"datePublished\":\"2018-12-11T17:44:13+00:00\",\"dateModified\":\"2019-12-04T05:07:36+00:00\",\"breadcrumb\":{\"@id\":\"https:\/\/honmatokyo.ca\/produit\/honma-plasthair-bixyplastia\/#breadcrumb\"},\"inLanguage\":\"fr-FR\",\"potentialAction\":[{\"@type\":\"ReadAction\",\"target\":[\"https:\/\/honmatokyo.ca\/produit\/honma-plasthair-bixyplastia\/\"]}]},{\"@type\":\"BreadcrumbList\",\"@id\":\"https:\/\/honmatokyo.ca\/produit\/honma-plasthair-bixyplastia\/#breadcrumb\",\"itemListElement\":[{\"@type\":\"ListItem\",\"position\":1,\"name\":\"Home\",\"item\":\"https:\/\/honmatokyo.ca\/fr\/\"},{\"@type\":\"ListItem\",\"position\":2,\"name\":\"Shop\",\"item\":\"https:\/\/honmatokyo.ca\/shop\/\"},{\"@type\":\"ListItem\",\"position\":3,\"name\":\"Plasthair Bixyplastia\"}]},{\"@type\":\"WebSite\",\"@id\":\"https:\/\/honmatokyo.ca\/#website\",\"url\":\"https:\/\/honmatokyo.ca\/\",\"name\":\"Honma Tokyo Canada\",\"description\":\"Les produits professionnels pour la transformation, traitement et entretien des cheveux\\r\\n\",\"publisher\":{\"@id\":\"https:\/\/honmatokyo.ca\/#organization\"},\"potentialAction\":[{\"@type\":\"SearchAction\",\"target\":{\"@type\":\"EntryPoint\",\"urlTemplate\":\"https:\/\/honmatokyo.ca\/?s={search_term_string}\"},\"query-input\":\"required name=search_term_string\"}],\"inLanguage\":\"fr-FR\"},{\"@type\":\"Organization\",\"@id\":\"https:\/\/honmatokyo.ca\/#organization\",\"name\":\"Honma Tokyo Canada\",\"url\":\"https:\/\/honmatokyo.ca\/\",\"logo\":{\"@type\":\"ImageObject\",\"inLanguage\":\"fr-FR\",\"@id\":\"https:\/\/honmatokyo.ca\/#\/schema\/logo\/image\/\",\"url\":\"https:\/\/honmatokyo.ca\/wp-content\/uploads\/2018\/06\/Logo-Honma.png\",\"contentUrl\":\"https:\/\/honmatokyo.ca\/wp-content\/uploads\/2018\/06\/Logo-Honma.png\",\"width\":3342,\"height\":784,\"caption\":\"Honma Tokyo Canada\"},\"image\":{\"@id\":\"https:\/\/honmatokyo.ca\/#\/schema\/logo\/image\/\"},\"sameAs\":[\"https:\/\/www.instagram.com\/honmatokyocanada\/\"]}]}<\/script>\n<!-- \/ Yoast SEO plugin. -->","yoast_head_json":{"title":"Plasthair Bixyplastia - Honma Tokyo Canada","robots":{"index":"index","follow":"follow","max-snippet":"max-snippet:-1","max-image-preview":"max-image-preview:large","max-video-preview":"max-video-preview:-1"},"canonical":"https:\/\/honmatokyo.ca\/produit\/honma-plasthair-bixyplastia\/","og_locale":"fr_FR","og_type":"article","og_title":"Plasthair Bixyplastia - Honma Tokyo Canada","og_description":"Une chevelure toute lisse et \u00e9clatante de sant\u00e9! Un soin qui tient ses promesses.","og_url":"https:\/\/honmatokyo.ca\/produit\/honma-plasthair-bixyplastia\/","og_site_name":"Honma Tokyo Canada","article_modified_time":"2019-12-04T05:07:36+00:00","og_image":[{"width":1200,"height":1000,"url":"https:\/\/honmatokyo.ca\/wp-content\/uploads\/2018\/12\/PlastHair-Kit3-1000ml.png","type":"image\/png"}],"twitter_card":"summary_large_image","twitter_misc":{"Dur\u00e9e de lecture estim\u00e9e":"3 minutes"},"schema":{"@context":"https:\/\/schema.org","@graph":[{"@type":"WebPage","@id":"https:\/\/honmatokyo.ca\/produit\/honma-plasthair-bixyplastia\/","url":"https:\/\/honmatokyo.ca\/produit\/honma-plasthair-bixyplastia\/","name":"Plasthair Bixyplastia - Honma Tokyo Canada","isPartOf":{"@id":"https:\/\/honmatokyo.ca\/#website"},"datePublished":"2018-12-11T17:44:13+00:00","dateModified":"2019-12-04T05:07:36+00:00","breadcrumb":{"@id":"https:\/\/honmatokyo.ca\/produit\/honma-plasthair-bixyplastia\/#breadcrumb"},"inLanguage":"fr-FR","potentialAction":[{"@type":"ReadAction","target":["https:\/\/honmatokyo.ca\/produit\/honma-plasthair-bixyplastia\/"]}]},{"@type":"BreadcrumbList","@id":"https:\/\/honmatokyo.ca\/produit\/honma-plasthair-bixyplastia\/#breadcrumb","itemListElement":[{"@type":"ListItem","position":1,"name":"Home","item":"https:\/\/honmatokyo.ca\/fr\/"},{"@type":"ListItem","position":2,"name":"Shop","item":"https:\/\/honmatokyo.ca\/shop\/"},{"@type":"ListItem","position":3,"name":"Plasthair Bixyplastia"}]},{"@type":"WebSite","@id":"https:\/\/honmatokyo.ca\/#website","url":"https:\/\/honmatokyo.ca\/","name":"Honma Tokyo Canada","description":"Les produits professionnels pour la transformation, traitement et entretien des cheveux\r\n","publisher":{"@id":"https:\/\/honmatokyo.ca\/#organization"},"potentialAction":[{"@type":"SearchAction","target":{"@type":"EntryPoint","urlTemplate":"https:\/\/honmatokyo.ca\/?s={search_term_string}"},"query-input":"required name=search_term_string"}],"inLanguage":"fr-FR"},{"@type":"Organization","@id":"https:\/\/honmatokyo.ca\/#organization","name":"Honma Tokyo Canada","url":"https:\/\/honmatokyo.ca\/","logo":{"@type":"ImageObject","inLanguage":"fr-FR","@id":"https:\/\/honmatokyo.ca\/#\/schema\/logo\/image\/","url":"https:\/\/honmatokyo.ca\/wp-content\/uploads\/2018\/06\/Logo-Honma.png","contentUrl":"https:\/\/honmatokyo.ca\/wp-content\/uploads\/2018\/06\/Logo-Honma.png","width":3342,"height":784,"caption":"Honma Tokyo Canada"},"image":{"@id":"https:\/\/honmatokyo.ca\/#\/schema\/logo\/image\/"},"sameAs":["https:\/\/www.instagram.com\/honmatokyocanada\/"]}]}},"_links":{"self":[{"href":"https:\/\/honmatokyo.ca\/fr\/wp-json\/wp\/v2\/product\/2055"}],"collection":[{"href":"https:\/\/honmatokyo.ca\/fr\/wp-json\/wp\/v2\/product"}],"about":[{"href":"https:\/\/honmatokyo.ca\/fr\/wp-json\/wp\/v2\/types\/product"}],"replies":[{"embeddable":true,"href":"https:\/\/honmatokyo.ca\/fr\/wp-json\/wp\/v2\/comments?post=2055"}],"wp:featuredmedia":[{"embeddable":true,"href":"https:\/\/honmatokyo.ca\/fr\/wp-json\/wp\/v2\/media\/1724"}],"wp:attachment":[{"href":"https:\/\/honmatokyo.ca\/fr\/wp-json\/wp\/v2\/media?parent=2055"}],"wp:term":[{"taxonomy":"product_cat","embeddable":true,"href":"https:\/\/honmatokyo.ca\/fr\/wp-json\/wp\/v2\/product_cat?post=2055"},{"taxonomy":"product_tag","embeddable":true,"href":"https:\/\/honmatokyo.ca\/fr\/wp-json\/wp\/v2\/product_tag?post=2055"}],"curies":[{"name":"wp","href":"https:\/\/api.w.org\/{rel}","templated":true}]}}