{"id":2072,"date":"2018-12-11T12:44:14","date_gmt":"2018-12-11T17:44:14","guid":{"rendered":"https:\/\/honmatokyo.ca\/product\/honma-h-sos\/"},"modified":"2019-12-31T00:11:14","modified_gmt":"2019-12-31T05:11:14","slug":"honma-h-sos","status":"publish","type":"product","link":"https:\/\/honmatokyo.ca\/fr\/produit\/honma-h-sos\/","title":{"rendered":"H-S.O.S. CAPILAR"},"content":{"rendered":"<h2>H-S.O.S. CAPILAR<\/h2>\n<p>H-S.O.S Capilar a \u00e9t\u00e9 sp\u00e9cialement d\u00e9velopp\u00e9 pour traiter les cheveux et neutraliser le pH du cheveu poreux ayant subi un traitement chimique. Ce traitement est enrichi par des extraits naturels d\u2019algues, d\u2019huile de Jaborandi et d\u2019amande qui revitalisent, laissent briller, adoucient et restaurent l\u2019\u00e9lasticit\u00e9 naturelle du cheveu.<\/p>\n<h4>PROTOCOLES ET CONSEILS D\u2019UTILISATION<\/h4>\n<p>Outre les instructions d\u2019utilisation sur l\u2019\u00e9tiquette du produit, la ligne H-S.O.S. Capilar peut \u00eatre utilis\u00e9e de diff\u00e9rentes fa\u00e7ons selon les besoins du coiffeur et leur diagnostic. Ci-dessous sont des conseils sur la fa\u00e7on d\u2019utilisation\u00a0:<\/p>\n<p><strong>R\u00e9paration des pointes fourchues<\/strong><\/p>\n<ol>\n<li>Lavez les cheveux avec le shampooing revitalisant H-S.O.S.<\/li>\n<li>Enlevez l\u2019exc\u00e8s d\u2019eau avec une serviette et vaporisez les Lipides R\u00e9paration en Profondeur H-S.O.S. Capilar sur les pointes seulement. Laissez agir pour 5 minutes.<\/li>\n<li>Apr\u00e8s 5 minutes, appliquez le Masque de Reconstruction H-S.O.S. Capilar sur toute la longueur des cheveux et laissez agir pour 10-15 minutes.<\/li>\n<li>Rincez bien les cheveux et finissez comme d\u00e9sir\u00e9<\/li>\n<\/ol>\n<p><strong>Traitement apr\u00e8s la d\u00e9coloration et teinture des cheveux<\/strong><\/p>\n<ol>\n<li>Apr\u00e8s avoir terminer la d\u00e9coloration\/tenture, rincez bien les cheveux et enlevez tout l\u2019exc\u00e8s d\u2019eau.<\/li>\n<li>Dans un bassin der lavage, appliquez le Baume Neutralisant H-S.O.S. Capilar sur toute la longueur des cheveux et laissez agir pour 10 minutes<\/li>\n<li>Rincez bien, appliquez le produit de finition Honma Tokyo de votre choix et brosser les cheveux<\/li>\n<\/ol>\n<p><strong>Pour les r\u00e9sultats instantan\u00e9s de revitalisation des cheveux<\/strong><\/p>\n<ol>\n<li>Lavez les cheveux avec le Shampooing Revitalisant H-S.O.S. Capilar, enlevez l\u2019exc\u00e8s d\u2019eau avec une serviette, pr\u00e9parez le m\u00e9lange, comme suit, dans un bol et appliquez sur les cheveux\u00a0:<\/li>\n<\/ol>\n<ul>\n<li>10 gr de Masque Reconstructif H-S.O.S. Capilar<\/li>\n<li>8 vaporisations de la K\u00e9ratine de R\u00e9paration en Profondeur H-S.O.S. Capilar<\/li>\n<li>5 vaporisations de Lipides R\u00e9paration en Profondeur H-S.O.S. Capilar<\/li>\n<\/ul>\n<ol start=\"2\">\n<li>M\u00e9langez bien et appliquez sur toute la longueur des cheveux. Laissez agir pour 15 minutes. Ensuite, rincez bien jusque tout le produit est compl\u00e8tement enlev\u00e9 et finissez comme d\u00e9sir\u00e9.<\/li>\n<\/ol>\n<p><strong>Pour r\u00e9parer les cheveux extr\u00eamement endommag\u00e9s et fragiles<\/strong><\/p>\n<ol>\n<li>Lavez les cheveux avec le Shampooing Revitalisant H-S.O.S. Capilar et enlevez tout l\u2019exc\u00e8s d\u2019eau avec une serviette.<\/li>\n<li>Appliquez la K\u00e9ratine de R\u00e9paration en Profondeur H-S.O.S. Capilar m\u00e8che par m\u00e8che sur la longueur totale des cheveux et brossez. Laissez agir pour 10 minutes.<\/li>\n<li>Placez le Masque de Reconstruction H-S.O.S. Capilar dans un bol, vaporisez-le avec des Lipides de R\u00e9paration en Profondeur H-S.O.S. Capilar et m\u00e9langez bien. Appliquez le m\u00e9lange sur les cheveux en laissant un espace de 5 cm des racines et laissez agir pour 10 minutes.<\/li>\n<li>Apr\u00e8s les 10 minutes, rincez bien les cheveux et finissez comme d\u00e9sir\u00e9.<\/li>\n<\/ol>\n","protected":false},"excerpt":{"rendered":"<p>H-S.O.S Capilar a \u00e9t\u00e9 sp\u00e9cialement d\u00e9velopp\u00e9 pour traiter les cheveux et neutraliser le pH du cheveu poreux ayant subi un traitement chimique.<\/p>\n","protected":false},"featured_media":0,"comment_status":"open","ping_status":"closed","template":"","meta":{"_glsr_average":0,"_glsr_ranking":0,"_glsr_reviews":0},"product_cat":[83],"product_tag":[],"yoast_head":"<!-- This site is optimized with the Yoast SEO plugin v20.10 - https:\/\/yoast.com\/wordpress\/plugins\/seo\/ -->\n<title>H-S.O.S. CAPILAR - Honma Tokyo Canada<\/title>\n<meta name=\"robots\" content=\"index, follow, max-snippet:-1, max-image-preview:large, max-video-preview:-1\" \/>\n<link rel=\"canonical\" href=\"https:\/\/honmatokyo.ca\/produit\/honma-h-sos\/\" \/>\n<meta property=\"og:locale\" content=\"fr_FR\" \/>\n<meta property=\"og:type\" content=\"article\" \/>\n<meta property=\"og:title\" content=\"H-S.O.S. CAPILAR - Honma Tokyo Canada\" \/>\n<meta property=\"og:description\" content=\"H-S.O.S Capilar a \u00e9t\u00e9 sp\u00e9cialement d\u00e9velopp\u00e9 pour traiter les cheveux et neutraliser le pH du cheveu poreux ayant subi un traitement chimique.\" \/>\n<meta property=\"og:url\" content=\"https:\/\/honmatokyo.ca\/produit\/honma-h-sos\/\" \/>\n<meta property=\"og:site_name\" content=\"Honma Tokyo Canada\" \/>\n<meta property=\"article:modified_time\" content=\"2019-12-31T05:11:14+00:00\" \/>\n<meta property=\"og:image\" content=\"https:\/\/honmatokyo.ca\/wp-content\/uploads\/2018\/12\/H-SOS-1.png\" \/>\n\t<meta property=\"og:image:width\" content=\"1200\" \/>\n\t<meta property=\"og:image:height\" content=\"1000\" \/>\n\t<meta property=\"og:image:type\" content=\"image\/png\" \/>\n<meta name=\"twitter:card\" content=\"summary_large_image\" \/>\n<meta name=\"twitter:label1\" content=\"Dur\u00e9e de lecture estim\u00e9e\" \/>\n\t<meta name=\"twitter:data1\" content=\"2 minutes\" \/>\n<script type=\"application\/ld+json\" class=\"yoast-schema-graph\">{\"@context\":\"https:\/\/schema.org\",\"@graph\":[{\"@type\":\"WebPage\",\"@id\":\"https:\/\/honmatokyo.ca\/produit\/honma-h-sos\/\",\"url\":\"https:\/\/honmatokyo.ca\/produit\/honma-h-sos\/\",\"name\":\"H-S.O.S. CAPILAR - Honma Tokyo Canada\",\"isPartOf\":{\"@id\":\"https:\/\/honmatokyo.ca\/#website\"},\"datePublished\":\"2018-12-11T17:44:14+00:00\",\"dateModified\":\"2019-12-31T05:11:14+00:00\",\"breadcrumb\":{\"@id\":\"https:\/\/honmatokyo.ca\/produit\/honma-h-sos\/#breadcrumb\"},\"inLanguage\":\"fr-FR\",\"potentialAction\":[{\"@type\":\"ReadAction\",\"target\":[\"https:\/\/honmatokyo.ca\/produit\/honma-h-sos\/\"]}]},{\"@type\":\"BreadcrumbList\",\"@id\":\"https:\/\/honmatokyo.ca\/produit\/honma-h-sos\/#breadcrumb\",\"itemListElement\":[{\"@type\":\"ListItem\",\"position\":1,\"name\":\"Home\",\"item\":\"https:\/\/honmatokyo.ca\/fr\/\"},{\"@type\":\"ListItem\",\"position\":2,\"name\":\"Shop\",\"item\":\"https:\/\/honmatokyo.ca\/shop\/\"},{\"@type\":\"ListItem\",\"position\":3,\"name\":\"H-S.O.S. CAPILAR\"}]},{\"@type\":\"WebSite\",\"@id\":\"https:\/\/honmatokyo.ca\/#website\",\"url\":\"https:\/\/honmatokyo.ca\/\",\"name\":\"Honma Tokyo Canada\",\"description\":\"Les produits professionnels pour la transformation, traitement et entretien des cheveux\\r\\n\",\"publisher\":{\"@id\":\"https:\/\/honmatokyo.ca\/#organization\"},\"potentialAction\":[{\"@type\":\"SearchAction\",\"target\":{\"@type\":\"EntryPoint\",\"urlTemplate\":\"https:\/\/honmatokyo.ca\/?s={search_term_string}\"},\"query-input\":\"required name=search_term_string\"}],\"inLanguage\":\"fr-FR\"},{\"@type\":\"Organization\",\"@id\":\"https:\/\/honmatokyo.ca\/#organization\",\"name\":\"Honma Tokyo Canada\",\"url\":\"https:\/\/honmatokyo.ca\/\",\"logo\":{\"@type\":\"ImageObject\",\"inLanguage\":\"fr-FR\",\"@id\":\"https:\/\/honmatokyo.ca\/#\/schema\/logo\/image\/\",\"url\":\"https:\/\/honmatokyo.ca\/wp-content\/uploads\/2018\/06\/Logo-Honma.png\",\"contentUrl\":\"https:\/\/honmatokyo.ca\/wp-content\/uploads\/2018\/06\/Logo-Honma.png\",\"width\":3342,\"height\":784,\"caption\":\"Honma Tokyo Canada\"},\"image\":{\"@id\":\"https:\/\/honmatokyo.ca\/#\/schema\/logo\/image\/\"},\"sameAs\":[\"https:\/\/www.instagram.com\/honmatokyocanada\/\"]}]}<\/script>\n<!-- \/ Yoast SEO plugin. -->","yoast_head_json":{"title":"H-S.O.S. CAPILAR - Honma Tokyo Canada","robots":{"index":"index","follow":"follow","max-snippet":"max-snippet:-1","max-image-preview":"max-image-preview:large","max-video-preview":"max-video-preview:-1"},"canonical":"https:\/\/honmatokyo.ca\/produit\/honma-h-sos\/","og_locale":"fr_FR","og_type":"article","og_title":"H-S.O.S. CAPILAR - Honma Tokyo Canada","og_description":"H-S.O.S Capilar a \u00e9t\u00e9 sp\u00e9cialement d\u00e9velopp\u00e9 pour traiter les cheveux et neutraliser le pH du cheveu poreux ayant subi un traitement chimique.","og_url":"https:\/\/honmatokyo.ca\/produit\/honma-h-sos\/","og_site_name":"Honma Tokyo Canada","article_modified_time":"2019-12-31T05:11:14+00:00","og_image":[{"width":1200,"height":1000,"url":"https:\/\/honmatokyo.ca\/wp-content\/uploads\/2018\/12\/H-SOS-1.png","type":"image\/png"}],"twitter_card":"summary_large_image","twitter_misc":{"Dur\u00e9e de lecture estim\u00e9e":"2 minutes"},"schema":{"@context":"https:\/\/schema.org","@graph":[{"@type":"WebPage","@id":"https:\/\/honmatokyo.ca\/produit\/honma-h-sos\/","url":"https:\/\/honmatokyo.ca\/produit\/honma-h-sos\/","name":"H-S.O.S. CAPILAR - Honma Tokyo Canada","isPartOf":{"@id":"https:\/\/honmatokyo.ca\/#website"},"datePublished":"2018-12-11T17:44:14+00:00","dateModified":"2019-12-31T05:11:14+00:00","breadcrumb":{"@id":"https:\/\/honmatokyo.ca\/produit\/honma-h-sos\/#breadcrumb"},"inLanguage":"fr-FR","potentialAction":[{"@type":"ReadAction","target":["https:\/\/honmatokyo.ca\/produit\/honma-h-sos\/"]}]},{"@type":"BreadcrumbList","@id":"https:\/\/honmatokyo.ca\/produit\/honma-h-sos\/#breadcrumb","itemListElement":[{"@type":"ListItem","position":1,"name":"Home","item":"https:\/\/honmatokyo.ca\/fr\/"},{"@type":"ListItem","position":2,"name":"Shop","item":"https:\/\/honmatokyo.ca\/shop\/"},{"@type":"ListItem","position":3,"name":"H-S.O.S. CAPILAR"}]},{"@type":"WebSite","@id":"https:\/\/honmatokyo.ca\/#website","url":"https:\/\/honmatokyo.ca\/","name":"Honma Tokyo Canada","description":"Les produits professionnels pour la transformation, traitement et entretien des cheveux\r\n","publisher":{"@id":"https:\/\/honmatokyo.ca\/#organization"},"potentialAction":[{"@type":"SearchAction","target":{"@type":"EntryPoint","urlTemplate":"https:\/\/honmatokyo.ca\/?s={search_term_string}"},"query-input":"required name=search_term_string"}],"inLanguage":"fr-FR"},{"@type":"Organization","@id":"https:\/\/honmatokyo.ca\/#organization","name":"Honma Tokyo Canada","url":"https:\/\/honmatokyo.ca\/","logo":{"@type":"ImageObject","inLanguage":"fr-FR","@id":"https:\/\/honmatokyo.ca\/#\/schema\/logo\/image\/","url":"https:\/\/honmatokyo.ca\/wp-content\/uploads\/2018\/06\/Logo-Honma.png","contentUrl":"https:\/\/honmatokyo.ca\/wp-content\/uploads\/2018\/06\/Logo-Honma.png","width":3342,"height":784,"caption":"Honma Tokyo Canada"},"image":{"@id":"https:\/\/honmatokyo.ca\/#\/schema\/logo\/image\/"},"sameAs":["https:\/\/www.instagram.com\/honmatokyocanada\/"]}]}},"_links":{"self":[{"href":"https:\/\/honmatokyo.ca\/fr\/wp-json\/wp\/v2\/product\/2072"}],"collection":[{"href":"https:\/\/honmatokyo.ca\/fr\/wp-json\/wp\/v2\/product"}],"about":[{"href":"https:\/\/honmatokyo.ca\/fr\/wp-json\/wp\/v2\/types\/product"}],"replies":[{"embeddable":true,"href":"https:\/\/honmatokyo.ca\/fr\/wp-json\/wp\/v2\/comments?post=2072"}],"wp:attachment":[{"href":"https:\/\/honmatokyo.ca\/fr\/wp-json\/wp\/v2\/media?parent=2072"}],"wp:term":[{"taxonomy":"product_cat","embeddable":true,"href":"https:\/\/honmatokyo.ca\/fr\/wp-json\/wp\/v2\/product_cat?post=2072"},{"taxonomy":"product_tag","embeddable":true,"href":"https:\/\/honmatokyo.ca\/fr\/wp-json\/wp\/v2\/product_tag?post=2072"}],"curies":[{"name":"wp","href":"https:\/\/api.w.org\/{rel}","templated":true}]}}