{"id":2077,"date":"2018-12-11T12:44:44","date_gmt":"2018-12-11T17:44:44","guid":{"rendered":"https:\/\/honmatokyo.ca\/product\/honma-h-brush-special-care\/"},"modified":"2019-02-06T12:58:25","modified_gmt":"2019-02-06T17:58:25","slug":"honma-h-brush-special-care","status":"publish","type":"product","link":"https:\/\/honmatokyo.ca\/fr\/produit\/honma-h-brush-special-care\/","title":{"rendered":"H-Brush Special Care"},"content":{"rendered":"<p>La ligne de soins sp\u00e9ciaux H-Brush a \u00e9t\u00e9 soigneusement d\u00e9velopp\u00e9 pour prolonger et promouvoir le r\u00e9sultat de la traitement cosm\u00e9tique des cheveux.<\/p>\n","protected":false},"excerpt":{"rendered":"<p>La ligne de soins sp\u00e9ciaux H-Brush a \u00e9t\u00e9 soigneusement d\u00e9velopp\u00e9 pour prolonger et promouvoir le r\u00e9sultat de la traitement cosm\u00e9tique des cheveux.<\/p>\n","protected":false},"featured_media":1807,"comment_status":"open","ping_status":"closed","template":"","meta":{"_glsr_average":0,"_glsr_ranking":0,"_glsr_reviews":0},"product_cat":[73],"product_tag":[],"yoast_head":"<!-- This site is optimized with the Yoast SEO plugin v20.10 - https:\/\/yoast.com\/wordpress\/plugins\/seo\/ -->\n<title>H-Brush Special Care - Honma Tokyo Canada<\/title>\n<meta name=\"robots\" content=\"index, follow, max-snippet:-1, max-image-preview:large, max-video-preview:-1\" \/>\n<link rel=\"canonical\" href=\"https:\/\/honmatokyo.ca\/produit\/honma-h-brush-special-care\/\" \/>\n<meta property=\"og:locale\" content=\"fr_FR\" \/>\n<meta property=\"og:type\" content=\"article\" \/>\n<meta property=\"og:title\" content=\"H-Brush Special Care - Honma Tokyo Canada\" \/>\n<meta property=\"og:description\" content=\"La ligne de soins sp\u00e9ciaux H-Brush a \u00e9t\u00e9 soigneusement d\u00e9velopp\u00e9 pour prolonger et promouvoir le r\u00e9sultat de la traitement cosm\u00e9tique des cheveux.\" \/>\n<meta property=\"og:url\" content=\"https:\/\/honmatokyo.ca\/produit\/honma-h-brush-special-care\/\" \/>\n<meta property=\"og:site_name\" content=\"Honma Tokyo Canada\" \/>\n<meta property=\"article:modified_time\" content=\"2019-02-06T17:58:25+00:00\" \/>\n<meta property=\"og:image\" content=\"https:\/\/honmatokyo.ca\/wp-content\/uploads\/2018\/12\/H-Brush-Special-Care.png\" \/>\n\t<meta property=\"og:image:width\" content=\"1200\" \/>\n\t<meta property=\"og:image:height\" content=\"1000\" \/>\n\t<meta property=\"og:image:type\" content=\"image\/png\" \/>\n<meta name=\"twitter:card\" content=\"summary_large_image\" \/>\n<script type=\"application\/ld+json\" class=\"yoast-schema-graph\">{\"@context\":\"https:\/\/schema.org\",\"@graph\":[{\"@type\":\"WebPage\",\"@id\":\"https:\/\/honmatokyo.ca\/produit\/honma-h-brush-special-care\/\",\"url\":\"https:\/\/honmatokyo.ca\/produit\/honma-h-brush-special-care\/\",\"name\":\"H-Brush Special Care - Honma Tokyo Canada\",\"isPartOf\":{\"@id\":\"https:\/\/honmatokyo.ca\/#website\"},\"datePublished\":\"2018-12-11T17:44:44+00:00\",\"dateModified\":\"2019-02-06T17:58:25+00:00\",\"breadcrumb\":{\"@id\":\"https:\/\/honmatokyo.ca\/produit\/honma-h-brush-special-care\/#breadcrumb\"},\"inLanguage\":\"fr-FR\",\"potentialAction\":[{\"@type\":\"ReadAction\",\"target\":[\"https:\/\/honmatokyo.ca\/produit\/honma-h-brush-special-care\/\"]}]},{\"@type\":\"BreadcrumbList\",\"@id\":\"https:\/\/honmatokyo.ca\/produit\/honma-h-brush-special-care\/#breadcrumb\",\"itemListElement\":[{\"@type\":\"ListItem\",\"position\":1,\"name\":\"Home\",\"item\":\"https:\/\/honmatokyo.ca\/fr\/\"},{\"@type\":\"ListItem\",\"position\":2,\"name\":\"Shop\",\"item\":\"https:\/\/honmatokyo.ca\/shop\/\"},{\"@type\":\"ListItem\",\"position\":3,\"name\":\"H-Brush Special Care\"}]},{\"@type\":\"WebSite\",\"@id\":\"https:\/\/honmatokyo.ca\/#website\",\"url\":\"https:\/\/honmatokyo.ca\/\",\"name\":\"Honma Tokyo Canada\",\"description\":\"Les produits professionnels pour la transformation, traitement et entretien des cheveux\\r\\n\",\"publisher\":{\"@id\":\"https:\/\/honmatokyo.ca\/#organization\"},\"potentialAction\":[{\"@type\":\"SearchAction\",\"target\":{\"@type\":\"EntryPoint\",\"urlTemplate\":\"https:\/\/honmatokyo.ca\/?s={search_term_string}\"},\"query-input\":\"required name=search_term_string\"}],\"inLanguage\":\"fr-FR\"},{\"@type\":\"Organization\",\"@id\":\"https:\/\/honmatokyo.ca\/#organization\",\"name\":\"Honma Tokyo Canada\",\"url\":\"https:\/\/honmatokyo.ca\/\",\"logo\":{\"@type\":\"ImageObject\",\"inLanguage\":\"fr-FR\",\"@id\":\"https:\/\/honmatokyo.ca\/#\/schema\/logo\/image\/\",\"url\":\"https:\/\/honmatokyo.ca\/wp-content\/uploads\/2018\/06\/Logo-Honma.png\",\"contentUrl\":\"https:\/\/honmatokyo.ca\/wp-content\/uploads\/2018\/06\/Logo-Honma.png\",\"width\":3342,\"height\":784,\"caption\":\"Honma Tokyo Canada\"},\"image\":{\"@id\":\"https:\/\/honmatokyo.ca\/#\/schema\/logo\/image\/\"},\"sameAs\":[\"https:\/\/www.instagram.com\/honmatokyocanada\/\"]}]}<\/script>\n<!-- \/ Yoast SEO plugin. -->","yoast_head_json":{"title":"H-Brush Special Care - Honma Tokyo Canada","robots":{"index":"index","follow":"follow","max-snippet":"max-snippet:-1","max-image-preview":"max-image-preview:large","max-video-preview":"max-video-preview:-1"},"canonical":"https:\/\/honmatokyo.ca\/produit\/honma-h-brush-special-care\/","og_locale":"fr_FR","og_type":"article","og_title":"H-Brush Special Care - Honma Tokyo Canada","og_description":"La ligne de soins sp\u00e9ciaux H-Brush a \u00e9t\u00e9 soigneusement d\u00e9velopp\u00e9 pour prolonger et promouvoir le r\u00e9sultat de la traitement cosm\u00e9tique des cheveux.","og_url":"https:\/\/honmatokyo.ca\/produit\/honma-h-brush-special-care\/","og_site_name":"Honma Tokyo Canada","article_modified_time":"2019-02-06T17:58:25+00:00","og_image":[{"width":1200,"height":1000,"url":"https:\/\/honmatokyo.ca\/wp-content\/uploads\/2018\/12\/H-Brush-Special-Care.png","type":"image\/png"}],"twitter_card":"summary_large_image","schema":{"@context":"https:\/\/schema.org","@graph":[{"@type":"WebPage","@id":"https:\/\/honmatokyo.ca\/produit\/honma-h-brush-special-care\/","url":"https:\/\/honmatokyo.ca\/produit\/honma-h-brush-special-care\/","name":"H-Brush Special Care - Honma Tokyo Canada","isPartOf":{"@id":"https:\/\/honmatokyo.ca\/#website"},"datePublished":"2018-12-11T17:44:44+00:00","dateModified":"2019-02-06T17:58:25+00:00","breadcrumb":{"@id":"https:\/\/honmatokyo.ca\/produit\/honma-h-brush-special-care\/#breadcrumb"},"inLanguage":"fr-FR","potentialAction":[{"@type":"ReadAction","target":["https:\/\/honmatokyo.ca\/produit\/honma-h-brush-special-care\/"]}]},{"@type":"BreadcrumbList","@id":"https:\/\/honmatokyo.ca\/produit\/honma-h-brush-special-care\/#breadcrumb","itemListElement":[{"@type":"ListItem","position":1,"name":"Home","item":"https:\/\/honmatokyo.ca\/fr\/"},{"@type":"ListItem","position":2,"name":"Shop","item":"https:\/\/honmatokyo.ca\/shop\/"},{"@type":"ListItem","position":3,"name":"H-Brush Special Care"}]},{"@type":"WebSite","@id":"https:\/\/honmatokyo.ca\/#website","url":"https:\/\/honmatokyo.ca\/","name":"Honma Tokyo Canada","description":"Les produits professionnels pour la transformation, traitement et entretien des cheveux\r\n","publisher":{"@id":"https:\/\/honmatokyo.ca\/#organization"},"potentialAction":[{"@type":"SearchAction","target":{"@type":"EntryPoint","urlTemplate":"https:\/\/honmatokyo.ca\/?s={search_term_string}"},"query-input":"required name=search_term_string"}],"inLanguage":"fr-FR"},{"@type":"Organization","@id":"https:\/\/honmatokyo.ca\/#organization","name":"Honma Tokyo Canada","url":"https:\/\/honmatokyo.ca\/","logo":{"@type":"ImageObject","inLanguage":"fr-FR","@id":"https:\/\/honmatokyo.ca\/#\/schema\/logo\/image\/","url":"https:\/\/honmatokyo.ca\/wp-content\/uploads\/2018\/06\/Logo-Honma.png","contentUrl":"https:\/\/honmatokyo.ca\/wp-content\/uploads\/2018\/06\/Logo-Honma.png","width":3342,"height":784,"caption":"Honma Tokyo Canada"},"image":{"@id":"https:\/\/honmatokyo.ca\/#\/schema\/logo\/image\/"},"sameAs":["https:\/\/www.instagram.com\/honmatokyocanada\/"]}]}},"_links":{"self":[{"href":"https:\/\/honmatokyo.ca\/fr\/wp-json\/wp\/v2\/product\/2077"}],"collection":[{"href":"https:\/\/honmatokyo.ca\/fr\/wp-json\/wp\/v2\/product"}],"about":[{"href":"https:\/\/honmatokyo.ca\/fr\/wp-json\/wp\/v2\/types\/product"}],"replies":[{"embeddable":true,"href":"https:\/\/honmatokyo.ca\/fr\/wp-json\/wp\/v2\/comments?post=2077"}],"wp:featuredmedia":[{"embeddable":true,"href":"https:\/\/honmatokyo.ca\/fr\/wp-json\/wp\/v2\/media\/1807"}],"wp:attachment":[{"href":"https:\/\/honmatokyo.ca\/fr\/wp-json\/wp\/v2\/media?parent=2077"}],"wp:term":[{"taxonomy":"product_cat","embeddable":true,"href":"https:\/\/honmatokyo.ca\/fr\/wp-json\/wp\/v2\/product_cat?post=2077"},{"taxonomy":"product_tag","embeddable":true,"href":"https:\/\/honmatokyo.ca\/fr\/wp-json\/wp\/v2\/product_tag?post=2077"}],"curies":[{"name":"wp","href":"https:\/\/api.w.org\/{rel}","templated":true}]}}