{"id":2155,"date":"2018-12-11T12:45:41","date_gmt":"2018-12-11T17:45:41","guid":{"rendered":"https:\/\/honmatokyo.ca\/product\/honma-collagen-caviar\/"},"modified":"2018-12-11T12:45:41","modified_gmt":"2018-12-11T17:45:41","slug":"honma-collagen-caviar","status":"publish","type":"product","link":"https:\/\/honmatokyo.ca\/fr\/produit\/honma-collagen-caviar\/","title":{"rendered":"Collagen Caviar"},"content":{"rendered":"<p>Le kit caviar de collag\u00e8ne est con\u00e7u pour un usage \u00e0 la maison et pour prolonger le r\u00e9sultat de la proc\u00e9dure au caf\u00e9 Premium Collagen.<br \/>\nConvient aux cheveux secs et expos\u00e9s aux produits chimiques.<\/p>\n","protected":false},"excerpt":{"rendered":"<p>Le kit caviar de collag\u00e8ne est con\u00e7u pour un usage \u00e0 la maison et pour prolonger le r\u00e9sultat de la proc\u00e9dure au caf\u00e9 Premium Collagen. Convient aux cheveux secs et expos\u00e9s aux produits chimiques.<\/p>\n","protected":false},"featured_media":1864,"comment_status":"open","ping_status":"closed","template":"","meta":{"_glsr_average":0,"_glsr_ranking":0,"_glsr_reviews":0},"product_cat":[73],"product_tag":[],"yoast_head":"<!-- This site is optimized with the Yoast SEO plugin v20.10 - https:\/\/yoast.com\/wordpress\/plugins\/seo\/ -->\n<title>Collagen Caviar - Honma Tokyo Canada<\/title>\n<meta name=\"robots\" content=\"index, follow, max-snippet:-1, max-image-preview:large, max-video-preview:-1\" \/>\n<link rel=\"canonical\" href=\"https:\/\/honmatokyo.ca\/produit\/honma-collagen-caviar\/\" \/>\n<meta property=\"og:locale\" content=\"fr_FR\" \/>\n<meta property=\"og:type\" content=\"article\" \/>\n<meta property=\"og:title\" content=\"Collagen Caviar - Honma Tokyo Canada\" \/>\n<meta property=\"og:description\" content=\"Le kit caviar de collag\u00e8ne est con\u00e7u pour un usage \u00e0 la maison et pour prolonger le r\u00e9sultat de la proc\u00e9dure au caf\u00e9 Premium Collagen. Convient aux cheveux secs et expos\u00e9s aux produits chimiques.\" \/>\n<meta property=\"og:url\" content=\"https:\/\/honmatokyo.ca\/produit\/honma-collagen-caviar\/\" \/>\n<meta property=\"og:site_name\" content=\"Honma Tokyo Canada\" \/>\n<meta property=\"og:image\" content=\"https:\/\/honmatokyo.ca\/wp-content\/uploads\/2018\/12\/Collagen-Caviar.png\" \/>\n\t<meta property=\"og:image:width\" content=\"1200\" \/>\n\t<meta property=\"og:image:height\" content=\"1000\" \/>\n\t<meta property=\"og:image:type\" content=\"image\/png\" \/>\n<meta name=\"twitter:card\" content=\"summary_large_image\" \/>\n<script type=\"application\/ld+json\" class=\"yoast-schema-graph\">{\"@context\":\"https:\/\/schema.org\",\"@graph\":[{\"@type\":\"WebPage\",\"@id\":\"https:\/\/honmatokyo.ca\/produit\/honma-collagen-caviar\/\",\"url\":\"https:\/\/honmatokyo.ca\/produit\/honma-collagen-caviar\/\",\"name\":\"Collagen Caviar - Honma Tokyo Canada\",\"isPartOf\":{\"@id\":\"https:\/\/honmatokyo.ca\/#website\"},\"datePublished\":\"2018-12-11T17:45:41+00:00\",\"dateModified\":\"2018-12-11T17:45:41+00:00\",\"breadcrumb\":{\"@id\":\"https:\/\/honmatokyo.ca\/produit\/honma-collagen-caviar\/#breadcrumb\"},\"inLanguage\":\"fr-FR\",\"potentialAction\":[{\"@type\":\"ReadAction\",\"target\":[\"https:\/\/honmatokyo.ca\/produit\/honma-collagen-caviar\/\"]}]},{\"@type\":\"BreadcrumbList\",\"@id\":\"https:\/\/honmatokyo.ca\/produit\/honma-collagen-caviar\/#breadcrumb\",\"itemListElement\":[{\"@type\":\"ListItem\",\"position\":1,\"name\":\"Home\",\"item\":\"https:\/\/honmatokyo.ca\/fr\/\"},{\"@type\":\"ListItem\",\"position\":2,\"name\":\"Shop\",\"item\":\"https:\/\/honmatokyo.ca\/shop\/\"},{\"@type\":\"ListItem\",\"position\":3,\"name\":\"Collagen Caviar\"}]},{\"@type\":\"WebSite\",\"@id\":\"https:\/\/honmatokyo.ca\/#website\",\"url\":\"https:\/\/honmatokyo.ca\/\",\"name\":\"Honma Tokyo Canada\",\"description\":\"Les produits professionnels pour la transformation, traitement et entretien des cheveux\\r\\n\",\"publisher\":{\"@id\":\"https:\/\/honmatokyo.ca\/#organization\"},\"potentialAction\":[{\"@type\":\"SearchAction\",\"target\":{\"@type\":\"EntryPoint\",\"urlTemplate\":\"https:\/\/honmatokyo.ca\/?s={search_term_string}\"},\"query-input\":\"required name=search_term_string\"}],\"inLanguage\":\"fr-FR\"},{\"@type\":\"Organization\",\"@id\":\"https:\/\/honmatokyo.ca\/#organization\",\"name\":\"Honma Tokyo Canada\",\"url\":\"https:\/\/honmatokyo.ca\/\",\"logo\":{\"@type\":\"ImageObject\",\"inLanguage\":\"fr-FR\",\"@id\":\"https:\/\/honmatokyo.ca\/#\/schema\/logo\/image\/\",\"url\":\"https:\/\/honmatokyo.ca\/wp-content\/uploads\/2018\/06\/Logo-Honma.png\",\"contentUrl\":\"https:\/\/honmatokyo.ca\/wp-content\/uploads\/2018\/06\/Logo-Honma.png\",\"width\":3342,\"height\":784,\"caption\":\"Honma Tokyo Canada\"},\"image\":{\"@id\":\"https:\/\/honmatokyo.ca\/#\/schema\/logo\/image\/\"},\"sameAs\":[\"https:\/\/www.instagram.com\/honmatokyocanada\/\"]}]}<\/script>\n<!-- \/ Yoast SEO plugin. -->","yoast_head_json":{"title":"Collagen Caviar - Honma Tokyo Canada","robots":{"index":"index","follow":"follow","max-snippet":"max-snippet:-1","max-image-preview":"max-image-preview:large","max-video-preview":"max-video-preview:-1"},"canonical":"https:\/\/honmatokyo.ca\/produit\/honma-collagen-caviar\/","og_locale":"fr_FR","og_type":"article","og_title":"Collagen Caviar - Honma Tokyo Canada","og_description":"Le kit caviar de collag\u00e8ne est con\u00e7u pour un usage \u00e0 la maison et pour prolonger le r\u00e9sultat de la proc\u00e9dure au caf\u00e9 Premium Collagen. Convient aux cheveux secs et expos\u00e9s aux produits chimiques.","og_url":"https:\/\/honmatokyo.ca\/produit\/honma-collagen-caviar\/","og_site_name":"Honma Tokyo Canada","og_image":[{"width":1200,"height":1000,"url":"https:\/\/honmatokyo.ca\/wp-content\/uploads\/2018\/12\/Collagen-Caviar.png","type":"image\/png"}],"twitter_card":"summary_large_image","schema":{"@context":"https:\/\/schema.org","@graph":[{"@type":"WebPage","@id":"https:\/\/honmatokyo.ca\/produit\/honma-collagen-caviar\/","url":"https:\/\/honmatokyo.ca\/produit\/honma-collagen-caviar\/","name":"Collagen Caviar - Honma Tokyo Canada","isPartOf":{"@id":"https:\/\/honmatokyo.ca\/#website"},"datePublished":"2018-12-11T17:45:41+00:00","dateModified":"2018-12-11T17:45:41+00:00","breadcrumb":{"@id":"https:\/\/honmatokyo.ca\/produit\/honma-collagen-caviar\/#breadcrumb"},"inLanguage":"fr-FR","potentialAction":[{"@type":"ReadAction","target":["https:\/\/honmatokyo.ca\/produit\/honma-collagen-caviar\/"]}]},{"@type":"BreadcrumbList","@id":"https:\/\/honmatokyo.ca\/produit\/honma-collagen-caviar\/#breadcrumb","itemListElement":[{"@type":"ListItem","position":1,"name":"Home","item":"https:\/\/honmatokyo.ca\/fr\/"},{"@type":"ListItem","position":2,"name":"Shop","item":"https:\/\/honmatokyo.ca\/shop\/"},{"@type":"ListItem","position":3,"name":"Collagen Caviar"}]},{"@type":"WebSite","@id":"https:\/\/honmatokyo.ca\/#website","url":"https:\/\/honmatokyo.ca\/","name":"Honma Tokyo Canada","description":"Les produits professionnels pour la transformation, traitement et entretien des cheveux\r\n","publisher":{"@id":"https:\/\/honmatokyo.ca\/#organization"},"potentialAction":[{"@type":"SearchAction","target":{"@type":"EntryPoint","urlTemplate":"https:\/\/honmatokyo.ca\/?s={search_term_string}"},"query-input":"required name=search_term_string"}],"inLanguage":"fr-FR"},{"@type":"Organization","@id":"https:\/\/honmatokyo.ca\/#organization","name":"Honma Tokyo Canada","url":"https:\/\/honmatokyo.ca\/","logo":{"@type":"ImageObject","inLanguage":"fr-FR","@id":"https:\/\/honmatokyo.ca\/#\/schema\/logo\/image\/","url":"https:\/\/honmatokyo.ca\/wp-content\/uploads\/2018\/06\/Logo-Honma.png","contentUrl":"https:\/\/honmatokyo.ca\/wp-content\/uploads\/2018\/06\/Logo-Honma.png","width":3342,"height":784,"caption":"Honma Tokyo Canada"},"image":{"@id":"https:\/\/honmatokyo.ca\/#\/schema\/logo\/image\/"},"sameAs":["https:\/\/www.instagram.com\/honmatokyocanada\/"]}]}},"_links":{"self":[{"href":"https:\/\/honmatokyo.ca\/fr\/wp-json\/wp\/v2\/product\/2155"}],"collection":[{"href":"https:\/\/honmatokyo.ca\/fr\/wp-json\/wp\/v2\/product"}],"about":[{"href":"https:\/\/honmatokyo.ca\/fr\/wp-json\/wp\/v2\/types\/product"}],"replies":[{"embeddable":true,"href":"https:\/\/honmatokyo.ca\/fr\/wp-json\/wp\/v2\/comments?post=2155"}],"wp:featuredmedia":[{"embeddable":true,"href":"https:\/\/honmatokyo.ca\/fr\/wp-json\/wp\/v2\/media\/1864"}],"wp:attachment":[{"href":"https:\/\/honmatokyo.ca\/fr\/wp-json\/wp\/v2\/media?parent=2155"}],"wp:term":[{"taxonomy":"product_cat","embeddable":true,"href":"https:\/\/honmatokyo.ca\/fr\/wp-json\/wp\/v2\/product_cat?post=2155"},{"taxonomy":"product_tag","embeddable":true,"href":"https:\/\/honmatokyo.ca\/fr\/wp-json\/wp\/v2\/product_tag?post=2155"}],"curies":[{"name":"wp","href":"https:\/\/api.w.org\/{rel}","templated":true}]}}