{"id":2183,"date":"2018-12-11T12:45:11","date_gmt":"2018-12-11T17:45:11","guid":{"rendered":"https:\/\/honmatokyo.ca\/product\/honma-nutriblond-care\/"},"modified":"2018-12-11T12:45:11","modified_gmt":"2018-12-11T17:45:11","slug":"honma-nutriblond-care","status":"publish","type":"product","link":"https:\/\/honmatokyo.ca\/fr\/produit\/honma-nutriblond-care\/","title":{"rendered":"Nutriblond Care"},"content":{"rendered":"<p>La gamme a \u00e9t\u00e9 d\u00e9velopp\u00e9e pour r\u00e9pondre aux besoins des cheveux blonds et gris. Il contient dans sa formulation des micro pigments naturels (Fleurs violettes) qui aident \u00e0r\u00e9duire l\u2019apparence jaun\u00e2tre des cheveux. \u00c9labor\u00e9 avec de la cire de Cupua\u00e7u, du collag\u00e8ne, de la k\u00e9ratine et d\u2019autres actifs sp\u00e9ciaux \u00e0 fort pouvoir hydratant, les cheveux sont doux, brillants et faciles \u00e0 d\u00e9m\u00ealer. Aide \u00e0 restaurer la masse perdue au cours du processus decoloration et ded\u00e9coloration, en augmentant la r\u00e9sistance et en redonnant force, \u00e9quilibre et \u00e9lasticit\u00e9 aux cheveux.<\/p>\n","protected":false},"excerpt":{"rendered":"<p>La gamme a \u00e9t\u00e9 d\u00e9velopp\u00e9e pour r\u00e9pondre aux besoins des cheveux blonds et gris. Il contient dans sa formulation des micro pigments naturels (Fleurs violettes) qui aident \u00e0r\u00e9duire l\u2019apparence jaun\u00e2tre des cheveux. \u00c9labor\u00e9 avec de la cire de Cupua\u00e7u, du collag\u00e8ne, de la k\u00e9ratine et d\u2019autres actifs sp\u00e9ciaux \u00e0 fort pouvoir hydratant, les cheveux sont [&#8230;]\n","protected":false},"featured_media":1836,"comment_status":"open","ping_status":"closed","template":"","meta":{"_glsr_average":0,"_glsr_ranking":0,"_glsr_reviews":0},"product_cat":[73],"product_tag":[],"yoast_head":"<!-- This site is optimized with the Yoast SEO plugin v20.10 - https:\/\/yoast.com\/wordpress\/plugins\/seo\/ -->\n<title>Nutriblond Care - Honma Tokyo Canada<\/title>\n<meta name=\"robots\" content=\"index, follow, max-snippet:-1, max-image-preview:large, max-video-preview:-1\" \/>\n<link rel=\"canonical\" href=\"https:\/\/honmatokyo.ca\/fr\/produit\/honma-nutriblond-care\/\" \/>\n<meta property=\"og:locale\" content=\"fr_FR\" \/>\n<meta property=\"og:type\" content=\"article\" \/>\n<meta property=\"og:title\" content=\"Nutriblond Care - Honma Tokyo Canada\" \/>\n<meta property=\"og:description\" content=\"La gamme a \u00e9t\u00e9 d\u00e9velopp\u00e9e pour r\u00e9pondre aux besoins des cheveux blonds et gris. Il contient dans sa formulation des micro pigments naturels (Fleurs violettes) qui aident \u00e0r\u00e9duire l\u2019apparence jaun\u00e2tre des cheveux. \u00c9labor\u00e9 avec de la cire de Cupua\u00e7u, du collag\u00e8ne, de la k\u00e9ratine et d\u2019autres actifs sp\u00e9ciaux \u00e0 fort pouvoir hydratant, les cheveux sont [...]\" \/>\n<meta property=\"og:url\" content=\"https:\/\/honmatokyo.ca\/fr\/produit\/honma-nutriblond-care\/\" \/>\n<meta property=\"og:site_name\" content=\"Honma Tokyo Canada\" \/>\n<meta property=\"og:image\" content=\"https:\/\/honmatokyo.ca\/wp-content\/uploads\/2018\/12\/Nutriblond-Care.png\" \/>\n\t<meta property=\"og:image:width\" content=\"1200\" \/>\n\t<meta property=\"og:image:height\" content=\"1000\" \/>\n\t<meta property=\"og:image:type\" content=\"image\/png\" \/>\n<meta name=\"twitter:card\" content=\"summary_large_image\" \/>\n<script type=\"application\/ld+json\" class=\"yoast-schema-graph\">{\"@context\":\"https:\/\/schema.org\",\"@graph\":[{\"@type\":\"WebPage\",\"@id\":\"https:\/\/honmatokyo.ca\/fr\/produit\/honma-nutriblond-care\/\",\"url\":\"https:\/\/honmatokyo.ca\/fr\/produit\/honma-nutriblond-care\/\",\"name\":\"Nutriblond Care - Honma Tokyo Canada\",\"isPartOf\":{\"@id\":\"https:\/\/honmatokyo.ca\/#website\"},\"datePublished\":\"2018-12-11T17:45:11+00:00\",\"dateModified\":\"2018-12-11T17:45:11+00:00\",\"breadcrumb\":{\"@id\":\"https:\/\/honmatokyo.ca\/fr\/produit\/honma-nutriblond-care\/#breadcrumb\"},\"inLanguage\":\"fr-FR\",\"potentialAction\":[{\"@type\":\"ReadAction\",\"target\":[\"https:\/\/honmatokyo.ca\/fr\/produit\/honma-nutriblond-care\/\"]}]},{\"@type\":\"BreadcrumbList\",\"@id\":\"https:\/\/honmatokyo.ca\/fr\/produit\/honma-nutriblond-care\/#breadcrumb\",\"itemListElement\":[{\"@type\":\"ListItem\",\"position\":1,\"name\":\"Home\",\"item\":\"https:\/\/honmatokyo.ca\/fr\/\"},{\"@type\":\"ListItem\",\"position\":2,\"name\":\"Shop\",\"item\":\"https:\/\/honmatokyo.ca\/shop\/\"},{\"@type\":\"ListItem\",\"position\":3,\"name\":\"Nutriblond Care\"}]},{\"@type\":\"WebSite\",\"@id\":\"https:\/\/honmatokyo.ca\/#website\",\"url\":\"https:\/\/honmatokyo.ca\/\",\"name\":\"Honma Tokyo Canada\",\"description\":\"Les produits professionnels pour la transformation, traitement et entretien des cheveux\\r\\n\",\"publisher\":{\"@id\":\"https:\/\/honmatokyo.ca\/#organization\"},\"potentialAction\":[{\"@type\":\"SearchAction\",\"target\":{\"@type\":\"EntryPoint\",\"urlTemplate\":\"https:\/\/honmatokyo.ca\/?s={search_term_string}\"},\"query-input\":\"required name=search_term_string\"}],\"inLanguage\":\"fr-FR\"},{\"@type\":\"Organization\",\"@id\":\"https:\/\/honmatokyo.ca\/#organization\",\"name\":\"Honma Tokyo Canada\",\"url\":\"https:\/\/honmatokyo.ca\/\",\"logo\":{\"@type\":\"ImageObject\",\"inLanguage\":\"fr-FR\",\"@id\":\"https:\/\/honmatokyo.ca\/#\/schema\/logo\/image\/\",\"url\":\"https:\/\/honmatokyo.ca\/wp-content\/uploads\/2018\/06\/Logo-Honma.png\",\"contentUrl\":\"https:\/\/honmatokyo.ca\/wp-content\/uploads\/2018\/06\/Logo-Honma.png\",\"width\":3342,\"height\":784,\"caption\":\"Honma Tokyo Canada\"},\"image\":{\"@id\":\"https:\/\/honmatokyo.ca\/#\/schema\/logo\/image\/\"},\"sameAs\":[\"https:\/\/www.instagram.com\/honmatokyocanada\/\"]}]}<\/script>\n<!-- \/ Yoast SEO plugin. -->","yoast_head_json":{"title":"Nutriblond Care - Honma Tokyo Canada","robots":{"index":"index","follow":"follow","max-snippet":"max-snippet:-1","max-image-preview":"max-image-preview:large","max-video-preview":"max-video-preview:-1"},"canonical":"https:\/\/honmatokyo.ca\/fr\/produit\/honma-nutriblond-care\/","og_locale":"fr_FR","og_type":"article","og_title":"Nutriblond Care - Honma Tokyo Canada","og_description":"La gamme a \u00e9t\u00e9 d\u00e9velopp\u00e9e pour r\u00e9pondre aux besoins des cheveux blonds et gris. Il contient dans sa formulation des micro pigments naturels (Fleurs violettes) qui aident \u00e0r\u00e9duire l\u2019apparence jaun\u00e2tre des cheveux. \u00c9labor\u00e9 avec de la cire de Cupua\u00e7u, du collag\u00e8ne, de la k\u00e9ratine et d\u2019autres actifs sp\u00e9ciaux \u00e0 fort pouvoir hydratant, les cheveux sont [...]","og_url":"https:\/\/honmatokyo.ca\/fr\/produit\/honma-nutriblond-care\/","og_site_name":"Honma Tokyo Canada","og_image":[{"width":1200,"height":1000,"url":"https:\/\/honmatokyo.ca\/wp-content\/uploads\/2018\/12\/Nutriblond-Care.png","type":"image\/png"}],"twitter_card":"summary_large_image","schema":{"@context":"https:\/\/schema.org","@graph":[{"@type":"WebPage","@id":"https:\/\/honmatokyo.ca\/fr\/produit\/honma-nutriblond-care\/","url":"https:\/\/honmatokyo.ca\/fr\/produit\/honma-nutriblond-care\/","name":"Nutriblond Care - Honma Tokyo Canada","isPartOf":{"@id":"https:\/\/honmatokyo.ca\/#website"},"datePublished":"2018-12-11T17:45:11+00:00","dateModified":"2018-12-11T17:45:11+00:00","breadcrumb":{"@id":"https:\/\/honmatokyo.ca\/fr\/produit\/honma-nutriblond-care\/#breadcrumb"},"inLanguage":"fr-FR","potentialAction":[{"@type":"ReadAction","target":["https:\/\/honmatokyo.ca\/fr\/produit\/honma-nutriblond-care\/"]}]},{"@type":"BreadcrumbList","@id":"https:\/\/honmatokyo.ca\/fr\/produit\/honma-nutriblond-care\/#breadcrumb","itemListElement":[{"@type":"ListItem","position":1,"name":"Home","item":"https:\/\/honmatokyo.ca\/fr\/"},{"@type":"ListItem","position":2,"name":"Shop","item":"https:\/\/honmatokyo.ca\/shop\/"},{"@type":"ListItem","position":3,"name":"Nutriblond Care"}]},{"@type":"WebSite","@id":"https:\/\/honmatokyo.ca\/#website","url":"https:\/\/honmatokyo.ca\/","name":"Honma Tokyo Canada","description":"Les produits professionnels pour la transformation, traitement et entretien des cheveux\r\n","publisher":{"@id":"https:\/\/honmatokyo.ca\/#organization"},"potentialAction":[{"@type":"SearchAction","target":{"@type":"EntryPoint","urlTemplate":"https:\/\/honmatokyo.ca\/?s={search_term_string}"},"query-input":"required name=search_term_string"}],"inLanguage":"fr-FR"},{"@type":"Organization","@id":"https:\/\/honmatokyo.ca\/#organization","name":"Honma Tokyo Canada","url":"https:\/\/honmatokyo.ca\/","logo":{"@type":"ImageObject","inLanguage":"fr-FR","@id":"https:\/\/honmatokyo.ca\/#\/schema\/logo\/image\/","url":"https:\/\/honmatokyo.ca\/wp-content\/uploads\/2018\/06\/Logo-Honma.png","contentUrl":"https:\/\/honmatokyo.ca\/wp-content\/uploads\/2018\/06\/Logo-Honma.png","width":3342,"height":784,"caption":"Honma Tokyo Canada"},"image":{"@id":"https:\/\/honmatokyo.ca\/#\/schema\/logo\/image\/"},"sameAs":["https:\/\/www.instagram.com\/honmatokyocanada\/"]}]}},"_links":{"self":[{"href":"https:\/\/honmatokyo.ca\/fr\/wp-json\/wp\/v2\/product\/2183"}],"collection":[{"href":"https:\/\/honmatokyo.ca\/fr\/wp-json\/wp\/v2\/product"}],"about":[{"href":"https:\/\/honmatokyo.ca\/fr\/wp-json\/wp\/v2\/types\/product"}],"replies":[{"embeddable":true,"href":"https:\/\/honmatokyo.ca\/fr\/wp-json\/wp\/v2\/comments?post=2183"}],"wp:featuredmedia":[{"embeddable":true,"href":"https:\/\/honmatokyo.ca\/fr\/wp-json\/wp\/v2\/media\/1836"}],"wp:attachment":[{"href":"https:\/\/honmatokyo.ca\/fr\/wp-json\/wp\/v2\/media?parent=2183"}],"wp:term":[{"taxonomy":"product_cat","embeddable":true,"href":"https:\/\/honmatokyo.ca\/fr\/wp-json\/wp\/v2\/product_cat?post=2183"},{"taxonomy":"product_tag","embeddable":true,"href":"https:\/\/honmatokyo.ca\/fr\/wp-json\/wp\/v2\/product_tag?post=2183"}],"curies":[{"name":"wp","href":"https:\/\/api.w.org\/{rel}","templated":true}]}}