{"id":3112,"date":"2019-07-11T22:38:19","date_gmt":"2019-07-12T02:38:19","guid":{"rendered":"https:\/\/honmatokyo.ca\/?post_type=product&#038;p=3112"},"modified":"2019-12-02T00:32:07","modified_gmt":"2019-12-02T05:32:07","slug":"collagene-bio-noix-de-coco-disciplinant","status":"publish","type":"product","link":"https:\/\/honmatokyo.ca\/fr\/produit\/collagene-bio-noix-de-coco-disciplinant\/","title":{"rendered":"Collag\u00e8ne Bio Noix de Coco Disciplinant"},"content":{"rendered":"<p><strong>Collag\u00e8ne Bio Noix de Coco Disciplinant<\/strong> combine notre technologie exclusive, qui offre des avantages fonctionnels pour les cheveux. Il pr\u00e9sente une formule semblable \u00e0 un gel avec une texture l\u00e9g\u00e8re et est riche en bioactifs simples et multiples qui agissent directement sur la fibre capillaire du cortex central aux couches externes du m\u00e8che, fournissant des r\u00e9sultats imm\u00e9diats et durables. Il procure une ultra-hydratation, une r\u00e9paration et une protection des cheveux contre les agents externes, les laissant brillants et doux. Sa formule est enrichie en <strong>huile de coco, collag\u00e8ne et prot\u00e9ines de bl\u00e9.<\/strong><\/p>\n<div class=\"container section-title-container\" ><h3 class=\"section-title section-title-center\"><b><\/b><span class=\"section-title-main\" >APPLICATION \u00c9TAPE PAR \u00c9TAPE<\/span><b><\/b><\/h3><\/div>\n<ol>\n<li>Appliquez Disciplinant Collag\u00e8ne Bio Noix de Coco \u00e0 1 cm de la racine. Appliquez sur les cheveux secs, non-lav\u00e9s, alignant les m\u00e8ches de cheveux avec une peigne \u00e0 dents fins. (Si les cheveux sont tr\u00e8s sales, il faut les laver avant avec un shampooing clarifiant et les s\u00e9cher \u00e0 100%).<\/li>\n<li>Laissez agir 20 minutes.<\/li>\n<li>Rinsez \u00e0 100%.<\/li>\n<li>S\u00e9chez les cheveux \u00e0 100% en faisant le brushing (brosse).<\/li>\n<li>Passez le fer \u00e0 plat m\u00e8che par m\u00e8che sur tous les cheveux (chaque m\u00e8che ne doit pas \u00eatre plus que 1 cm d\u2019\u00e9paisseur). Suivre la temp\u00e9rature et le nombres de plaques recommand\u00e9s.<\/li>\n<li>Il faut mentionner de faire le 1er lavage sans shampooing et utiliser la chaleur pour la mise en plis .<\/li>\n<\/ol>\n","protected":false},"excerpt":{"rendered":"<h4><strong>Collag\u00e8ne Bio Noix de Coco Disciplinant<\/strong> combine notre technologie exclusive, qui offre des avantages fonctionnels pour les cheveux.<\/h4>\n","protected":false},"featured_media":3104,"comment_status":"open","ping_status":"closed","template":"","meta":{"_glsr_average":0,"_glsr_ranking":0,"_glsr_reviews":0},"product_cat":[85],"product_tag":[103,104,117,106,123,107,116],"yoast_head":"<!-- This site is optimized with the Yoast SEO plugin v20.10 - https:\/\/yoast.com\/wordpress\/plugins\/seo\/ -->\n<title>Collag\u00e8ne Bio Noix de Coco Disciplinant - Honma Tokyo Canada<\/title>\n<meta name=\"robots\" content=\"index, follow, max-snippet:-1, max-image-preview:large, max-video-preview:-1\" \/>\n<link rel=\"canonical\" href=\"https:\/\/honmatokyo.ca\/produit\/collagen-bio-coconut-discipline-300ml\/\" \/>\n<meta property=\"og:locale\" content=\"fr_FR\" \/>\n<meta property=\"og:type\" content=\"article\" \/>\n<meta property=\"og:title\" content=\"Collag\u00e8ne Bio Noix de Coco Disciplinant - Honma Tokyo Canada\" \/>\n<meta property=\"og:description\" content=\"Collag\u00e8ne Bio Noix de Coco Disciplinant combine notre technologie exclusive, qui offre des avantages fonctionnels pour les cheveux.\" \/>\n<meta property=\"og:url\" content=\"https:\/\/honmatokyo.ca\/produit\/collagen-bio-coconut-discipline-300ml\/\" \/>\n<meta property=\"og:site_name\" content=\"Honma Tokyo Canada\" \/>\n<meta property=\"article:modified_time\" content=\"2019-12-02T05:32:07+00:00\" \/>\n<meta property=\"og:image\" content=\"https:\/\/honmatokyo.ca\/wp-content\/uploads\/2019\/07\/COCONUT1.png\" \/>\n\t<meta property=\"og:image:width\" content=\"1208\" \/>\n\t<meta property=\"og:image:height\" content=\"916\" \/>\n\t<meta property=\"og:image:type\" content=\"image\/png\" \/>\n<meta name=\"twitter:card\" content=\"summary_large_image\" \/>\n<meta name=\"twitter:label1\" content=\"Dur\u00e9e de lecture estim\u00e9e\" \/>\n\t<meta name=\"twitter:data1\" content=\"1 minute\" \/>\n<script type=\"application\/ld+json\" class=\"yoast-schema-graph\">{\"@context\":\"https:\/\/schema.org\",\"@graph\":[{\"@type\":\"WebPage\",\"@id\":\"https:\/\/honmatokyo.ca\/produit\/collagen-bio-coconut-discipline-300ml\/\",\"url\":\"https:\/\/honmatokyo.ca\/produit\/collagen-bio-coconut-discipline-300ml\/\",\"name\":\"Collag\u00e8ne Bio Noix de Coco Disciplinant - Honma Tokyo Canada\",\"isPartOf\":{\"@id\":\"https:\/\/honmatokyo.ca\/#website\"},\"datePublished\":\"2019-07-12T02:38:19+00:00\",\"dateModified\":\"2019-12-02T05:32:07+00:00\",\"breadcrumb\":{\"@id\":\"https:\/\/honmatokyo.ca\/produit\/collagen-bio-coconut-discipline-300ml\/#breadcrumb\"},\"inLanguage\":\"fr-FR\",\"potentialAction\":[{\"@type\":\"ReadAction\",\"target\":[\"https:\/\/honmatokyo.ca\/produit\/collagen-bio-coconut-discipline-300ml\/\"]}]},{\"@type\":\"BreadcrumbList\",\"@id\":\"https:\/\/honmatokyo.ca\/produit\/collagen-bio-coconut-discipline-300ml\/#breadcrumb\",\"itemListElement\":[{\"@type\":\"ListItem\",\"position\":1,\"name\":\"Home\",\"item\":\"https:\/\/honmatokyo.ca\/fr\/\"},{\"@type\":\"ListItem\",\"position\":2,\"name\":\"Shop\",\"item\":\"https:\/\/honmatokyo.ca\/shop\/\"},{\"@type\":\"ListItem\",\"position\":3,\"name\":\"Collag\u00e8ne Bio Noix de Coco Disciplinant\"}]},{\"@type\":\"WebSite\",\"@id\":\"https:\/\/honmatokyo.ca\/#website\",\"url\":\"https:\/\/honmatokyo.ca\/\",\"name\":\"Honma Tokyo Canada\",\"description\":\"Les produits professionnels pour la transformation, traitement et entretien des cheveux\\r\\n\",\"publisher\":{\"@id\":\"https:\/\/honmatokyo.ca\/#organization\"},\"potentialAction\":[{\"@type\":\"SearchAction\",\"target\":{\"@type\":\"EntryPoint\",\"urlTemplate\":\"https:\/\/honmatokyo.ca\/?s={search_term_string}\"},\"query-input\":\"required name=search_term_string\"}],\"inLanguage\":\"fr-FR\"},{\"@type\":\"Organization\",\"@id\":\"https:\/\/honmatokyo.ca\/#organization\",\"name\":\"Honma Tokyo Canada\",\"url\":\"https:\/\/honmatokyo.ca\/\",\"logo\":{\"@type\":\"ImageObject\",\"inLanguage\":\"fr-FR\",\"@id\":\"https:\/\/honmatokyo.ca\/#\/schema\/logo\/image\/\",\"url\":\"https:\/\/honmatokyo.ca\/wp-content\/uploads\/2018\/06\/Logo-Honma.png\",\"contentUrl\":\"https:\/\/honmatokyo.ca\/wp-content\/uploads\/2018\/06\/Logo-Honma.png\",\"width\":3342,\"height\":784,\"caption\":\"Honma Tokyo Canada\"},\"image\":{\"@id\":\"https:\/\/honmatokyo.ca\/#\/schema\/logo\/image\/\"},\"sameAs\":[\"https:\/\/www.instagram.com\/honmatokyocanada\/\"]}]}<\/script>\n<!-- \/ Yoast SEO plugin. -->","yoast_head_json":{"title":"Collag\u00e8ne Bio Noix de Coco Disciplinant - Honma Tokyo Canada","robots":{"index":"index","follow":"follow","max-snippet":"max-snippet:-1","max-image-preview":"max-image-preview:large","max-video-preview":"max-video-preview:-1"},"canonical":"https:\/\/honmatokyo.ca\/produit\/collagen-bio-coconut-discipline-300ml\/","og_locale":"fr_FR","og_type":"article","og_title":"Collag\u00e8ne Bio Noix de Coco Disciplinant - Honma Tokyo Canada","og_description":"Collag\u00e8ne Bio Noix de Coco Disciplinant combine notre technologie exclusive, qui offre des avantages fonctionnels pour les cheveux.","og_url":"https:\/\/honmatokyo.ca\/produit\/collagen-bio-coconut-discipline-300ml\/","og_site_name":"Honma Tokyo Canada","article_modified_time":"2019-12-02T05:32:07+00:00","og_image":[{"width":1208,"height":916,"url":"https:\/\/honmatokyo.ca\/wp-content\/uploads\/2019\/07\/COCONUT1.png","type":"image\/png"}],"twitter_card":"summary_large_image","twitter_misc":{"Dur\u00e9e de lecture estim\u00e9e":"1 minute"},"schema":{"@context":"https:\/\/schema.org","@graph":[{"@type":"WebPage","@id":"https:\/\/honmatokyo.ca\/produit\/collagen-bio-coconut-discipline-300ml\/","url":"https:\/\/honmatokyo.ca\/produit\/collagen-bio-coconut-discipline-300ml\/","name":"Collag\u00e8ne Bio Noix de Coco Disciplinant - Honma Tokyo Canada","isPartOf":{"@id":"https:\/\/honmatokyo.ca\/#website"},"datePublished":"2019-07-12T02:38:19+00:00","dateModified":"2019-12-02T05:32:07+00:00","breadcrumb":{"@id":"https:\/\/honmatokyo.ca\/produit\/collagen-bio-coconut-discipline-300ml\/#breadcrumb"},"inLanguage":"fr-FR","potentialAction":[{"@type":"ReadAction","target":["https:\/\/honmatokyo.ca\/produit\/collagen-bio-coconut-discipline-300ml\/"]}]},{"@type":"BreadcrumbList","@id":"https:\/\/honmatokyo.ca\/produit\/collagen-bio-coconut-discipline-300ml\/#breadcrumb","itemListElement":[{"@type":"ListItem","position":1,"name":"Home","item":"https:\/\/honmatokyo.ca\/fr\/"},{"@type":"ListItem","position":2,"name":"Shop","item":"https:\/\/honmatokyo.ca\/shop\/"},{"@type":"ListItem","position":3,"name":"Collag\u00e8ne Bio Noix de Coco Disciplinant"}]},{"@type":"WebSite","@id":"https:\/\/honmatokyo.ca\/#website","url":"https:\/\/honmatokyo.ca\/","name":"Honma Tokyo Canada","description":"Les produits professionnels pour la transformation, traitement et entretien des cheveux\r\n","publisher":{"@id":"https:\/\/honmatokyo.ca\/#organization"},"potentialAction":[{"@type":"SearchAction","target":{"@type":"EntryPoint","urlTemplate":"https:\/\/honmatokyo.ca\/?s={search_term_string}"},"query-input":"required name=search_term_string"}],"inLanguage":"fr-FR"},{"@type":"Organization","@id":"https:\/\/honmatokyo.ca\/#organization","name":"Honma Tokyo Canada","url":"https:\/\/honmatokyo.ca\/","logo":{"@type":"ImageObject","inLanguage":"fr-FR","@id":"https:\/\/honmatokyo.ca\/#\/schema\/logo\/image\/","url":"https:\/\/honmatokyo.ca\/wp-content\/uploads\/2018\/06\/Logo-Honma.png","contentUrl":"https:\/\/honmatokyo.ca\/wp-content\/uploads\/2018\/06\/Logo-Honma.png","width":3342,"height":784,"caption":"Honma Tokyo Canada"},"image":{"@id":"https:\/\/honmatokyo.ca\/#\/schema\/logo\/image\/"},"sameAs":["https:\/\/www.instagram.com\/honmatokyocanada\/"]}]}},"_links":{"self":[{"href":"https:\/\/honmatokyo.ca\/fr\/wp-json\/wp\/v2\/product\/3112"}],"collection":[{"href":"https:\/\/honmatokyo.ca\/fr\/wp-json\/wp\/v2\/product"}],"about":[{"href":"https:\/\/honmatokyo.ca\/fr\/wp-json\/wp\/v2\/types\/product"}],"replies":[{"embeddable":true,"href":"https:\/\/honmatokyo.ca\/fr\/wp-json\/wp\/v2\/comments?post=3112"}],"wp:featuredmedia":[{"embeddable":true,"href":"https:\/\/honmatokyo.ca\/fr\/wp-json\/wp\/v2\/media\/3104"}],"wp:attachment":[{"href":"https:\/\/honmatokyo.ca\/fr\/wp-json\/wp\/v2\/media?parent=3112"}],"wp:term":[{"taxonomy":"product_cat","embeddable":true,"href":"https:\/\/honmatokyo.ca\/fr\/wp-json\/wp\/v2\/product_cat?post=3112"},{"taxonomy":"product_tag","embeddable":true,"href":"https:\/\/honmatokyo.ca\/fr\/wp-json\/wp\/v2\/product_tag?post=3112"}],"curies":[{"name":"wp","href":"https:\/\/api.w.org\/{rel}","templated":true}]}}